{"id":14937,"date":"2026-02-27T00:24:08","date_gmt":"2026-02-27T00:24:08","guid":{"rendered":"https:\/\/nordicmart.andreevmaster.com\/product\/vasagle-bokhylla-med-4-hyllplan-och-oppna-hyllor\/"},"modified":"2026-02-27T08:15:57","modified_gmt":"2026-02-27T08:15:57","slug":"vasagle-bokhylla-med-4-hyllplan-och-oppna-hyllor","status":"publish","type":"product","link":"https:\/\/nordicmart.andreevmaster.com\/sv\/produkt\/vasagle-bokhylla-med-4-hyllplan-och-oppna-hyllor\/","title":{"rendered":"VASAGLE bokhylla med 4 hyllplan och \u00f6ppna hyllor"},"content":{"rendered":"<p>VASAGLE hyllor, bokhylla, stativhylla, DVD-hylla, med 4 niv\u00e5er, kontorshylla, \u00f6ppna hyllor, f\u00f6r kontor, vardagsrum, sovrum, k\u00f6k, 24 x 40 x 107 cm<\/p>\n","protected":false},"excerpt":{"rendered":"<p>VASAGLE hyllor, bokhylla, stativhylla, DVD-hylla, med 4 niv\u00e5er, kontorshylla, \u00f6ppna hyllor, f\u00f6r kontor, vardagsrum, sovrum, k\u00f6k, 24 x 40 x 107 cm<\/p>\n","protected":false},"featured_media":42828,"comment_status":"open","ping_status":"closed","template":"","meta":[],"product_brand":[],"product_cat":[33],"product_tag":[],"class_list":{"0":"post-14937","1":"product","2":"type-product","3":"status-publish","4":"has-post-thumbnail","6":"product_cat-okategoriserad","8":"first","9":"instock","10":"shipping-taxable","11":"purchasable","12":"product-type-simple"},"_links":{"self":[{"href":"https:\/\/nordicmart.andreevmaster.com\/sv\/wp-json\/wp\/v2\/product\/14937","targetHints":{"allow":["GET"]}}],"collection":[{"href":"https:\/\/nordicmart.andreevmaster.com\/sv\/wp-json\/wp\/v2\/product"}],"about":[{"href":"https:\/\/nordicmart.andreevmaster.com\/sv\/wp-json\/wp\/v2\/types\/product"}],"replies":[{"embeddable":true,"href":"https:\/\/nordicmart.andreevmaster.com\/sv\/wp-json\/wp\/v2\/comments?post=14937"}],"wp:featuredmedia":[{"embeddable":true,"href":"https:\/\/nordicmart.andreevmaster.com\/sv\/wp-json\/wp\/v2\/media\/42828"}],"wp:attachment":[{"href":"https:\/\/nordicmart.andreevmaster.com\/sv\/wp-json\/wp\/v2\/media?parent=14937"}],"wp:term":[{"taxonomy":"product_brand","embeddable":true,"href":"https:\/\/nordicmart.andreevmaster.com\/sv\/wp-json\/wp\/v2\/product_brand?post=14937"},{"taxonomy":"product_cat","embeddable":true,"href":"https:\/\/nordicmart.andreevmaster.com\/sv\/wp-json\/wp\/v2\/product_cat?post=14937"},{"taxonomy":"product_tag","embeddable":true,"href":"https:\/\/nordicmart.andreevmaster.com\/sv\/wp-json\/wp\/v2\/product_tag?post=14937"}],"curies":[{"name":"wp","href":"https:\/\/api.w.org\/{rel}","templated":true}]}}