{"id":14929,"date":"2026-02-27T00:24:06","date_gmt":"2026-02-27T00:24:06","guid":{"rendered":"https:\/\/nordicmart.andreevmaster.com\/product\/vasagle-bokhylla-med-6-hyllplan-och-stalram\/"},"modified":"2026-02-27T08:15:55","modified_gmt":"2026-02-27T08:15:55","slug":"vasagle-bokhylla-med-6-hyllplan-och-stalram","status":"publish","type":"product","link":"https:\/\/nordicmart.andreevmaster.com\/sv\/produkt\/vasagle-bokhylla-med-6-hyllplan-och-stalram\/","title":{"rendered":"VASAGLE bokhylla med 6 hyllplan och st\u00e5lram"},"content":{"rendered":"<p>VASAGLE bokhylla med 6 hyllplan, f\u00f6rvaringshylla, st\u00e5lstativ, f\u00f6r vardagsrum, arbetsrum, kontor och hall, h\u00f6jd 186 cm, industriell design, vintagebrun-svart LLS062B01<br \/>\nF\u00e4rg: ebenholts-svart, bl\u00e4ksvart<br \/>\nMaterial: sp\u00e5nskiva, st\u00e5l<br \/>\nStorlek: 30 x 66 x 186 cm (D x B x H)<br \/>\nVikt: 16,5 kg<br \/>\nax. statisk belastningskapacitet per niv\u00e5: 10 kgM<br \/>\nax. statisk belastningskapacitet totalt: 60 kg<\/p>\n","protected":false},"excerpt":{"rendered":"<p>VASAGLE bokhylla med 6 hyllplan, f\u00f6rvaringshylla, st\u00e5lstativ, f\u00f6r vardagsrum, arbetsrum, kontor och hall, h\u00f6jd 186 cm, industriell design, vintagebrun-svart LLS062B01<\/p>\n","protected":false},"featured_media":42820,"comment_status":"open","ping_status":"closed","template":"","meta":[],"product_brand":[],"product_cat":[33],"product_tag":[],"class_list":{"0":"post-14929","1":"product","2":"type-product","3":"status-publish","4":"has-post-thumbnail","6":"product_cat-okategoriserad","8":"first","9":"instock","10":"shipping-taxable","11":"purchasable","12":"product-type-simple"},"_links":{"self":[{"href":"https:\/\/nordicmart.andreevmaster.com\/sv\/wp-json\/wp\/v2\/product\/14929","targetHints":{"allow":["GET"]}}],"collection":[{"href":"https:\/\/nordicmart.andreevmaster.com\/sv\/wp-json\/wp\/v2\/product"}],"about":[{"href":"https:\/\/nordicmart.andreevmaster.com\/sv\/wp-json\/wp\/v2\/types\/product"}],"replies":[{"embeddable":true,"href":"https:\/\/nordicmart.andreevmaster.com\/sv\/wp-json\/wp\/v2\/comments?post=14929"}],"wp:featuredmedia":[{"embeddable":true,"href":"https:\/\/nordicmart.andreevmaster.com\/sv\/wp-json\/wp\/v2\/media\/42820"}],"wp:attachment":[{"href":"https:\/\/nordicmart.andreevmaster.com\/sv\/wp-json\/wp\/v2\/media?parent=14929"}],"wp:term":[{"taxonomy":"product_brand","embeddable":true,"href":"https:\/\/nordicmart.andreevmaster.com\/sv\/wp-json\/wp\/v2\/product_brand?post=14929"},{"taxonomy":"product_cat","embeddable":true,"href":"https:\/\/nordicmart.andreevmaster.com\/sv\/wp-json\/wp\/v2\/product_cat?post=14929"},{"taxonomy":"product_tag","embeddable":true,"href":"https:\/\/nordicmart.andreevmaster.com\/sv\/wp-json\/wp\/v2\/product_tag?post=14929"}],"curies":[{"name":"wp","href":"https:\/\/api.w.org\/{rel}","templated":true}]}}