{"id":14924,"date":"2026-02-27T00:24:04","date_gmt":"2026-02-27T00:24:04","guid":{"rendered":"https:\/\/nordicmart.andreevmaster.com\/product\/vasagle-stabilt-stativ-med-5-hyllplan\/"},"modified":"2026-02-27T08:15:54","modified_gmt":"2026-02-27T08:15:54","slug":"vasagle-stabilt-stativ-med-5-hyllplan","status":"publish","type":"product","link":"https:\/\/nordicmart.andreevmaster.com\/sv\/produkt\/vasagle-stabilt-stativ-med-5-hyllplan\/","title":{"rendered":"VASAGLE Stabilt stativ med 5 hyllplan"},"content":{"rendered":"<p>Enkelt och funktionellt F\u00f6r alla som letar efter ett enkelt stativ som inte stj\u00e4l uppm\u00e4rksamheten fr\u00e5n dina b\u00f6cker. Passar alla rum Vill du placera detta hyllsystem i vintage-stil i vardagsrummet, arbetsrummet eller sovrummet? Det \u00e4r upp till dig! Stabilitet \u00e4r A och O De justerbara f\u00f6tterna ger hyllan god stabilitet och g\u00f6r att den st\u00e5r stadigt \u00e4ven p\u00e5 oj\u00e4mna golv. F\u00f6rvaringsutrymme? Ju mer, desto b\u00e4ttre! Denna bokhylla har 5 hyllplan och erbjuder tillr\u00e4ckligt med f\u00f6rvaringsutrymme f\u00f6r dina b\u00f6cker och dekorationer. Produktdetaljer: F\u00e4rg: Greige-svart Material: Sp\u00e5nskiva, st\u00e5l Storlek: 105 x 33,5 x 177,5 cm (L x B x H) Avst\u00e5nd mellan de enskilda hyllplan: 36 cm Vikt: 23 kg Max. belastningskapacitet per hyllplan: 30 kgLeveransomfattning:1 x bokhylla1 x tillbeh\u00f6rspaket1 x insexnyckel1 x bruksanvisning (DE, EN, FR, ES, IT)VASAGLE Anm\u00e4rkningar:Placera produkten p\u00e5 en torr plats inomhus.Den maximala belastningskapaciteten f\u00f6r en hyllplan \u00e4r 30 kg. Placera inte tyngre f\u00f6rem\u00e5l p\u00e5 produkten. Anv\u00e4nd det medf\u00f6ljande tippskyddet.<\/p>\n","protected":false},"excerpt":{"rendered":"<p>VASAGLE bokhylla, stabilt stativ med 5 hyllplan, vardagsrumshylla i industriell design, enkel montering, vardagsrum, sovrum, kontor, greige-svart LLS055B02<\/p>\n","protected":false},"featured_media":42815,"comment_status":"open","ping_status":"closed","template":"","meta":[],"product_brand":[],"product_cat":[33],"product_tag":[],"class_list":{"0":"post-14924","1":"product","2":"type-product","3":"status-publish","4":"has-post-thumbnail","6":"product_cat-okategoriserad","8":"first","9":"instock","10":"shipping-taxable","11":"purchasable","12":"product-type-simple"},"_links":{"self":[{"href":"https:\/\/nordicmart.andreevmaster.com\/sv\/wp-json\/wp\/v2\/product\/14924","targetHints":{"allow":["GET"]}}],"collection":[{"href":"https:\/\/nordicmart.andreevmaster.com\/sv\/wp-json\/wp\/v2\/product"}],"about":[{"href":"https:\/\/nordicmart.andreevmaster.com\/sv\/wp-json\/wp\/v2\/types\/product"}],"replies":[{"embeddable":true,"href":"https:\/\/nordicmart.andreevmaster.com\/sv\/wp-json\/wp\/v2\/comments?post=14924"}],"wp:featuredmedia":[{"embeddable":true,"href":"https:\/\/nordicmart.andreevmaster.com\/sv\/wp-json\/wp\/v2\/media\/42815"}],"wp:attachment":[{"href":"https:\/\/nordicmart.andreevmaster.com\/sv\/wp-json\/wp\/v2\/media?parent=14924"}],"wp:term":[{"taxonomy":"product_brand","embeddable":true,"href":"https:\/\/nordicmart.andreevmaster.com\/sv\/wp-json\/wp\/v2\/product_brand?post=14924"},{"taxonomy":"product_cat","embeddable":true,"href":"https:\/\/nordicmart.andreevmaster.com\/sv\/wp-json\/wp\/v2\/product_cat?post=14924"},{"taxonomy":"product_tag","embeddable":true,"href":"https:\/\/nordicmart.andreevmaster.com\/sv\/wp-json\/wp\/v2\/product_tag?post=14924"}],"curies":[{"name":"wp","href":"https:\/\/api.w.org\/{rel}","templated":true}]}}