{"id":14918,"date":"2026-02-27T00:24:02","date_gmt":"2026-02-27T00:24:02","guid":{"rendered":"https:\/\/nordicmart.andreevmaster.com\/product\/vasagle-bokhylla-5-hyllplan-industriell-naturfargad-ek-mattvit\/"},"modified":"2026-02-27T08:15:53","modified_gmt":"2026-02-27T08:15:53","slug":"vasagle-bokhylla-5-hyllplan-industriell-naturfargad-ek-mattvit","status":"publish","type":"product","link":"https:\/\/nordicmart.andreevmaster.com\/sv\/produkt\/vasagle-bokhylla-5-hyllplan-industriell-naturfargad-ek-mattvit\/","title":{"rendered":"VASAGLE Bokhylla 5 hyllplan industriell naturf\u00e4rgad ek mattvit"},"content":{"rendered":"<p>VASAGLE h\u00f6rnhylla, bokhylla med 5 hyllplan, stege, f\u00f6rvaringshylla, v\u00e4xtst\u00e4ll f\u00f6r vardagsrum, industriell design, med st\u00e5lram, antracitgr\u00e5-matt svart LLS035B02<br \/>\nF\u00e4rg: Naturlig ekf\u00e4rg-mattvit<br \/>\nMaterial: sp\u00e5nskiva, st\u00e5l<br \/>\nStorlek: 37,2 x 37,2 x 159 cm (D x B x H)<br \/>\nVikt: 7,1 kg<br \/>\nMax. statisk belastningskapacitet per hylla: 5 kg<\/p>\n","protected":false},"excerpt":{"rendered":"<p>VASAGLE h\u00f6rnhylla, bokhylla med 5 hyllplan, stege, f\u00f6rvaringshylla, v\u00e4xtst\u00e4ll f\u00f6r vardagsrum, industriell design, med st\u00e5lram, antracitgr\u00e5-matt svart LLS035B02<\/p>\n","protected":false},"featured_media":0,"comment_status":"open","ping_status":"closed","template":"","meta":[],"product_brand":[],"product_cat":[33],"product_tag":[],"class_list":{"0":"post-14918","1":"product","2":"type-product","3":"status-publish","5":"product_cat-okategoriserad","7":"first","8":"instock","9":"shipping-taxable","10":"purchasable","11":"product-type-simple"},"_links":{"self":[{"href":"https:\/\/nordicmart.andreevmaster.com\/sv\/wp-json\/wp\/v2\/product\/14918","targetHints":{"allow":["GET"]}}],"collection":[{"href":"https:\/\/nordicmart.andreevmaster.com\/sv\/wp-json\/wp\/v2\/product"}],"about":[{"href":"https:\/\/nordicmart.andreevmaster.com\/sv\/wp-json\/wp\/v2\/types\/product"}],"replies":[{"embeddable":true,"href":"https:\/\/nordicmart.andreevmaster.com\/sv\/wp-json\/wp\/v2\/comments?post=14918"}],"wp:attachment":[{"href":"https:\/\/nordicmart.andreevmaster.com\/sv\/wp-json\/wp\/v2\/media?parent=14918"}],"wp:term":[{"taxonomy":"product_brand","embeddable":true,"href":"https:\/\/nordicmart.andreevmaster.com\/sv\/wp-json\/wp\/v2\/product_brand?post=14918"},{"taxonomy":"product_cat","embeddable":true,"href":"https:\/\/nordicmart.andreevmaster.com\/sv\/wp-json\/wp\/v2\/product_cat?post=14918"},{"taxonomy":"product_tag","embeddable":true,"href":"https:\/\/nordicmart.andreevmaster.com\/sv\/wp-json\/wp\/v2\/product_tag?post=14918"}],"curies":[{"name":"wp","href":"https:\/\/api.w.org\/{rel}","templated":true}]}}