{"id":14917,"date":"2026-02-27T00:24:02","date_gmt":"2026-02-27T00:24:02","guid":{"rendered":"https:\/\/nordicmart.andreevmaster.com\/product\/vasagle-bokhylla-5-hyllplan-industriell-antracitgra-matt-svart\/"},"modified":"2026-02-27T08:15:53","modified_gmt":"2026-02-27T08:15:53","slug":"vasagle-bokhylla-5-hyllplan-industriell-antracitgra-matt-svart","status":"publish","type":"product","link":"https:\/\/nordicmart.andreevmaster.com\/sv\/produkt\/vasagle-bokhylla-5-hyllplan-industriell-antracitgra-matt-svart\/","title":{"rendered":"VASAGLE Bokhylla 5 hyllplan industriell antracitgr\u00e5-matt svart"},"content":{"rendered":"<p>VASAGLE h\u00f6rnhylla, bokhylla med 5 hyllplan, stege, f\u00f6rvaringshylla, v\u00e4xtst\u00e4ll f\u00f6r vardagsrum, industriell design, med st\u00e5lram, antracitgr\u00e5-matt svart LLS035B02<br \/>\nF\u00e4rg: Antracitgr\u00e5-matt svart<br \/>\nMaterial: sp\u00e5nskiva, st\u00e5l<br \/>\nStorlek: 37,2 x 37,2 x 159 cm (D x B x H)<br \/>\nVikt: 7,1 kg<br \/>\nMax. statisk belastningskapacitet per hylla: 5 kg<\/p>\n","protected":false},"excerpt":{"rendered":"<p>VASAGLE h\u00f6rnhylla, bokhylla med 5 hyllplan, stege, f\u00f6rvaringshylla, v\u00e4xtst\u00e4ll f\u00f6r vardagsrum, industriell design, med st\u00e5lram, antracitgr\u00e5-matt svart LLS035B02<\/p>\n","protected":false},"featured_media":42809,"comment_status":"open","ping_status":"closed","template":"","meta":[],"product_brand":[],"product_cat":[33],"product_tag":[],"class_list":{"0":"post-14917","1":"product","2":"type-product","3":"status-publish","4":"has-post-thumbnail","6":"product_cat-okategoriserad","8":"first","9":"instock","10":"shipping-taxable","11":"purchasable","12":"product-type-simple"},"_links":{"self":[{"href":"https:\/\/nordicmart.andreevmaster.com\/sv\/wp-json\/wp\/v2\/product\/14917","targetHints":{"allow":["GET"]}}],"collection":[{"href":"https:\/\/nordicmart.andreevmaster.com\/sv\/wp-json\/wp\/v2\/product"}],"about":[{"href":"https:\/\/nordicmart.andreevmaster.com\/sv\/wp-json\/wp\/v2\/types\/product"}],"replies":[{"embeddable":true,"href":"https:\/\/nordicmart.andreevmaster.com\/sv\/wp-json\/wp\/v2\/comments?post=14917"}],"wp:featuredmedia":[{"embeddable":true,"href":"https:\/\/nordicmart.andreevmaster.com\/sv\/wp-json\/wp\/v2\/media\/42809"}],"wp:attachment":[{"href":"https:\/\/nordicmart.andreevmaster.com\/sv\/wp-json\/wp\/v2\/media?parent=14917"}],"wp:term":[{"taxonomy":"product_brand","embeddable":true,"href":"https:\/\/nordicmart.andreevmaster.com\/sv\/wp-json\/wp\/v2\/product_brand?post=14917"},{"taxonomy":"product_cat","embeddable":true,"href":"https:\/\/nordicmart.andreevmaster.com\/sv\/wp-json\/wp\/v2\/product_cat?post=14917"},{"taxonomy":"product_tag","embeddable":true,"href":"https:\/\/nordicmart.andreevmaster.com\/sv\/wp-json\/wp\/v2\/product_tag?post=14917"}],"curies":[{"name":"wp","href":"https:\/\/api.w.org\/{rel}","templated":true}]}}