{"id":14914,"date":"2026-02-27T00:24:01","date_gmt":"2026-02-27T00:24:01","guid":{"rendered":"https:\/\/nordicmart.andreevmaster.com\/product\/vasagle-hornhylla-med-4-hyllplan-antracitgra-matt-svart\/"},"modified":"2026-02-27T08:15:52","modified_gmt":"2026-02-27T08:15:52","slug":"vasagle-hornhylla-med-4-hyllplan-antracitgra-matt-svart","status":"publish","type":"product","link":"https:\/\/nordicmart.andreevmaster.com\/sv\/produkt\/vasagle-hornhylla-med-4-hyllplan-antracitgra-matt-svart\/","title":{"rendered":"VASAGLE h\u00f6rnhylla med 4 hyllplan, antracitgr\u00e5-matt svart"},"content":{"rendered":"<p>VASAGLE h\u00f6rnhylla, bokhylla med 4 hyllplan, stege, f\u00f6rvaringshylla, v\u00e4xtst\u00e4ll f\u00f6r vardagsrum, industriell design, med st\u00e5lram, greige-svart LLS034M01<br \/>\nF\u00e4rg: antracitgr\u00e5-matt svart<br \/>\nMaterial: sp\u00e5nskiva, st\u00e5l<br \/>\nStorlek: 33,4 x 33,4 x 125 cm (D x B x H)<br \/>\nVikt: 5,5 kg<br \/>\nMax. statisk belastningskapacitet per hylla: 5 kg<\/p>\n","protected":false},"excerpt":{"rendered":"<p>VASAGLE h\u00f6rnhylla, bokhylla med 4 hyllplan, stege, f\u00f6rvaringshylla, v\u00e4xtst\u00e4ll f\u00f6r vardagsrum, industriell design, med st\u00e5lram, greige-svart LLS034M01<\/p>\n","protected":false},"featured_media":42806,"comment_status":"open","ping_status":"closed","template":"","meta":[],"product_brand":[],"product_cat":[33],"product_tag":[],"class_list":{"0":"post-14914","1":"product","2":"type-product","3":"status-publish","4":"has-post-thumbnail","6":"product_cat-okategoriserad","8":"first","9":"instock","10":"shipping-taxable","11":"purchasable","12":"product-type-simple"},"_links":{"self":[{"href":"https:\/\/nordicmart.andreevmaster.com\/sv\/wp-json\/wp\/v2\/product\/14914","targetHints":{"allow":["GET"]}}],"collection":[{"href":"https:\/\/nordicmart.andreevmaster.com\/sv\/wp-json\/wp\/v2\/product"}],"about":[{"href":"https:\/\/nordicmart.andreevmaster.com\/sv\/wp-json\/wp\/v2\/types\/product"}],"replies":[{"embeddable":true,"href":"https:\/\/nordicmart.andreevmaster.com\/sv\/wp-json\/wp\/v2\/comments?post=14914"}],"wp:featuredmedia":[{"embeddable":true,"href":"https:\/\/nordicmart.andreevmaster.com\/sv\/wp-json\/wp\/v2\/media\/42806"}],"wp:attachment":[{"href":"https:\/\/nordicmart.andreevmaster.com\/sv\/wp-json\/wp\/v2\/media?parent=14914"}],"wp:term":[{"taxonomy":"product_brand","embeddable":true,"href":"https:\/\/nordicmart.andreevmaster.com\/sv\/wp-json\/wp\/v2\/product_brand?post=14914"},{"taxonomy":"product_cat","embeddable":true,"href":"https:\/\/nordicmart.andreevmaster.com\/sv\/wp-json\/wp\/v2\/product_cat?post=14914"},{"taxonomy":"product_tag","embeddable":true,"href":"https:\/\/nordicmart.andreevmaster.com\/sv\/wp-json\/wp\/v2\/product_tag?post=14914"}],"curies":[{"name":"wp","href":"https:\/\/api.w.org\/{rel}","templated":true}]}}