{"id":14913,"date":"2026-02-27T00:24:01","date_gmt":"2026-02-27T00:24:01","guid":{"rendered":"https:\/\/nordicmart.andreevmaster.com\/product\/vasagle-stallning-med-4-oppna-hyllplan\/"},"modified":"2026-02-27T08:15:52","modified_gmt":"2026-02-27T08:15:52","slug":"vasagle-stallning-med-4-oppna-hyllplan","status":"publish","type":"product","link":"https:\/\/nordicmart.andreevmaster.com\/sv\/produkt\/vasagle-stallning-med-4-oppna-hyllplan\/","title":{"rendered":"VASAGLE St\u00e4llning med 4 \u00f6ppna hyllplan"},"content":{"rendered":"<p>Produktdetaljer: F\u00e4rg: Vintagebrun-svart Material: Sp\u00e5nskiva, st\u00e5l Storlek: 60 x 30 x 133 cm (L x B x H) Avst\u00e5nd mellan hyllplan: 37 cm Hyllplanens tjocklek: 1,5 cm Vikt: 14 kg Max. statisk belastningskapacitet per hyllplan: 20 kgLeveransomfattning:1 x bokhylla1 x tillbeh\u00f6rspaket1 x tippskydd1 x instruktioner (DE, EN, ES, FR, IT)VASAGLE Anm\u00e4rkningar:Av s\u00e4kerhetssk\u00e4l \u00e4r det f\u00f6rbjudet f\u00f6r barn att kl\u00e4ttra p\u00e5 eller leka med produkten.F\u00e4st denna produkt p\u00e5 v\u00e4ggen med det medf\u00f6ljande tippskyddet.<\/p>\n","protected":false},"excerpt":{"rendered":"<p>VASAGLE bokhylla, stativhylla, stege, k\u00f6kshylla med 4 \u00f6ppna hyllplan, hall, k\u00f6k, kontor, stabil st\u00e5lram, industriell design, vintagebrun-svart LLS030B01<\/p>\n","protected":false},"featured_media":42805,"comment_status":"open","ping_status":"closed","template":"","meta":[],"product_brand":[],"product_cat":[33],"product_tag":[],"class_list":{"0":"post-14913","1":"product","2":"type-product","3":"status-publish","4":"has-post-thumbnail","6":"product_cat-okategoriserad","8":"first","9":"instock","10":"shipping-taxable","11":"purchasable","12":"product-type-simple"},"_links":{"self":[{"href":"https:\/\/nordicmart.andreevmaster.com\/sv\/wp-json\/wp\/v2\/product\/14913","targetHints":{"allow":["GET"]}}],"collection":[{"href":"https:\/\/nordicmart.andreevmaster.com\/sv\/wp-json\/wp\/v2\/product"}],"about":[{"href":"https:\/\/nordicmart.andreevmaster.com\/sv\/wp-json\/wp\/v2\/types\/product"}],"replies":[{"embeddable":true,"href":"https:\/\/nordicmart.andreevmaster.com\/sv\/wp-json\/wp\/v2\/comments?post=14913"}],"wp:featuredmedia":[{"embeddable":true,"href":"https:\/\/nordicmart.andreevmaster.com\/sv\/wp-json\/wp\/v2\/media\/42805"}],"wp:attachment":[{"href":"https:\/\/nordicmart.andreevmaster.com\/sv\/wp-json\/wp\/v2\/media?parent=14913"}],"wp:term":[{"taxonomy":"product_brand","embeddable":true,"href":"https:\/\/nordicmart.andreevmaster.com\/sv\/wp-json\/wp\/v2\/product_brand?post=14913"},{"taxonomy":"product_cat","embeddable":true,"href":"https:\/\/nordicmart.andreevmaster.com\/sv\/wp-json\/wp\/v2\/product_cat?post=14913"},{"taxonomy":"product_tag","embeddable":true,"href":"https:\/\/nordicmart.andreevmaster.com\/sv\/wp-json\/wp\/v2\/product_tag?post=14913"}],"curies":[{"name":"wp","href":"https:\/\/api.w.org\/{rel}","templated":true}]}}