{"id":14909,"date":"2026-02-27T00:24:00","date_gmt":"2026-02-27T00:24:00","guid":{"rendered":"https:\/\/nordicmart.andreevmaster.com\/product\/vasagle-handdukshangare-med-3-stanger-black-svart-ebenholts-svart\/"},"modified":"2026-02-27T08:15:51","modified_gmt":"2026-02-27T08:15:51","slug":"vasagle-handdukshangare-med-3-stanger-black-svart-ebenholts-svart","status":"publish","type":"product","link":"https:\/\/nordicmart.andreevmaster.com\/sv\/produkt\/vasagle-handdukshangare-med-3-stanger-black-svart-ebenholts-svart\/","title":{"rendered":"VASAGLE handduksh\u00e4ngare med 3 st\u00e4nger bl\u00e4ck svart-ebenholts svart"},"content":{"rendered":"<p>VASAGLE Handduksh\u00e4ngare, st\u00e5ende, handduksst\u00e4ll med 3 st\u00e4nger, 70 x 30 x 100 cm, 2 krokar, hylla, f\u00f6r handdukar, badlakan, molnvit-naturbeige LLS019W01<br \/>\nF\u00e4rg: Bl\u00e4ksvart-ebenholtsvart<br \/>\nMaterial: metall, sp\u00e5nskiva<br \/>\nStorlek: 70 x 30 x 100 cm (L x B x H)<br \/>\nVikt: 4,7 kg<br \/>\nMax. statisk belastningskapacitet f\u00f6r varje st\u00e5ng: 20 kg<br \/>\nMax. statisk belastningskapacitet f\u00f6r den nedre hyllan: 20 kg<\/p>\n","protected":false},"excerpt":{"rendered":"<p>VASAGLE Handduksh\u00e4ngare, st\u00e5ende, handduksst\u00e4ll med 3 st\u00e4nger, 70 x 30 x 100 cm, 2 krokar, hylla, f\u00f6r handdukar, badlakan, molnvit-naturbeige LLS019W01<\/p>\n","protected":false},"featured_media":42801,"comment_status":"open","ping_status":"closed","template":"","meta":[],"product_brand":[],"product_cat":[33],"product_tag":[],"class_list":{"0":"post-14909","1":"product","2":"type-product","3":"status-publish","4":"has-post-thumbnail","6":"product_cat-okategoriserad","8":"first","9":"instock","10":"shipping-taxable","11":"purchasable","12":"product-type-simple"},"_links":{"self":[{"href":"https:\/\/nordicmart.andreevmaster.com\/sv\/wp-json\/wp\/v2\/product\/14909","targetHints":{"allow":["GET"]}}],"collection":[{"href":"https:\/\/nordicmart.andreevmaster.com\/sv\/wp-json\/wp\/v2\/product"}],"about":[{"href":"https:\/\/nordicmart.andreevmaster.com\/sv\/wp-json\/wp\/v2\/types\/product"}],"replies":[{"embeddable":true,"href":"https:\/\/nordicmart.andreevmaster.com\/sv\/wp-json\/wp\/v2\/comments?post=14909"}],"wp:featuredmedia":[{"embeddable":true,"href":"https:\/\/nordicmart.andreevmaster.com\/sv\/wp-json\/wp\/v2\/media\/42801"}],"wp:attachment":[{"href":"https:\/\/nordicmart.andreevmaster.com\/sv\/wp-json\/wp\/v2\/media?parent=14909"}],"wp:term":[{"taxonomy":"product_brand","embeddable":true,"href":"https:\/\/nordicmart.andreevmaster.com\/sv\/wp-json\/wp\/v2\/product_brand?post=14909"},{"taxonomy":"product_cat","embeddable":true,"href":"https:\/\/nordicmart.andreevmaster.com\/sv\/wp-json\/wp\/v2\/product_cat?post=14909"},{"taxonomy":"product_tag","embeddable":true,"href":"https:\/\/nordicmart.andreevmaster.com\/sv\/wp-json\/wp\/v2\/product_tag?post=14909"}],"curies":[{"name":"wp","href":"https:\/\/api.w.org\/{rel}","templated":true}]}}