{"id":14905,"date":"2026-02-27T00:23:59","date_gmt":"2026-02-27T00:23:59","guid":{"rendered":"https:\/\/nordicmart.andreevmaster.com\/product\/songmics-torkstallning-hopfallbar-kompakt\/"},"modified":"2026-02-27T08:15:50","modified_gmt":"2026-02-27T08:15:50","slug":"songmics-torkstallning-hopfallbar-kompakt","status":"publish","type":"product","link":"https:\/\/nordicmart.andreevmaster.com\/sv\/produkt\/songmics-torkstallning-hopfallbar-kompakt\/","title":{"rendered":"SONGMICS Torkst\u00e4llning, hopf\u00e4llbar, kompakt"},"content":{"rendered":"<p>Torkst\u00e4llning, hopf\u00e4llbar, kompakt, platsbesparande, st\u00e5lram, 37 x 75 x 135,1 cm, f\u00f6r inomhus- och utomhusbruk, vit<br \/>\nProduktdetaljer:<br \/>\n&#8211; F\u00e4rg: Vit<br \/>\n&#8211; Material: st\u00e5l, PP (polypropen)<br \/>\n&#8211; Storlek utf\u00e4lld: 37 x 75 x 135,1 cm (D x B x H)<br \/>\n&#8211; Storlek hopf\u00e4lld: 10 x 54 x 75 cm (D x B x H)<br \/>\n&#8211; Vikt: 2,2 kg<br \/>\n&#8211; Max. statisk totalbelastning: 7 kg<\/p>\n<p>Leveransomfattning:<br \/>\n&#8211; 1 x torkst\u00e4llning<br \/>\n&#8211; 1 x tillbeh\u00f6rspaket<br \/>\n&#8211; 1 x bruksanvisning<\/p>\n<p>Anm\u00e4rkningar:<br \/>\n&#8211; Torkst\u00e4llningens maximala belastningskapacitet \u00e4r 7 kg. \u00d6verskrid inte denna maximala vikt.<br \/>\n&#8211; F\u00f6rdela kl\u00e4dernas vikt j\u00e4mnt \u00f6ver torkst\u00e4llningen f\u00f6r att h\u00e5lla den i balans.<br \/>\n&#8211; Se till att torkst\u00e4llningen st\u00e5r p\u00e5 ett plant underlag innan du anv\u00e4nder den. Annars kan den v\u00e4lta, vilket kan leda till skador eller skador p\u00e5 st\u00e4llningen.<\/p>\n","protected":false},"excerpt":{"rendered":"<p>Torkst\u00e4llning, hopf\u00e4llbar, kompakt, platsbesparande, st\u00e5lram, 37 x 75 x 135,1 cm, f\u00f6r inomhus- och utomhusbruk, vit<\/p>\n","protected":false},"featured_media":42797,"comment_status":"open","ping_status":"closed","template":"","meta":[],"product_brand":[],"product_cat":[33],"product_tag":[],"class_list":{"0":"post-14905","1":"product","2":"type-product","3":"status-publish","4":"has-post-thumbnail","6":"product_cat-okategoriserad","8":"first","9":"instock","10":"shipping-taxable","11":"purchasable","12":"product-type-simple"},"_links":{"self":[{"href":"https:\/\/nordicmart.andreevmaster.com\/sv\/wp-json\/wp\/v2\/product\/14905","targetHints":{"allow":["GET"]}}],"collection":[{"href":"https:\/\/nordicmart.andreevmaster.com\/sv\/wp-json\/wp\/v2\/product"}],"about":[{"href":"https:\/\/nordicmart.andreevmaster.com\/sv\/wp-json\/wp\/v2\/types\/product"}],"replies":[{"embeddable":true,"href":"https:\/\/nordicmart.andreevmaster.com\/sv\/wp-json\/wp\/v2\/comments?post=14905"}],"wp:featuredmedia":[{"embeddable":true,"href":"https:\/\/nordicmart.andreevmaster.com\/sv\/wp-json\/wp\/v2\/media\/42797"}],"wp:attachment":[{"href":"https:\/\/nordicmart.andreevmaster.com\/sv\/wp-json\/wp\/v2\/media?parent=14905"}],"wp:term":[{"taxonomy":"product_brand","embeddable":true,"href":"https:\/\/nordicmart.andreevmaster.com\/sv\/wp-json\/wp\/v2\/product_brand?post=14905"},{"taxonomy":"product_cat","embeddable":true,"href":"https:\/\/nordicmart.andreevmaster.com\/sv\/wp-json\/wp\/v2\/product_cat?post=14905"},{"taxonomy":"product_tag","embeddable":true,"href":"https:\/\/nordicmart.andreevmaster.com\/sv\/wp-json\/wp\/v2\/product_tag?post=14905"}],"curies":[{"name":"wp","href":"https:\/\/api.w.org\/{rel}","templated":true}]}}