{"id":14902,"date":"2026-02-27T00:23:58","date_gmt":"2026-02-27T00:23:58","guid":{"rendered":"https:\/\/nordicmart.andreevmaster.com\/product\/songmics-torkstallning-4-nivaer-med-fallbara-vingar-och-hjul-gra\/"},"modified":"2026-02-27T08:15:49","modified_gmt":"2026-02-27T08:15:49","slug":"songmics-torkstallning-4-nivaer-med-fallbara-vingar-och-hjul-gra","status":"publish","type":"product","link":"https:\/\/nordicmart.andreevmaster.com\/sv\/produkt\/songmics-torkstallning-4-nivaer-med-fallbara-vingar-och-hjul-gra\/","title":{"rendered":"SONGMICS Torkst\u00e4llning 4 niv\u00e5er med f\u00e4llbara vingar och hjul, gr\u00e5"},"content":{"rendered":"<p>Torkst\u00e4llning, stativtork 4 niv\u00e5er, vikbar torkst\u00e4llning, med hjul, 63,5 x 128 x 173 cm, f\u00f6r inomhus- och utomhusbruk, bl\u00e4ck svart<br \/>\n&#8211; F\u00e4rg: Gr\u00e5<br \/>\n&#8211; Material: St\u00e5l, plast<br \/>\n&#8211; M\u00e5tt:<br \/>\n&#8211; Total storlek i utf\u00e4llt l\u00e4ge: 63,5 x 128 x 173 cm<br \/>\n&#8211; Total storlek i hopf\u00e4llt l\u00e4ge: 49 x 76 x 173 cm<br \/>\n&#8211; Bas: 49 x 76 cm<br \/>\n&#8211; Storlek per niv\u00e5 n\u00e4r vingarna \u00e4r utf\u00e4llda: 63,5 x 73,5 cm<br \/>\n&#8211; Storlek per v\u00e5ning n\u00e4r vingarna \u00e4r hopf\u00e4llda: 21,5 x 73,5 cm<br \/>\n&#8211; Produktvikt: 9,7 lb (4,4 kg)<br \/>\n&#8211; Max. total statisk lastkapacitet: 35 kg<\/p>\n","protected":false},"excerpt":{"rendered":"<p>Torkst\u00e4llning, stativtork 4 niv\u00e5er, vikbar torkst\u00e4llning, med hjul, 63,5 x 128 x 173 cm, f\u00f6r inomhus- och utomhusbruk, bl\u00e4ck svart<\/p>\n","protected":false},"featured_media":42794,"comment_status":"open","ping_status":"closed","template":"","meta":[],"product_brand":[],"product_cat":[33],"product_tag":[],"class_list":{"0":"post-14902","1":"product","2":"type-product","3":"status-publish","4":"has-post-thumbnail","6":"product_cat-okategoriserad","8":"first","9":"instock","10":"shipping-taxable","11":"purchasable","12":"product-type-simple"},"_links":{"self":[{"href":"https:\/\/nordicmart.andreevmaster.com\/sv\/wp-json\/wp\/v2\/product\/14902","targetHints":{"allow":["GET"]}}],"collection":[{"href":"https:\/\/nordicmart.andreevmaster.com\/sv\/wp-json\/wp\/v2\/product"}],"about":[{"href":"https:\/\/nordicmart.andreevmaster.com\/sv\/wp-json\/wp\/v2\/types\/product"}],"replies":[{"embeddable":true,"href":"https:\/\/nordicmart.andreevmaster.com\/sv\/wp-json\/wp\/v2\/comments?post=14902"}],"wp:featuredmedia":[{"embeddable":true,"href":"https:\/\/nordicmart.andreevmaster.com\/sv\/wp-json\/wp\/v2\/media\/42794"}],"wp:attachment":[{"href":"https:\/\/nordicmart.andreevmaster.com\/sv\/wp-json\/wp\/v2\/media?parent=14902"}],"wp:term":[{"taxonomy":"product_brand","embeddable":true,"href":"https:\/\/nordicmart.andreevmaster.com\/sv\/wp-json\/wp\/v2\/product_brand?post=14902"},{"taxonomy":"product_cat","embeddable":true,"href":"https:\/\/nordicmart.andreevmaster.com\/sv\/wp-json\/wp\/v2\/product_cat?post=14902"},{"taxonomy":"product_tag","embeddable":true,"href":"https:\/\/nordicmart.andreevmaster.com\/sv\/wp-json\/wp\/v2\/product_tag?post=14902"}],"curies":[{"name":"wp","href":"https:\/\/api.w.org\/{rel}","templated":true}]}}