{"id":14899,"date":"2026-02-27T00:23:57","date_gmt":"2026-02-27T00:23:57","guid":{"rendered":"https:\/\/nordicmart.andreevmaster.com\/product\/songmics-torkstallning-platsbesparande-stativtork-hopfallbar-torkstallning\/"},"modified":"2026-02-27T08:15:49","modified_gmt":"2026-02-27T08:15:49","slug":"songmics-torkstallning-platsbesparande-stativtork-hopfallbar-torkstallning","status":"publish","type":"product","link":"https:\/\/nordicmart.andreevmaster.com\/sv\/produkt\/songmics-torkstallning-platsbesparande-stativtork-hopfallbar-torkstallning\/","title":{"rendered":"SONGMICS Torkst\u00e4llning, platsbesparande stativtork, hopf\u00e4llbar torkst\u00e4llning"},"content":{"rendered":"<p>Torkst\u00e4ll, platsbesparande stativtork, hopf\u00e4llbart torkst\u00e4ll, 56,5 x 173 x 96,5 cm, torkst\u00e4ll med strumph\u00e5llare, vitt<br \/>\nProduktdetaljer:<br \/>\n&#8211; F\u00e4rg: Gr\u00e5<br \/>\n&#8211; Material: st\u00e5l, PP-plast<br \/>\n&#8211; Storlek p\u00e5 stativet i uppf\u00e4llt l\u00e4ge: 56,5 x 173 x 96,5 cm (D x B x H)<br \/>\n&#8211; Storlek p\u00e5 torkst\u00e4llningen i hopf\u00e4lldt l\u00e4ge: 62 x 104,5 x 7 cm (D x B x H)<br \/>\n&#8211; Vikt: 4 kg<br \/>\n&#8211; Max. total statisk belastningskapacitet: 18 kg<\/p>\n<p>Leveransomfattning:<br \/>\n&#8211; 1 x kl\u00e4dst\u00e4llning<br \/>\n&#8211; 1 x tillbeh\u00f6rspaket<br \/>\n&#8211; 1 x bruksanvisning<\/p>\n<p>Anm\u00e4rkningar:<br \/>\n&#8211; Torkst\u00e4llningens maximala belastningskapacitet \u00e4r 18 kg. \u00d6verskrid inte denna maximala vikt.<br \/>\n&#8211; F\u00f6rdela vikten p\u00e5 dina kl\u00e4der j\u00e4mnt \u00f6ver torkst\u00e4llningen f\u00f6r att h\u00e5lla den i balans.<br \/>\n&#8211; Se till att torkst\u00e4llningen st\u00e5r p\u00e5 ett plant underlag innan du anv\u00e4nder den. Annars kan den v\u00e4lta, vilket kan leda till skador eller skador p\u00e5 st\u00e4llningen.<br \/>\n&#8211; L\u00e4mna inte torkst\u00e4llningen utomhus under en l\u00e4ngre tid. Vi rekommenderar starkt att du f\u00e4ller ihop st\u00e4llningen omedelbart efter anv\u00e4ndning och f\u00f6rvarar den inomhus.<\/p>\n","protected":false},"excerpt":{"rendered":"<p>Torkst\u00e4ll, platsbesparande stativtork, hopf\u00e4llbart torkst\u00e4ll, 56,5 x 173 x 96,5 cm, torkst\u00e4ll med strumph\u00e5llare, vitt<\/p>\n","protected":false},"featured_media":42791,"comment_status":"open","ping_status":"closed","template":"","meta":[],"product_brand":[],"product_cat":[33],"product_tag":[],"class_list":{"0":"post-14899","1":"product","2":"type-product","3":"status-publish","4":"has-post-thumbnail","6":"product_cat-okategoriserad","8":"first","9":"instock","10":"shipping-taxable","11":"purchasable","12":"product-type-simple"},"_links":{"self":[{"href":"https:\/\/nordicmart.andreevmaster.com\/sv\/wp-json\/wp\/v2\/product\/14899","targetHints":{"allow":["GET"]}}],"collection":[{"href":"https:\/\/nordicmart.andreevmaster.com\/sv\/wp-json\/wp\/v2\/product"}],"about":[{"href":"https:\/\/nordicmart.andreevmaster.com\/sv\/wp-json\/wp\/v2\/types\/product"}],"replies":[{"embeddable":true,"href":"https:\/\/nordicmart.andreevmaster.com\/sv\/wp-json\/wp\/v2\/comments?post=14899"}],"wp:featuredmedia":[{"embeddable":true,"href":"https:\/\/nordicmart.andreevmaster.com\/sv\/wp-json\/wp\/v2\/media\/42791"}],"wp:attachment":[{"href":"https:\/\/nordicmart.andreevmaster.com\/sv\/wp-json\/wp\/v2\/media?parent=14899"}],"wp:term":[{"taxonomy":"product_brand","embeddable":true,"href":"https:\/\/nordicmart.andreevmaster.com\/sv\/wp-json\/wp\/v2\/product_brand?post=14899"},{"taxonomy":"product_cat","embeddable":true,"href":"https:\/\/nordicmart.andreevmaster.com\/sv\/wp-json\/wp\/v2\/product_cat?post=14899"},{"taxonomy":"product_tag","embeddable":true,"href":"https:\/\/nordicmart.andreevmaster.com\/sv\/wp-json\/wp\/v2\/product_tag?post=14899"}],"curies":[{"name":"wp","href":"https:\/\/api.w.org\/{rel}","templated":true}]}}