{"id":14898,"date":"2026-02-27T00:23:57","date_gmt":"2026-02-27T00:23:57","guid":{"rendered":"https:\/\/nordicmart.andreevmaster.com\/product\/songmics-torkstall-stativtork-3-vridbara-armar-for-kladhangare\/"},"modified":"2026-02-27T08:15:48","modified_gmt":"2026-02-27T08:15:48","slug":"songmics-torkstall-stativtork-3-vridbara-armar-for-kladhangare","status":"publish","type":"product","link":"https:\/\/nordicmart.andreevmaster.com\/sv\/produkt\/songmics-torkstall-stativtork-3-vridbara-armar-for-kladhangare\/","title":{"rendered":"SONGMICS Torkst\u00e4ll, stativtork, 3 vridbara armar f\u00f6r kl\u00e4dh\u00e4ngare"},"content":{"rendered":"<p>SONGMICS kl\u00e4dstativ, stativtork, 3 vridbara armar f\u00f6r kl\u00e4dh\u00e4ngare, kl\u00e4dstativ, 4 ben, f\u00f6r inomhusbruk, rostfritt st\u00e5l, f\u00f6r upp till 27 kl\u00e4desplagg, 150 cm h\u00f6gt<br \/>\nSpecifikationer:<br \/>\n&#8211; M\u00e5tt p\u00e5 stativet i uppf\u00e4llt l\u00e4ge: 65 x 65 x 150 cm (D x B x H)<br \/>\n&#8211; M\u00e5tt p\u00e5 stativet i hopf\u00e4llt l\u00e4ge: 5,5 x 5,5 x 182,5 cm (D x B x H)<br \/>\n&#8211; Vikt: 1,1 kg<br \/>\n&#8211; Max. total statisk b\u00e4rf\u00f6rm\u00e5ga: 15 kg<br \/>\n&#8211; Material: rostfritt st\u00e5l, plast<br \/>\n&#8211; F\u00e4rg: gr\u00e5vit<\/p>\n","protected":false},"excerpt":{"rendered":"<p>SONGMICS kl\u00e4dstativ, stativtork, 3 vridbara armar f\u00f6r kl\u00e4dh\u00e4ngare, kl\u00e4dstativ, 4 ben, f\u00f6r inomhusbruk, rostfritt st\u00e5l, f\u00f6r upp till 27 kl\u00e4desplagg, 150 cm h\u00f6gt<\/p>\n","protected":false},"featured_media":42790,"comment_status":"open","ping_status":"closed","template":"","meta":[],"product_brand":[],"product_cat":[33],"product_tag":[],"class_list":{"0":"post-14898","1":"product","2":"type-product","3":"status-publish","4":"has-post-thumbnail","6":"product_cat-okategoriserad","8":"first","9":"instock","10":"shipping-taxable","11":"purchasable","12":"product-type-simple"},"_links":{"self":[{"href":"https:\/\/nordicmart.andreevmaster.com\/sv\/wp-json\/wp\/v2\/product\/14898","targetHints":{"allow":["GET"]}}],"collection":[{"href":"https:\/\/nordicmart.andreevmaster.com\/sv\/wp-json\/wp\/v2\/product"}],"about":[{"href":"https:\/\/nordicmart.andreevmaster.com\/sv\/wp-json\/wp\/v2\/types\/product"}],"replies":[{"embeddable":true,"href":"https:\/\/nordicmart.andreevmaster.com\/sv\/wp-json\/wp\/v2\/comments?post=14898"}],"wp:featuredmedia":[{"embeddable":true,"href":"https:\/\/nordicmart.andreevmaster.com\/sv\/wp-json\/wp\/v2\/media\/42790"}],"wp:attachment":[{"href":"https:\/\/nordicmart.andreevmaster.com\/sv\/wp-json\/wp\/v2\/media?parent=14898"}],"wp:term":[{"taxonomy":"product_brand","embeddable":true,"href":"https:\/\/nordicmart.andreevmaster.com\/sv\/wp-json\/wp\/v2\/product_brand?post=14898"},{"taxonomy":"product_cat","embeddable":true,"href":"https:\/\/nordicmart.andreevmaster.com\/sv\/wp-json\/wp\/v2\/product_cat?post=14898"},{"taxonomy":"product_tag","embeddable":true,"href":"https:\/\/nordicmart.andreevmaster.com\/sv\/wp-json\/wp\/v2\/product_tag?post=14898"}],"curies":[{"name":"wp","href":"https:\/\/api.w.org\/{rel}","templated":true}]}}