{"id":14896,"date":"2026-02-27T00:23:56","date_gmt":"2026-02-27T00:23:56","guid":{"rendered":"https:\/\/nordicmart.andreevmaster.com\/product\/songmics-liten-torkstallning-stativtork-med-2-vingar-hopfallbar\/"},"modified":"2026-02-27T08:15:48","modified_gmt":"2026-02-27T08:15:48","slug":"songmics-liten-torkstallning-stativtork-med-2-vingar-hopfallbar","status":"publish","type":"product","link":"https:\/\/nordicmart.andreevmaster.com\/sv\/produkt\/songmics-liten-torkstallning-stativtork-med-2-vingar-hopfallbar\/","title":{"rendered":"SONGMICS liten torkst\u00e4llning, stativtork med 2 vingar, hopf\u00e4llbar"},"content":{"rendered":"<p>SONGMICS liten kl\u00e4dh\u00e4ngare, hopf\u00e4llbar stativtork med 2 vingar, platsbesparande, metall, f\u00f6r sm\u00e5 kl\u00e4desplagg, handdukar, badrum, balkong, 44 x 101 x 54 cm<br \/>\nSpecifikationer:<br \/>\n&#8211; M\u00e5tt p\u00e5 stativet i uppf\u00e4llt l\u00e4ge: 44 x 101 x 54 cm (D x B x H)<br \/>\n&#8211; M\u00e5tt p\u00e5 stativet i hopf\u00e4llt l\u00e4ge: 44 x 60 x 7,5 cm (D x B x H)<br \/>\n&#8211; Vikt: 2,3 kg<br \/>\n&#8211; Max. total statisk b\u00e4rf\u00f6rm\u00e5ga: 10 kg<br \/>\n&#8211; Material: st\u00e5l, PP-plast<br \/>\n&#8211; F\u00e4rg: gr\u00e5<\/p>\n","protected":false},"excerpt":{"rendered":"<p>SONGMICS liten kl\u00e4dh\u00e4ngare, hopf\u00e4llbar stativtork med 2 vingar, platsbesparande, metall, f\u00f6r sm\u00e5 kl\u00e4desplagg, handdukar, badrum, balkong, 44 x 101 x 54 cm<\/p>\n","protected":false},"featured_media":42788,"comment_status":"open","ping_status":"closed","template":"","meta":[],"product_brand":[],"product_cat":[33],"product_tag":[],"class_list":{"0":"post-14896","1":"product","2":"type-product","3":"status-publish","4":"has-post-thumbnail","6":"product_cat-okategoriserad","8":"first","9":"instock","10":"shipping-taxable","11":"purchasable","12":"product-type-simple"},"_links":{"self":[{"href":"https:\/\/nordicmart.andreevmaster.com\/sv\/wp-json\/wp\/v2\/product\/14896","targetHints":{"allow":["GET"]}}],"collection":[{"href":"https:\/\/nordicmart.andreevmaster.com\/sv\/wp-json\/wp\/v2\/product"}],"about":[{"href":"https:\/\/nordicmart.andreevmaster.com\/sv\/wp-json\/wp\/v2\/types\/product"}],"replies":[{"embeddable":true,"href":"https:\/\/nordicmart.andreevmaster.com\/sv\/wp-json\/wp\/v2\/comments?post=14896"}],"wp:featuredmedia":[{"embeddable":true,"href":"https:\/\/nordicmart.andreevmaster.com\/sv\/wp-json\/wp\/v2\/media\/42788"}],"wp:attachment":[{"href":"https:\/\/nordicmart.andreevmaster.com\/sv\/wp-json\/wp\/v2\/media?parent=14896"}],"wp:term":[{"taxonomy":"product_brand","embeddable":true,"href":"https:\/\/nordicmart.andreevmaster.com\/sv\/wp-json\/wp\/v2\/product_brand?post=14896"},{"taxonomy":"product_cat","embeddable":true,"href":"https:\/\/nordicmart.andreevmaster.com\/sv\/wp-json\/wp\/v2\/product_cat?post=14896"},{"taxonomy":"product_tag","embeddable":true,"href":"https:\/\/nordicmart.andreevmaster.com\/sv\/wp-json\/wp\/v2\/product_tag?post=14896"}],"curies":[{"name":"wp","href":"https:\/\/api.w.org\/{rel}","templated":true}]}}