{"id":14895,"date":"2026-02-27T00:23:56","date_gmt":"2026-02-27T00:23:56","guid":{"rendered":"https:\/\/nordicmart.andreevmaster.com\/product\/songmics-torkstallning-133-200-cm-utdragbar-och-fristaende\/"},"modified":"2026-02-27T08:15:48","modified_gmt":"2026-02-27T08:15:48","slug":"songmics-torkstallning-133-200-cm-utdragbar-och-fristaende","status":"publish","type":"product","link":"https:\/\/nordicmart.andreevmaster.com\/sv\/produkt\/songmics-torkstallning-133-200-cm-utdragbar-och-fristaende\/","title":{"rendered":"SONGMICS Torkst\u00e4llning 133-200 cm utdragbar och frist\u00e5ende"},"content":{"rendered":"<p>SONGMICS torkst\u00e4llning, stativtork, 133\u2013200 cm utdragbar, hopf\u00e4llbar, frist\u00e5ende, f\u00f6r inomhus- och utomhusbruk, duvgr\u00e5 LLR902E01<br \/>\nF\u00e4rg: duvgr\u00e5<br \/>\nStorlek: 66 x (133\u2013200) x 130 cm (D x B x H)<br \/>\nMaterial: Rostfritt st\u00e5l<br \/>\nVikt: 4,8 kg<br \/>\nMax. statisk totalbelastning: 50 kg<\/p>\n","protected":false},"excerpt":{"rendered":"<p>SONGMICS torkst\u00e4llning, stativtork, 133\u2013200 cm utdragbar, hopf\u00e4llbar, frist\u00e5ende, f\u00f6r inomhus- och utomhusbruk, duvgr\u00e5 LLR902E01<\/p>\n","protected":false},"featured_media":42787,"comment_status":"open","ping_status":"closed","template":"","meta":[],"product_brand":[],"product_cat":[33],"product_tag":[],"class_list":{"0":"post-14895","1":"product","2":"type-product","3":"status-publish","4":"has-post-thumbnail","6":"product_cat-okategoriserad","8":"first","9":"instock","10":"shipping-taxable","11":"purchasable","12":"product-type-simple"},"_links":{"self":[{"href":"https:\/\/nordicmart.andreevmaster.com\/sv\/wp-json\/wp\/v2\/product\/14895","targetHints":{"allow":["GET"]}}],"collection":[{"href":"https:\/\/nordicmart.andreevmaster.com\/sv\/wp-json\/wp\/v2\/product"}],"about":[{"href":"https:\/\/nordicmart.andreevmaster.com\/sv\/wp-json\/wp\/v2\/types\/product"}],"replies":[{"embeddable":true,"href":"https:\/\/nordicmart.andreevmaster.com\/sv\/wp-json\/wp\/v2\/comments?post=14895"}],"wp:featuredmedia":[{"embeddable":true,"href":"https:\/\/nordicmart.andreevmaster.com\/sv\/wp-json\/wp\/v2\/media\/42787"}],"wp:attachment":[{"href":"https:\/\/nordicmart.andreevmaster.com\/sv\/wp-json\/wp\/v2\/media?parent=14895"}],"wp:term":[{"taxonomy":"product_brand","embeddable":true,"href":"https:\/\/nordicmart.andreevmaster.com\/sv\/wp-json\/wp\/v2\/product_brand?post=14895"},{"taxonomy":"product_cat","embeddable":true,"href":"https:\/\/nordicmart.andreevmaster.com\/sv\/wp-json\/wp\/v2\/product_cat?post=14895"},{"taxonomy":"product_tag","embeddable":true,"href":"https:\/\/nordicmart.andreevmaster.com\/sv\/wp-json\/wp\/v2\/product_tag?post=14895"}],"curies":[{"name":"wp","href":"https:\/\/api.w.org\/{rel}","templated":true}]}}