{"id":14894,"date":"2026-02-27T00:23:55","date_gmt":"2026-02-27T00:23:55","guid":{"rendered":"https:\/\/nordicmart.andreevmaster.com\/product\/songmics-vaggtork-med-hyllor-och-hangstanger\/"},"modified":"2026-02-27T08:15:48","modified_gmt":"2026-02-27T08:15:48","slug":"songmics-vaggtork-med-hyllor-och-hangstanger","status":"publish","type":"product","link":"https:\/\/nordicmart.andreevmaster.com\/sv\/produkt\/songmics-vaggtork-med-hyllor-och-hangstanger\/","title":{"rendered":"SONGMICS v\u00e4ggtork med hyllor och h\u00e4ngst\u00e4nger"},"content":{"rendered":"<p>SONGMICS v\u00e4ggtork, kl\u00e4dstativ, v\u00e4ggmonterat torkst\u00e4ll, hopf\u00e4llbart, med hylla, h\u00e4ngst\u00e4nger, magnetisk design, f\u00f6r tv\u00e4ttstuga, badrum, molnvit LLR803W01<br \/>\nF\u00e4rg: Molnvit<br \/>\nMaterial: st\u00e5l<br \/>\nStorlek: 26 x 42 x 56 cm (D x B x H)<br \/>\nStorlek i hopf\u00e4llt tillst\u00e5nd: 3 x 42 x 56 cm (D x B x H)<br \/>\nVikt: 1,2 kg<br \/>\nMax. statisk totalbelastning: 10 kg<\/p>\n","protected":false},"excerpt":{"rendered":"<p>SONGMICS v\u00e4ggtork, kl\u00e4dstativ, v\u00e4ggmonterat torkst\u00e4ll, hopf\u00e4llbart, med hylla, h\u00e4ngst\u00e4nger, magnetisk design, f\u00f6r tv\u00e4ttstuga, badrum, molnvit LLR803W01<\/p>\n","protected":false},"featured_media":42786,"comment_status":"open","ping_status":"closed","template":"","meta":[],"product_brand":[],"product_cat":[33],"product_tag":[],"class_list":{"0":"post-14894","1":"product","2":"type-product","3":"status-publish","4":"has-post-thumbnail","6":"product_cat-okategoriserad","8":"first","9":"instock","10":"shipping-taxable","11":"purchasable","12":"product-type-simple"},"_links":{"self":[{"href":"https:\/\/nordicmart.andreevmaster.com\/sv\/wp-json\/wp\/v2\/product\/14894","targetHints":{"allow":["GET"]}}],"collection":[{"href":"https:\/\/nordicmart.andreevmaster.com\/sv\/wp-json\/wp\/v2\/product"}],"about":[{"href":"https:\/\/nordicmart.andreevmaster.com\/sv\/wp-json\/wp\/v2\/types\/product"}],"replies":[{"embeddable":true,"href":"https:\/\/nordicmart.andreevmaster.com\/sv\/wp-json\/wp\/v2\/comments?post=14894"}],"wp:featuredmedia":[{"embeddable":true,"href":"https:\/\/nordicmart.andreevmaster.com\/sv\/wp-json\/wp\/v2\/media\/42786"}],"wp:attachment":[{"href":"https:\/\/nordicmart.andreevmaster.com\/sv\/wp-json\/wp\/v2\/media?parent=14894"}],"wp:term":[{"taxonomy":"product_brand","embeddable":true,"href":"https:\/\/nordicmart.andreevmaster.com\/sv\/wp-json\/wp\/v2\/product_brand?post=14894"},{"taxonomy":"product_cat","embeddable":true,"href":"https:\/\/nordicmart.andreevmaster.com\/sv\/wp-json\/wp\/v2\/product_cat?post=14894"},{"taxonomy":"product_tag","embeddable":true,"href":"https:\/\/nordicmart.andreevmaster.com\/sv\/wp-json\/wp\/v2\/product_tag?post=14894"}],"curies":[{"name":"wp","href":"https:\/\/api.w.org\/{rel}","templated":true}]}}