{"id":14893,"date":"2026-02-27T00:23:55","date_gmt":"2026-02-27T00:23:55","guid":{"rendered":"https:\/\/nordicmart.andreevmaster.com\/product\/songmics-kladhangare-utdragbar-och-hopfallbar-molnvit\/"},"modified":"2026-02-27T08:15:48","modified_gmt":"2026-02-27T08:15:48","slug":"songmics-kladhangare-utdragbar-och-hopfallbar-molnvit","status":"publish","type":"product","link":"https:\/\/nordicmart.andreevmaster.com\/sv\/produkt\/songmics-kladhangare-utdragbar-och-hopfallbar-molnvit\/","title":{"rendered":"SONGMICS kl\u00e4dh\u00e4ngare, utdragbar och hopf\u00e4llbar, molnvit"},"content":{"rendered":"<p>SONGMICS torkst\u00e4ll, v\u00e4ggtork, dragspelsformad torkst\u00e4ll, 9 stegade st\u00e4nger, utdragbar och hopf\u00e4llbar, st\u00e5l, bl\u00e4ck svart LLR802B01<br \/>\nF\u00e4rg: Molnvit<br \/>\nMaterial: st\u00e5l<br \/>\nStorlek: 40 x 42 x 12 cm (D x B x H)<br \/>\nStorlek i hopf\u00e4llt l\u00e4ge: 10 x 42 x 12 cm (D x B x H)<br \/>\nVikt: 0,9 kg<br \/>\nMax. statisk belastningskapacitet: 10 kg<\/p>\n","protected":false},"excerpt":{"rendered":"<p>SONGMICS torkst\u00e4ll, v\u00e4ggtork, dragspelsformad torkst\u00e4ll, 9 stegade st\u00e4nger, utdragbar och hopf\u00e4llbar, st\u00e5l, bl\u00e4ck svart LLR802B01<\/p>\n","protected":false},"featured_media":42785,"comment_status":"open","ping_status":"closed","template":"","meta":[],"product_brand":[],"product_cat":[33],"product_tag":[],"class_list":{"0":"post-14893","1":"product","2":"type-product","3":"status-publish","4":"has-post-thumbnail","6":"product_cat-okategoriserad","8":"first","9":"instock","10":"shipping-taxable","11":"purchasable","12":"product-type-simple"},"_links":{"self":[{"href":"https:\/\/nordicmart.andreevmaster.com\/sv\/wp-json\/wp\/v2\/product\/14893","targetHints":{"allow":["GET"]}}],"collection":[{"href":"https:\/\/nordicmart.andreevmaster.com\/sv\/wp-json\/wp\/v2\/product"}],"about":[{"href":"https:\/\/nordicmart.andreevmaster.com\/sv\/wp-json\/wp\/v2\/types\/product"}],"replies":[{"embeddable":true,"href":"https:\/\/nordicmart.andreevmaster.com\/sv\/wp-json\/wp\/v2\/comments?post=14893"}],"wp:featuredmedia":[{"embeddable":true,"href":"https:\/\/nordicmart.andreevmaster.com\/sv\/wp-json\/wp\/v2\/media\/42785"}],"wp:attachment":[{"href":"https:\/\/nordicmart.andreevmaster.com\/sv\/wp-json\/wp\/v2\/media?parent=14893"}],"wp:term":[{"taxonomy":"product_brand","embeddable":true,"href":"https:\/\/nordicmart.andreevmaster.com\/sv\/wp-json\/wp\/v2\/product_brand?post=14893"},{"taxonomy":"product_cat","embeddable":true,"href":"https:\/\/nordicmart.andreevmaster.com\/sv\/wp-json\/wp\/v2\/product_cat?post=14893"},{"taxonomy":"product_tag","embeddable":true,"href":"https:\/\/nordicmart.andreevmaster.com\/sv\/wp-json\/wp\/v2\/product_tag?post=14893"}],"curies":[{"name":"wp","href":"https:\/\/api.w.org\/{rel}","templated":true}]}}