{"id":14888,"date":"2026-02-27T00:23:54","date_gmt":"2026-02-27T00:23:54","guid":{"rendered":"https:\/\/nordicmart.andreevmaster.com\/product\/songmics-kladstallning-med-stalram-for-inomhus-och-utomhusbruk\/"},"modified":"2026-02-27T08:15:47","modified_gmt":"2026-02-27T08:15:47","slug":"songmics-kladstallning-med-stalram-for-inomhus-och-utomhusbruk","status":"publish","type":"product","link":"https:\/\/nordicmart.andreevmaster.com\/sv\/produkt\/songmics-kladstallning-med-stalram-for-inomhus-och-utomhusbruk\/","title":{"rendered":"SONGMICS kl\u00e4dst\u00e4llning med st\u00e5lram f\u00f6r inomhus- och utomhusbruk"},"content":{"rendered":"<p>SONGMICS kl\u00e4dst\u00e4llning, hopf\u00e4llbar torkst\u00e4llning, kompakt, platsbesparande, st\u00e5lram, 37 x 75 x 135,1 cm, enkel montering, f\u00f6r inomhus- och utomhusbruk<br \/>\nF\u00e4rg: svart<br \/>\nMaterial: St\u00e5l, PP (polypropen)<br \/>\nStorlek utf\u00e4lld: 37 x 75 x 135,1 cm (D x B x H)<br \/>\nStorlek hopf\u00e4lld: 10 x 54 x 75 cm (D x B x H)<br \/>\nVikt: 2,2 kg<br \/>\nMax. statisk totalbelastning: 7 kg<\/p>\n","protected":false},"excerpt":{"rendered":"<p>SONGMICS kl\u00e4dst\u00e4llning, hopf\u00e4llbar torkst\u00e4llning, kompakt, platsbesparande, st\u00e5lram, 37 x 75 x 135,1 cm, enkel montering, f\u00f6r inomhus- och utomhusbruk<\/p>\n","protected":false},"featured_media":42780,"comment_status":"open","ping_status":"closed","template":"","meta":[],"product_brand":[],"product_cat":[33],"product_tag":[],"class_list":{"0":"post-14888","1":"product","2":"type-product","3":"status-publish","4":"has-post-thumbnail","6":"product_cat-okategoriserad","8":"first","9":"instock","10":"shipping-taxable","11":"purchasable","12":"product-type-simple"},"_links":{"self":[{"href":"https:\/\/nordicmart.andreevmaster.com\/sv\/wp-json\/wp\/v2\/product\/14888","targetHints":{"allow":["GET"]}}],"collection":[{"href":"https:\/\/nordicmart.andreevmaster.com\/sv\/wp-json\/wp\/v2\/product"}],"about":[{"href":"https:\/\/nordicmart.andreevmaster.com\/sv\/wp-json\/wp\/v2\/types\/product"}],"replies":[{"embeddable":true,"href":"https:\/\/nordicmart.andreevmaster.com\/sv\/wp-json\/wp\/v2\/comments?post=14888"}],"wp:featuredmedia":[{"embeddable":true,"href":"https:\/\/nordicmart.andreevmaster.com\/sv\/wp-json\/wp\/v2\/media\/42780"}],"wp:attachment":[{"href":"https:\/\/nordicmart.andreevmaster.com\/sv\/wp-json\/wp\/v2\/media?parent=14888"}],"wp:term":[{"taxonomy":"product_brand","embeddable":true,"href":"https:\/\/nordicmart.andreevmaster.com\/sv\/wp-json\/wp\/v2\/product_brand?post=14888"},{"taxonomy":"product_cat","embeddable":true,"href":"https:\/\/nordicmart.andreevmaster.com\/sv\/wp-json\/wp\/v2\/product_cat?post=14888"},{"taxonomy":"product_tag","embeddable":true,"href":"https:\/\/nordicmart.andreevmaster.com\/sv\/wp-json\/wp\/v2\/product_tag?post=14888"}],"curies":[{"name":"wp","href":"https:\/\/api.w.org\/{rel}","templated":true}]}}