{"id":14883,"date":"2026-02-27T00:23:52","date_gmt":"2026-02-27T00:23:52","guid":{"rendered":"https:\/\/nordicmart.andreevmaster.com\/product\/songmics-torkstall-stativtork-4-nivaer-vikbart-torkstall-vikbara-vingar\/"},"modified":"2026-02-27T08:15:46","modified_gmt":"2026-02-27T08:15:46","slug":"songmics-torkstall-stativtork-4-nivaer-vikbart-torkstall-vikbara-vingar","status":"publish","type":"product","link":"https:\/\/nordicmart.andreevmaster.com\/sv\/produkt\/songmics-torkstall-stativtork-4-nivaer-vikbart-torkstall-vikbara-vingar\/","title":{"rendered":"SONGMICS torkst\u00e4ll, stativtork 4 niv\u00e5er, vikbart torkst\u00e4ll, vikbara vingar"},"content":{"rendered":"<p>Torkst\u00e4llning, stativtork 4 niv\u00e5er, vikbar torkst\u00e4llning, med hjul, 63,5 x 128 x 173 cm, f\u00f6r inomhus- och utomhusbruk, gr\u00e5<br \/>\n&#8211; F\u00e4rg: Vit<br \/>\n&#8211; Material: st\u00e5l, plast<br \/>\n&#8211; Storlek p\u00e5 stativet i hopf\u00e4llt l\u00e4ge: 63,5 x 128 x 173 cm (D x B x H)<br \/>\n&#8211; Storlek p\u00e5 stativet i hopf\u00e4llt l\u00e4ge: 49 x 76 x 173 cm (D x B x H)<br \/>\n&#8211; Storlek p\u00e5 foten: 49 x 76 cm (D x B)<br \/>\n&#8211; Storlek p\u00e5 var och en av de tre \u00f6vre niv\u00e5erna i uppf\u00e4llt l\u00e4ge: 63,5 x 73,5 cm (D x B)<br \/>\n&#8211; Storlek p\u00e5 var och en av de tre \u00f6vre niv\u00e5erna i hopf\u00e4llt l\u00e4ge: 21,5 x 73,5 cm (D x B)<br \/>\n&#8211; Vikt: 4,4 kg<br \/>\n&#8211; Max. total statisk belastningskapacitet: 35 kg<\/p>\n","protected":false},"excerpt":{"rendered":"<p>Torkst\u00e4llning, stativtork 4 niv\u00e5er, vikbar torkst\u00e4llning, med hjul, 63,5 x 128 x 173 cm, f\u00f6r inomhus- och utomhusbruk, gr\u00e5<\/p>\n","protected":false},"featured_media":42777,"comment_status":"open","ping_status":"closed","template":"","meta":[],"product_brand":[],"product_cat":[33],"product_tag":[],"class_list":{"0":"post-14883","1":"product","2":"type-product","3":"status-publish","4":"has-post-thumbnail","6":"product_cat-okategoriserad","8":"first","9":"instock","10":"shipping-taxable","11":"purchasable","12":"product-type-simple"},"_links":{"self":[{"href":"https:\/\/nordicmart.andreevmaster.com\/sv\/wp-json\/wp\/v2\/product\/14883","targetHints":{"allow":["GET"]}}],"collection":[{"href":"https:\/\/nordicmart.andreevmaster.com\/sv\/wp-json\/wp\/v2\/product"}],"about":[{"href":"https:\/\/nordicmart.andreevmaster.com\/sv\/wp-json\/wp\/v2\/types\/product"}],"replies":[{"embeddable":true,"href":"https:\/\/nordicmart.andreevmaster.com\/sv\/wp-json\/wp\/v2\/comments?post=14883"}],"wp:featuredmedia":[{"embeddable":true,"href":"https:\/\/nordicmart.andreevmaster.com\/sv\/wp-json\/wp\/v2\/media\/42777"}],"wp:attachment":[{"href":"https:\/\/nordicmart.andreevmaster.com\/sv\/wp-json\/wp\/v2\/media?parent=14883"}],"wp:term":[{"taxonomy":"product_brand","embeddable":true,"href":"https:\/\/nordicmart.andreevmaster.com\/sv\/wp-json\/wp\/v2\/product_brand?post=14883"},{"taxonomy":"product_cat","embeddable":true,"href":"https:\/\/nordicmart.andreevmaster.com\/sv\/wp-json\/wp\/v2\/product_cat?post=14883"},{"taxonomy":"product_tag","embeddable":true,"href":"https:\/\/nordicmart.andreevmaster.com\/sv\/wp-json\/wp\/v2\/product_tag?post=14883"}],"curies":[{"name":"wp","href":"https:\/\/api.w.org\/{rel}","templated":true}]}}