{"id":14880,"date":"2026-02-27T00:23:51","date_gmt":"2026-02-27T00:23:51","guid":{"rendered":"https:\/\/nordicmart.andreevmaster.com\/product\/songmics-hopfallbar-torktumlare-for-inomhus-och-utomhusbruk\/"},"modified":"2026-02-27T08:15:45","modified_gmt":"2026-02-27T08:15:45","slug":"songmics-hopfallbar-torktumlare-for-inomhus-och-utomhusbruk","status":"publish","type":"product","link":"https:\/\/nordicmart.andreevmaster.com\/sv\/produkt\/songmics-hopfallbar-torktumlare-for-inomhus-och-utomhusbruk\/","title":{"rendered":"SONGMICS hopf\u00e4llbar torktumlare f\u00f6r inomhus- och utomhusbruk"},"content":{"rendered":"<p>SONGMICS kl\u00e4dstativ, hopf\u00e4llbar torkst\u00e4llning, frist\u00e5ende, f\u00f6r inomhus- och utomhusbruk, f\u00f6r s\u00e4ngkl\u00e4der och kl\u00e4der<br \/>\nF\u00e4rg: Vit<br \/>\nMaterial: st\u00e5l, PP-plast<br \/>\nStorlek i uppf\u00e4llt l\u00e4ge: 50 x 182 x 102,5 cm (D x B x H)<br \/>\nStorlek hopf\u00e4lld: 5,5 x 50 x 124 cm (D x B x H)<br \/>\nVikt: 2,6 kg<br \/>\nMax. statisk belastningskapacitet: 15 kg<\/p>\n","protected":false},"excerpt":{"rendered":"<p>SONGMICS kl\u00e4dstativ, hopf\u00e4llbar torkst\u00e4llning, frist\u00e5ende, f\u00f6r inomhus- och utomhusbruk, f\u00f6r s\u00e4ngkl\u00e4der och kl\u00e4der<\/p>\n","protected":false},"featured_media":42774,"comment_status":"open","ping_status":"closed","template":"","meta":[],"product_brand":[],"product_cat":[33],"product_tag":[],"class_list":{"0":"post-14880","1":"product","2":"type-product","3":"status-publish","4":"has-post-thumbnail","6":"product_cat-okategoriserad","8":"first","9":"instock","10":"shipping-taxable","11":"purchasable","12":"product-type-simple"},"_links":{"self":[{"href":"https:\/\/nordicmart.andreevmaster.com\/sv\/wp-json\/wp\/v2\/product\/14880","targetHints":{"allow":["GET"]}}],"collection":[{"href":"https:\/\/nordicmart.andreevmaster.com\/sv\/wp-json\/wp\/v2\/product"}],"about":[{"href":"https:\/\/nordicmart.andreevmaster.com\/sv\/wp-json\/wp\/v2\/types\/product"}],"replies":[{"embeddable":true,"href":"https:\/\/nordicmart.andreevmaster.com\/sv\/wp-json\/wp\/v2\/comments?post=14880"}],"wp:featuredmedia":[{"embeddable":true,"href":"https:\/\/nordicmart.andreevmaster.com\/sv\/wp-json\/wp\/v2\/media\/42774"}],"wp:attachment":[{"href":"https:\/\/nordicmart.andreevmaster.com\/sv\/wp-json\/wp\/v2\/media?parent=14880"}],"wp:term":[{"taxonomy":"product_brand","embeddable":true,"href":"https:\/\/nordicmart.andreevmaster.com\/sv\/wp-json\/wp\/v2\/product_brand?post=14880"},{"taxonomy":"product_cat","embeddable":true,"href":"https:\/\/nordicmart.andreevmaster.com\/sv\/wp-json\/wp\/v2\/product_cat?post=14880"},{"taxonomy":"product_tag","embeddable":true,"href":"https:\/\/nordicmart.andreevmaster.com\/sv\/wp-json\/wp\/v2\/product_tag?post=14880"}],"curies":[{"name":"wp","href":"https:\/\/api.w.org\/{rel}","templated":true}]}}