{"id":14879,"date":"2026-02-27T00:23:51","date_gmt":"2026-02-27T00:23:51","guid":{"rendered":"https:\/\/nordicmart.andreevmaster.com\/product\/songmics-torkstallning-med-4-vingar\/"},"modified":"2026-02-27T08:15:45","modified_gmt":"2026-02-27T08:15:45","slug":"songmics-torkstallning-med-4-vingar","status":"publish","type":"product","link":"https:\/\/nordicmart.andreevmaster.com\/sv\/produkt\/songmics-torkstallning-med-4-vingar\/","title":{"rendered":"SONGMICS torkst\u00e4llning med 4 vingar"},"content":{"rendered":"<p>Praktisk kl\u00e4dh\u00e4ngare i rostfritt st\u00e5l med vingar V\u00e5r praktiska kl\u00e4dh\u00e4ngare med totalt 22 m torkyta r\u00e4ddar dig fr\u00e5n detta. Den \u00e4r tillverkad i rostfritt st\u00e5l och \u00e4r d\u00e4rf\u00f6r skyddad mot rost. Dessutom \u00e4r den f\u00f6rsedd med stabila plastkopplingar som g\u00f6r det m\u00f6jligt att f\u00e4lla ihop denna flexibla hush\u00e5llshj\u00e4lpreda. Vi har dock begr\u00e4nsat anv\u00e4ndningen av plast till de f\u00e5 kopplingarna, s\u00e5 att torkst\u00e4llningen till st\u00f6rsta delen best\u00e5r av rostfritt st\u00e5l. Detta \u00f6kar dess livsl\u00e4ngd och dessutom kan den belastas med upp till 35 kg tv\u00e4tt. Om du letar efter fler praktiska produkter f\u00f6r ditt hush\u00e5ll, ta g\u00e4rna en titt p\u00e5 de andra artiklarna fr\u00e5n SONGMICS.Produktdetaljer: F\u00e4rg: Bl\u00e5 Material: Rostfritt st\u00e5l, ABS, PP-plast Storlek: 156 x 61 x 113 &#8211; 135,5 cm Vikt: 3,3 kg Max. b\u00e4rf\u00f6rm\u00e5ga (vid j\u00e4mn belastning): 35 kg Leveransomfattning: 1 x torkst\u00e4ll SONGMICS Anvisningar:St\u00e4ll produkten p\u00e5 en plan yta, annars kan den v\u00e4lta. Detta kan leda till skador eller skador p\u00e5 produkten. Torka bort l\u00e4tt smuts p\u00e5 ramen med en trasa. Anv\u00e4nd en utsp\u00e4dd reng\u00f6ringsl\u00f6sning f\u00f6r envisa fl\u00e4ckar. Doppa en trasa i l\u00f6sningen, vrid ur den och torka f\u00f6rsiktigt av ramen. Tack vare sin l\u00e5ga vikt \u00e4r produkten l\u00e4tt att transportera. Om du vill anv\u00e4nda den utomhus rekommenderar vi dock att du l\u00e4gger n\u00e5gra tunga f\u00f6rem\u00e5l p\u00e5 torkst\u00e4llningens ben f\u00f6r att f\u00f6rhindra att den v\u00e4lter i stark vind.<\/p>\n","protected":false},"excerpt":{"rendered":"<p>SONGMICS Torkst\u00e4llning i rostfritt st\u00e5l, stativtork med h\u00f6jdjusterbara vingar, vinge-torkst\u00e4llning med 2 niv\u00e5er, f\u00f6r strumpor, s\u00e4ngkl\u00e4der, kl\u00e4der, hopf\u00e4llbar, stabil, bl\u00e5 LLR53BU<\/p>\n","protected":false},"featured_media":42773,"comment_status":"open","ping_status":"closed","template":"","meta":[],"product_brand":[],"product_cat":[33],"product_tag":[],"class_list":{"0":"post-14879","1":"product","2":"type-product","3":"status-publish","4":"has-post-thumbnail","6":"product_cat-okategoriserad","8":"first","9":"instock","10":"shipping-taxable","11":"purchasable","12":"product-type-simple"},"_links":{"self":[{"href":"https:\/\/nordicmart.andreevmaster.com\/sv\/wp-json\/wp\/v2\/product\/14879","targetHints":{"allow":["GET"]}}],"collection":[{"href":"https:\/\/nordicmart.andreevmaster.com\/sv\/wp-json\/wp\/v2\/product"}],"about":[{"href":"https:\/\/nordicmart.andreevmaster.com\/sv\/wp-json\/wp\/v2\/types\/product"}],"replies":[{"embeddable":true,"href":"https:\/\/nordicmart.andreevmaster.com\/sv\/wp-json\/wp\/v2\/comments?post=14879"}],"wp:featuredmedia":[{"embeddable":true,"href":"https:\/\/nordicmart.andreevmaster.com\/sv\/wp-json\/wp\/v2\/media\/42773"}],"wp:attachment":[{"href":"https:\/\/nordicmart.andreevmaster.com\/sv\/wp-json\/wp\/v2\/media?parent=14879"}],"wp:term":[{"taxonomy":"product_brand","embeddable":true,"href":"https:\/\/nordicmart.andreevmaster.com\/sv\/wp-json\/wp\/v2\/product_brand?post=14879"},{"taxonomy":"product_cat","embeddable":true,"href":"https:\/\/nordicmart.andreevmaster.com\/sv\/wp-json\/wp\/v2\/product_cat?post=14879"},{"taxonomy":"product_tag","embeddable":true,"href":"https:\/\/nordicmart.andreevmaster.com\/sv\/wp-json\/wp\/v2\/product_tag?post=14879"}],"curies":[{"name":"wp","href":"https:\/\/api.w.org\/{rel}","templated":true}]}}