{"id":14877,"date":"2026-02-27T00:23:51","date_gmt":"2026-02-27T00:23:51","guid":{"rendered":"https:\/\/nordicmart.andreevmaster.com\/product\/songmics-torkstallning-med-2-nivaer-och-2-vingar-gra\/"},"modified":"2026-02-27T08:15:44","modified_gmt":"2026-02-27T08:15:44","slug":"songmics-torkstallning-med-2-nivaer-och-2-vingar-gra","status":"publish","type":"product","link":"https:\/\/nordicmart.andreevmaster.com\/sv\/produkt\/songmics-torkstallning-med-2-nivaer-och-2-vingar-gra\/","title":{"rendered":"SONGMICS Torkst\u00e4llning med 2 niv\u00e5er och 2 vingar, gr\u00e5"},"content":{"rendered":"<p>SONGMICS kl\u00e4dstativ, hopf\u00e4llbart, torkst\u00e4llning med 2 niv\u00e5er, frist\u00e5ende, 1 \u00f6vre h\u00e4ngst\u00e5ng, 2 h\u00f6jdjusterbara vingar, 24 st\u00e4nger, platsbesparande, gr\u00e5tt LLR521G01<br \/>\nF\u00e4rg: Gr\u00e5<br \/>\nMaterial: St\u00e5l, PP-plast (polypropen)<br \/>\nStorlek p\u00e5 stativet i uppf\u00e4llt l\u00e4ge: 66 x 159 x 198 cm (D x B x H)<br \/>\nSt\u00e4llets storlek i hopf\u00e4llt l\u00e4ge: 70,5 x 106 x 10 cm (D x B x H)<br \/>\nVikt: 3,4 kg<br \/>\nMax. statisk belastningskapacitet: 25 kg<\/p>\n","protected":false},"excerpt":{"rendered":"<p>SONGMICS kl\u00e4dstativ, hopf\u00e4llbart, torkst\u00e4llning med 2 niv\u00e5er, frist\u00e5ende, 1 \u00f6vre h\u00e4ngst\u00e5ng, 2 h\u00f6jdjusterbara vingar, 24 st\u00e4nger, platsbesparande, gr\u00e5tt LLR521G01<\/p>\n","protected":false},"featured_media":42771,"comment_status":"open","ping_status":"closed","template":"","meta":[],"product_brand":[],"product_cat":[33],"product_tag":[],"class_list":{"0":"post-14877","1":"product","2":"type-product","3":"status-publish","4":"has-post-thumbnail","6":"product_cat-okategoriserad","8":"first","9":"instock","10":"shipping-taxable","11":"purchasable","12":"product-type-simple"},"_links":{"self":[{"href":"https:\/\/nordicmart.andreevmaster.com\/sv\/wp-json\/wp\/v2\/product\/14877","targetHints":{"allow":["GET"]}}],"collection":[{"href":"https:\/\/nordicmart.andreevmaster.com\/sv\/wp-json\/wp\/v2\/product"}],"about":[{"href":"https:\/\/nordicmart.andreevmaster.com\/sv\/wp-json\/wp\/v2\/types\/product"}],"replies":[{"embeddable":true,"href":"https:\/\/nordicmart.andreevmaster.com\/sv\/wp-json\/wp\/v2\/comments?post=14877"}],"wp:featuredmedia":[{"embeddable":true,"href":"https:\/\/nordicmart.andreevmaster.com\/sv\/wp-json\/wp\/v2\/media\/42771"}],"wp:attachment":[{"href":"https:\/\/nordicmart.andreevmaster.com\/sv\/wp-json\/wp\/v2\/media?parent=14877"}],"wp:term":[{"taxonomy":"product_brand","embeddable":true,"href":"https:\/\/nordicmart.andreevmaster.com\/sv\/wp-json\/wp\/v2\/product_brand?post=14877"},{"taxonomy":"product_cat","embeddable":true,"href":"https:\/\/nordicmart.andreevmaster.com\/sv\/wp-json\/wp\/v2\/product_cat?post=14877"},{"taxonomy":"product_tag","embeddable":true,"href":"https:\/\/nordicmart.andreevmaster.com\/sv\/wp-json\/wp\/v2\/product_tag?post=14877"}],"curies":[{"name":"wp","href":"https:\/\/api.w.org\/{rel}","templated":true}]}}