{"id":14875,"date":"2026-02-27T00:23:50","date_gmt":"2026-02-27T00:23:50","guid":{"rendered":"https:\/\/nordicmart.andreevmaster.com\/product\/songmics-torkstallning-med-strumphallare-metallgra\/"},"modified":"2026-02-27T08:15:44","modified_gmt":"2026-02-27T08:15:44","slug":"songmics-torkstallning-med-strumphallare-metallgra","status":"publish","type":"product","link":"https:\/\/nordicmart.andreevmaster.com\/sv\/produkt\/songmics-torkstallning-med-strumphallare-metallgra\/","title":{"rendered":"SONGMICS Torkst\u00e4llning med strumph\u00e5llare metallgr\u00e5"},"content":{"rendered":"<p>SONGMICS kl\u00e4dstativ, stativtork 56,5 x 173 x 96,5 cm, vikbart kl\u00e4dstativ, platsbesparande vikbar tork, med strumph\u00e5llare, metall, f\u00f6r kl\u00e4der, handdukar, tv\u00e4tt<br \/>\nF\u00e4rg: Gr\u00e5<br \/>\nMaterial: st\u00e5l, PP-plast<br \/>\nStativets storlek i hopf\u00e4llt l\u00e4ge: 56,5 x 173 x 96,5 cm (D x B x H)<br \/>\nStativets storlek i hopf\u00e4llt l\u00e4ge: 62 x 104,5 x 7 cm (D x B x H)<br \/>\nVikt: 4 kg<br \/>\nMax. total statisk belastningskapacitet: 18 kg<\/p>\n","protected":false},"excerpt":{"rendered":"<p>SONGMICS kl\u00e4dstativ, stativtork 56,5 x 173 x 96,5 cm, vikbart kl\u00e4dstativ, platsbesparande vikbar tork, med strumph\u00e5llare, metall, f\u00f6r kl\u00e4der, handdukar, tv\u00e4tt<\/p>\n","protected":false},"featured_media":42769,"comment_status":"open","ping_status":"closed","template":"","meta":[],"product_brand":[],"product_cat":[33],"product_tag":[],"class_list":{"0":"post-14875","1":"product","2":"type-product","3":"status-publish","4":"has-post-thumbnail","6":"product_cat-okategoriserad","8":"first","9":"instock","10":"shipping-taxable","11":"purchasable","12":"product-type-simple"},"_links":{"self":[{"href":"https:\/\/nordicmart.andreevmaster.com\/sv\/wp-json\/wp\/v2\/product\/14875","targetHints":{"allow":["GET"]}}],"collection":[{"href":"https:\/\/nordicmart.andreevmaster.com\/sv\/wp-json\/wp\/v2\/product"}],"about":[{"href":"https:\/\/nordicmart.andreevmaster.com\/sv\/wp-json\/wp\/v2\/types\/product"}],"replies":[{"embeddable":true,"href":"https:\/\/nordicmart.andreevmaster.com\/sv\/wp-json\/wp\/v2\/comments?post=14875"}],"wp:featuredmedia":[{"embeddable":true,"href":"https:\/\/nordicmart.andreevmaster.com\/sv\/wp-json\/wp\/v2\/media\/42769"}],"wp:attachment":[{"href":"https:\/\/nordicmart.andreevmaster.com\/sv\/wp-json\/wp\/v2\/media?parent=14875"}],"wp:term":[{"taxonomy":"product_brand","embeddable":true,"href":"https:\/\/nordicmart.andreevmaster.com\/sv\/wp-json\/wp\/v2\/product_brand?post=14875"},{"taxonomy":"product_cat","embeddable":true,"href":"https:\/\/nordicmart.andreevmaster.com\/sv\/wp-json\/wp\/v2\/product_cat?post=14875"},{"taxonomy":"product_tag","embeddable":true,"href":"https:\/\/nordicmart.andreevmaster.com\/sv\/wp-json\/wp\/v2\/product_tag?post=14875"}],"curies":[{"name":"wp","href":"https:\/\/api.w.org\/{rel}","templated":true}]}}