{"id":14874,"date":"2026-02-27T00:23:50","date_gmt":"2026-02-27T00:23:50","guid":{"rendered":"https:\/\/nordicmart.andreevmaster.com\/product\/songmics-hopfallbar-torkstallning-med-6-vridbara-armar-svart\/"},"modified":"2026-02-27T08:15:44","modified_gmt":"2026-02-27T08:15:44","slug":"songmics-hopfallbar-torkstallning-med-6-vridbara-armar-svart","status":"publish","type":"product","link":"https:\/\/nordicmart.andreevmaster.com\/sv\/produkt\/songmics-hopfallbar-torkstallning-med-6-vridbara-armar-svart\/","title":{"rendered":"SONGMICS hopf\u00e4llbar torkst\u00e4llning med 6 vridbara armar, svart"},"content":{"rendered":"<p>SONGMICS torkst\u00e4llning, stativtork, 3 vridbara armar f\u00f6r kl\u00e4dh\u00e4ngare, torkst\u00e4llning, 4 ben, f\u00f6r inomhusbruk, rostfritt st\u00e5l, f\u00f6r upp till 27 kl\u00e4desplagg, 150 cm h\u00f6g<br \/>\nF\u00e4rg: Svart<br \/>\nMaterial: Rostfritt st\u00e5l, plast<br \/>\nStorlek p\u00e5 stativet i uppf\u00e4llt l\u00e4ge: 60 x 60 x 191 cm (D x B x H)<br \/>\nStativets storlek i hopf\u00e4llt l\u00e4ge: 4,8 x 4,8 x 222 cm (D x B x H)<br \/>\nVikt: 1,3 kg<br \/>\nMax. statisk belastningskapacitet f\u00f6r varje \u00f6vre arm: 2 kg<br \/>\nMax. statisk belastningskapacitet f\u00f6r varje underarm: 3 kg<br \/>\nMax. statisk belastningskapacitet totalt: 15 kg<\/p>\n","protected":false},"excerpt":{"rendered":"<p>SONGMICS torkst\u00e4llning, stativtork, 3 vridbara armar f\u00f6r kl\u00e4dh\u00e4ngare, torkst\u00e4llning, 4 ben, f\u00f6r inomhusbruk, rostfritt st\u00e5l, f\u00f6r upp till 27 kl\u00e4desplagg, 150 cm h\u00f6g<\/p>\n","protected":false},"featured_media":42768,"comment_status":"open","ping_status":"closed","template":"","meta":[],"product_brand":[],"product_cat":[33],"product_tag":[],"class_list":{"0":"post-14874","1":"product","2":"type-product","3":"status-publish","4":"has-post-thumbnail","6":"product_cat-okategoriserad","8":"first","9":"instock","10":"shipping-taxable","11":"purchasable","12":"product-type-simple"},"_links":{"self":[{"href":"https:\/\/nordicmart.andreevmaster.com\/sv\/wp-json\/wp\/v2\/product\/14874","targetHints":{"allow":["GET"]}}],"collection":[{"href":"https:\/\/nordicmart.andreevmaster.com\/sv\/wp-json\/wp\/v2\/product"}],"about":[{"href":"https:\/\/nordicmart.andreevmaster.com\/sv\/wp-json\/wp\/v2\/types\/product"}],"replies":[{"embeddable":true,"href":"https:\/\/nordicmart.andreevmaster.com\/sv\/wp-json\/wp\/v2\/comments?post=14874"}],"wp:featuredmedia":[{"embeddable":true,"href":"https:\/\/nordicmart.andreevmaster.com\/sv\/wp-json\/wp\/v2\/media\/42768"}],"wp:attachment":[{"href":"https:\/\/nordicmart.andreevmaster.com\/sv\/wp-json\/wp\/v2\/media?parent=14874"}],"wp:term":[{"taxonomy":"product_brand","embeddable":true,"href":"https:\/\/nordicmart.andreevmaster.com\/sv\/wp-json\/wp\/v2\/product_brand?post=14874"},{"taxonomy":"product_cat","embeddable":true,"href":"https:\/\/nordicmart.andreevmaster.com\/sv\/wp-json\/wp\/v2\/product_cat?post=14874"},{"taxonomy":"product_tag","embeddable":true,"href":"https:\/\/nordicmart.andreevmaster.com\/sv\/wp-json\/wp\/v2\/product_tag?post=14874"}],"curies":[{"name":"wp","href":"https:\/\/api.w.org\/{rel}","templated":true}]}}