{"id":14873,"date":"2026-02-27T00:23:49","date_gmt":"2026-02-27T00:23:49","guid":{"rendered":"https:\/\/nordicmart.andreevmaster.com\/product\/kladvadring-kladtorkstall-med-3-roterande-armar-for-galgar-4-ben-inomhus-hopfallbart-torkstall-rostfritt-stal-for-27-plagg-1515-cm-hogt-vitt-och-silver\/"},"modified":"2026-02-27T08:15:44","modified_gmt":"2026-02-27T08:15:44","slug":"kladvadring-kladtorkstall-med-3-roterande-armar-for-galgar-4-ben-inomhus-hopfallbart-torkstall-rostfritt-stal-for-27-plagg-1515-cm-hogt-vitt-och-silver","status":"publish","type":"product","link":"https:\/\/nordicmart.andreevmaster.com\/sv\/produkt\/kladvadring-kladtorkstall-med-3-roterande-armar-for-galgar-4-ben-inomhus-hopfallbart-torkstall-rostfritt-stal-for-27-plagg-1515-cm-hogt-vitt-och-silver\/","title":{"rendered":"Kl\u00e4dv\u00e4dring, kl\u00e4dtorkst\u00e4ll med 3 roterande armar f\u00f6r galgar, 4 ben inomhus, hopf\u00e4llbart torkst\u00e4ll, rostfritt st\u00e5l, f\u00f6r 27 plagg, 151,5 cm h\u00f6gt, vitt och silver"},"content":{"rendered":"<p>[Hopf\u00e4llbart och utrymmesbesparande] Detta kl\u00e4dtorkst\u00e4ll p\u00e5 65 x 65 x 151,5 cm tar upp lite plats och passar perfekt i sm\u00e5rre utrymmen. F\u00e4ll ihop armar och ben till en kompakt storlek p\u00e5 16 x 16 x 182,5 cm, s\u00e5 h\u00e5lls det ur v\u00e4gen efter anv\u00e4ndning.<br \/>\n[Vrid armarna] Med 3 armar kan du enkelt h\u00e4nga upp dina kl\u00e4der f\u00f6r lufttorkning. Armarna kan ocks\u00e5 rotera 360\u00b0, s\u00e5 du kan enkelt n\u00e5 kl\u00e4derna p\u00e5 andra sidan genom att helt enkelt v\u00e4nda dem.<br \/>\n[Rymmer m\u00e5nga plagg] Armarna med h\u00e5l f\u00f6r galgar rymmer upp till 27 plagg, med en statisk b\u00e4rkapacitet p\u00e5 max 15 kg. Denna kl\u00e4dv\u00e4dring passar ocks\u00e5 f\u00f6r v\u00e4skor eller accessoarer.<br \/>\n[Enkel att resa och ta med sig] St\u00e4llet best\u00e5r av 7 delar, s\u00e5 det \u00e4r enkelt att montera eller demontera p\u00e5 en minut, vilket g\u00f6r att du kan ta med det f\u00f6r kl\u00e4dtorkning vid camping.<br \/>\n[Stabilt och stadigt] Huvudstolpen och benen \u00e4r tillverkade av rostfritt st\u00e5l f\u00f6r rostbest\u00e4ndighet och stadighet, medan 4 ben ger mer stabilitet j\u00e4mf\u00f6rt med 3 ben.<\/p>\n<p>Specifikationer: F\u00e4rg: Silver Material: Rostfritt st\u00e5l, plast Produktstorlek: 67 x 67 x 150 cm (L x B x H) Produktvikt: 1,1 kg Max. Statisk belastningskapacitet per arm: 3 kg F\u00f6rpackningens inneh\u00e5ll: 1 x Kl\u00e4dtorkst\u00e4ll 1 x Instruktioner<\/p>\n","protected":false},"excerpt":{"rendered":"<p>[Hopf\u00e4llbart och utrymmesbesparande] Detta kl\u00e4dtorkst\u00e4ll p\u00e5 65 x 65 x 151,5 cm tar upp lite plats och passar perfekt i sm\u00e5rre utrymmen. F\u00e4ll ihop armar och ben till en kompakt storlek p\u00e5 16 x 16 x 182,5 cm, s\u00e5 h\u00e5lls det ur v\u00e4gen efter anv\u00e4ndning. [Vrid armarna] Med 3 armar kan du enkelt h\u00e4nga upp [&hellip;]<\/p>\n","protected":false},"featured_media":0,"comment_status":"open","ping_status":"closed","template":"","meta":[],"product_brand":[],"product_cat":[33],"product_tag":[],"class_list":{"0":"post-14873","1":"product","2":"type-product","3":"status-publish","5":"product_cat-okategoriserad","7":"first","8":"instock","9":"shipping-taxable","10":"product-type-simple"},"_links":{"self":[{"href":"https:\/\/nordicmart.andreevmaster.com\/sv\/wp-json\/wp\/v2\/product\/14873","targetHints":{"allow":["GET"]}}],"collection":[{"href":"https:\/\/nordicmart.andreevmaster.com\/sv\/wp-json\/wp\/v2\/product"}],"about":[{"href":"https:\/\/nordicmart.andreevmaster.com\/sv\/wp-json\/wp\/v2\/types\/product"}],"replies":[{"embeddable":true,"href":"https:\/\/nordicmart.andreevmaster.com\/sv\/wp-json\/wp\/v2\/comments?post=14873"}],"wp:attachment":[{"href":"https:\/\/nordicmart.andreevmaster.com\/sv\/wp-json\/wp\/v2\/media?parent=14873"}],"wp:term":[{"taxonomy":"product_brand","embeddable":true,"href":"https:\/\/nordicmart.andreevmaster.com\/sv\/wp-json\/wp\/v2\/product_brand?post=14873"},{"taxonomy":"product_cat","embeddable":true,"href":"https:\/\/nordicmart.andreevmaster.com\/sv\/wp-json\/wp\/v2\/product_cat?post=14873"},{"taxonomy":"product_tag","embeddable":true,"href":"https:\/\/nordicmart.andreevmaster.com\/sv\/wp-json\/wp\/v2\/product_tag?post=14873"}],"curies":[{"name":"wp","href":"https:\/\/api.w.org\/{rel}","templated":true}]}}