{"id":14872,"date":"2026-02-27T00:23:49","date_gmt":"2026-02-27T00:23:49","guid":{"rendered":"https:\/\/nordicmart.andreevmaster.com\/product\/songmics-torkstallning-med-3-vridbara-armar-och-4-ben-bla-silver\/"},"modified":"2026-02-27T08:15:43","modified_gmt":"2026-02-27T08:15:43","slug":"songmics-torkstallning-med-3-vridbara-armar-och-4-ben-bla-silver","status":"publish","type":"product","link":"https:\/\/nordicmart.andreevmaster.com\/sv\/produkt\/songmics-torkstallning-med-3-vridbara-armar-och-4-ben-bla-silver\/","title":{"rendered":"SONGMICS torkst\u00e4llning med 3 vridbara armar och 4 ben, bl\u00e5-silver"},"content":{"rendered":"<p>SONGMICS torkst\u00e4llning, stativtork, 3 vridbara armar f\u00f6r kl\u00e4dh\u00e4ngare, torkst\u00e4llning, 4 ben, f\u00f6r inomhusbruk, rostfritt st\u00e5l, f\u00f6r upp till 27 kl\u00e4desplagg, 150 cm h\u00f6g<br \/>\nF\u00e4rg: Bl\u00e5-silver<br \/>\nMaterial: Rostfritt st\u00e5l, plast<br \/>\nStorlek p\u00e5 stativet i hopf\u00e4llt l\u00e4ge: 65 x 65 x 150 cm (D x B x H)<br \/>\nStativets storlek i hopf\u00e4llt l\u00e4ge: 5,5 x 5,5 x 182,5 cm (D x B x H)<br \/>\nVikt: 1,1 kg<br \/>\nMax. statisk totalbelastning: 15 kg<\/p>\n","protected":false},"excerpt":{"rendered":"<p>SONGMICS torkst\u00e4llning, stativtork, 3 vridbara armar f\u00f6r kl\u00e4dh\u00e4ngare, torkst\u00e4llning, 4 ben, f\u00f6r inomhusbruk, rostfritt st\u00e5l, f\u00f6r upp till 27 kl\u00e4desplagg, 150 cm h\u00f6g<\/p>\n","protected":false},"featured_media":42767,"comment_status":"open","ping_status":"closed","template":"","meta":[],"product_brand":[],"product_cat":[33],"product_tag":[],"class_list":{"0":"post-14872","1":"product","2":"type-product","3":"status-publish","4":"has-post-thumbnail","6":"product_cat-okategoriserad","8":"first","9":"instock","10":"shipping-taxable","11":"purchasable","12":"product-type-simple"},"_links":{"self":[{"href":"https:\/\/nordicmart.andreevmaster.com\/sv\/wp-json\/wp\/v2\/product\/14872","targetHints":{"allow":["GET"]}}],"collection":[{"href":"https:\/\/nordicmart.andreevmaster.com\/sv\/wp-json\/wp\/v2\/product"}],"about":[{"href":"https:\/\/nordicmart.andreevmaster.com\/sv\/wp-json\/wp\/v2\/types\/product"}],"replies":[{"embeddable":true,"href":"https:\/\/nordicmart.andreevmaster.com\/sv\/wp-json\/wp\/v2\/comments?post=14872"}],"wp:featuredmedia":[{"embeddable":true,"href":"https:\/\/nordicmart.andreevmaster.com\/sv\/wp-json\/wp\/v2\/media\/42767"}],"wp:attachment":[{"href":"https:\/\/nordicmart.andreevmaster.com\/sv\/wp-json\/wp\/v2\/media?parent=14872"}],"wp:term":[{"taxonomy":"product_brand","embeddable":true,"href":"https:\/\/nordicmart.andreevmaster.com\/sv\/wp-json\/wp\/v2\/product_brand?post=14872"},{"taxonomy":"product_cat","embeddable":true,"href":"https:\/\/nordicmart.andreevmaster.com\/sv\/wp-json\/wp\/v2\/product_cat?post=14872"},{"taxonomy":"product_tag","embeddable":true,"href":"https:\/\/nordicmart.andreevmaster.com\/sv\/wp-json\/wp\/v2\/product_tag?post=14872"}],"curies":[{"name":"wp","href":"https:\/\/api.w.org\/{rel}","templated":true}]}}