{"id":14868,"date":"2026-02-27T00:23:48","date_gmt":"2026-02-27T00:23:48","guid":{"rendered":"https:\/\/nordicmart.andreevmaster.com\/product\/songmics-torkstallning-med-2-vingar-i-metall-duvgra\/"},"modified":"2026-02-27T08:15:43","modified_gmt":"2026-02-27T08:15:43","slug":"songmics-torkstallning-med-2-vingar-i-metall-duvgra","status":"publish","type":"product","link":"https:\/\/nordicmart.andreevmaster.com\/sv\/produkt\/songmics-torkstallning-med-2-vingar-i-metall-duvgra\/","title":{"rendered":"SONGMICS Torkst\u00e4llning med 2 vingar i metall, duvgr\u00e5"},"content":{"rendered":"<p>SONGMICS liten kl\u00e4dh\u00e4ngare, hopf\u00e4llbar stativtork med 2 vingar, platsbesparande, metall, f\u00f6r sm\u00e5 kl\u00e4desplagg, handdukar, badrum, balkong, 44 x 101 x 54 cm<br \/>\nF\u00e4rg: duvgr\u00e5<br \/>\nMaterial: st\u00e5l, PP-plast<br \/>\nStorlek p\u00e5 stativet i uppf\u00e4llt l\u00e4ge: 44 x 101 x 54 cm (D x B x H)<br \/>\nStorlek p\u00e5 stativet i hopf\u00e4llt l\u00e4ge: 44 x 60 x 7,5 cm (D x B x H)<br \/>\nVikt: 2,3 kg<br \/>\nMax. statisk totalbelastning: 10 kg<\/p>\n","protected":false},"excerpt":{"rendered":"<p>SONGMICS liten kl\u00e4dh\u00e4ngare, hopf\u00e4llbar stativtork med 2 vingar, platsbesparande, metall, f\u00f6r sm\u00e5 kl\u00e4desplagg, handdukar, badrum, balkong, 44 x 101 x 54 cm<\/p>\n","protected":false},"featured_media":42763,"comment_status":"open","ping_status":"closed","template":"","meta":[],"product_brand":[],"product_cat":[33],"product_tag":[],"class_list":{"0":"post-14868","1":"product","2":"type-product","3":"status-publish","4":"has-post-thumbnail","6":"product_cat-okategoriserad","8":"first","9":"instock","10":"shipping-taxable","11":"purchasable","12":"product-type-simple"},"_links":{"self":[{"href":"https:\/\/nordicmart.andreevmaster.com\/sv\/wp-json\/wp\/v2\/product\/14868","targetHints":{"allow":["GET"]}}],"collection":[{"href":"https:\/\/nordicmart.andreevmaster.com\/sv\/wp-json\/wp\/v2\/product"}],"about":[{"href":"https:\/\/nordicmart.andreevmaster.com\/sv\/wp-json\/wp\/v2\/types\/product"}],"replies":[{"embeddable":true,"href":"https:\/\/nordicmart.andreevmaster.com\/sv\/wp-json\/wp\/v2\/comments?post=14868"}],"wp:featuredmedia":[{"embeddable":true,"href":"https:\/\/nordicmart.andreevmaster.com\/sv\/wp-json\/wp\/v2\/media\/42763"}],"wp:attachment":[{"href":"https:\/\/nordicmart.andreevmaster.com\/sv\/wp-json\/wp\/v2\/media?parent=14868"}],"wp:term":[{"taxonomy":"product_brand","embeddable":true,"href":"https:\/\/nordicmart.andreevmaster.com\/sv\/wp-json\/wp\/v2\/product_brand?post=14868"},{"taxonomy":"product_cat","embeddable":true,"href":"https:\/\/nordicmart.andreevmaster.com\/sv\/wp-json\/wp\/v2\/product_cat?post=14868"},{"taxonomy":"product_tag","embeddable":true,"href":"https:\/\/nordicmart.andreevmaster.com\/sv\/wp-json\/wp\/v2\/product_tag?post=14868"}],"curies":[{"name":"wp","href":"https:\/\/api.w.org\/{rel}","templated":true}]}}