{"id":14867,"date":"2026-02-27T00:23:48","date_gmt":"2026-02-27T00:23:48","guid":{"rendered":"https:\/\/nordicmart.andreevmaster.com\/product\/songmics-kladstallning-med-vingar-av-stal-molnvit-pastellrosa\/"},"modified":"2026-02-27T08:15:42","modified_gmt":"2026-02-27T08:15:42","slug":"songmics-kladstallning-med-vingar-av-stal-molnvit-pastellrosa","status":"publish","type":"product","link":"https:\/\/nordicmart.andreevmaster.com\/sv\/produkt\/songmics-kladstallning-med-vingar-av-stal-molnvit-pastellrosa\/","title":{"rendered":"SONGMICS kl\u00e4dst\u00e4llning med vingar av st\u00e5l, molnvit-pastellrosa"},"content":{"rendered":"<p>SONGMICS hopf\u00e4llbar torkst\u00e4llning, stativtork, kl\u00e4dst\u00e4ll, torkst\u00e4llning, 16 m torkl\u00e4ngd, av rostfritt st\u00e5l, silver LLR502<br \/>\nF\u00e4rg: Molnvit-pastellrosa<br \/>\nMaterial: st\u00e5l, PP-plast<br \/>\nStativets storlek i hopf\u00e4llt l\u00e4ge: 51 x 147 x (97\/112\/128) cm (D x B x H)<br \/>\nStativets storlek i hopf\u00e4llt l\u00e4ge: 7 x 56 x 107 cm (D x B x H)<br \/>\nVikt: 2,9 kg<br \/>\nMax. statisk totalbelastning: 25 kg<\/p>\n","protected":false},"excerpt":{"rendered":"<p>SONGMICS hopf\u00e4llbar torkst\u00e4llning, stativtork, kl\u00e4dst\u00e4ll, torkst\u00e4llning, 16 m torkl\u00e4ngd, av rostfritt st\u00e5l, silver LLR502<\/p>\n","protected":false},"featured_media":42762,"comment_status":"open","ping_status":"closed","template":"","meta":[],"product_brand":[],"product_cat":[33],"product_tag":[],"class_list":{"0":"post-14867","1":"product","2":"type-product","3":"status-publish","4":"has-post-thumbnail","6":"product_cat-okategoriserad","8":"first","9":"instock","10":"shipping-taxable","11":"purchasable","12":"product-type-simple"},"_links":{"self":[{"href":"https:\/\/nordicmart.andreevmaster.com\/sv\/wp-json\/wp\/v2\/product\/14867","targetHints":{"allow":["GET"]}}],"collection":[{"href":"https:\/\/nordicmart.andreevmaster.com\/sv\/wp-json\/wp\/v2\/product"}],"about":[{"href":"https:\/\/nordicmart.andreevmaster.com\/sv\/wp-json\/wp\/v2\/types\/product"}],"replies":[{"embeddable":true,"href":"https:\/\/nordicmart.andreevmaster.com\/sv\/wp-json\/wp\/v2\/comments?post=14867"}],"wp:featuredmedia":[{"embeddable":true,"href":"https:\/\/nordicmart.andreevmaster.com\/sv\/wp-json\/wp\/v2\/media\/42762"}],"wp:attachment":[{"href":"https:\/\/nordicmart.andreevmaster.com\/sv\/wp-json\/wp\/v2\/media?parent=14867"}],"wp:term":[{"taxonomy":"product_brand","embeddable":true,"href":"https:\/\/nordicmart.andreevmaster.com\/sv\/wp-json\/wp\/v2\/product_brand?post=14867"},{"taxonomy":"product_cat","embeddable":true,"href":"https:\/\/nordicmart.andreevmaster.com\/sv\/wp-json\/wp\/v2\/product_cat?post=14867"},{"taxonomy":"product_tag","embeddable":true,"href":"https:\/\/nordicmart.andreevmaster.com\/sv\/wp-json\/wp\/v2\/product_tag?post=14867"}],"curies":[{"name":"wp","href":"https:\/\/api.w.org\/{rel}","templated":true}]}}