{"id":14863,"date":"2026-02-27T00:23:46","date_gmt":"2026-02-27T00:23:46","guid":{"rendered":"https:\/\/nordicmart.andreevmaster.com\/product\/songmics-torkstallning-i-rostfritt-stal\/"},"modified":"2026-02-27T08:15:42","modified_gmt":"2026-02-27T08:15:42","slug":"songmics-torkstallning-i-rostfritt-stal","status":"publish","type":"product","link":"https:\/\/nordicmart.andreevmaster.com\/sv\/produkt\/songmics-torkstallning-i-rostfritt-stal\/","title":{"rendered":"SONGMICS Torkst\u00e4llning i rostfritt st\u00e5l"},"content":{"rendered":"<p>En extra strumph\u00e5llare 26 kl\u00e4mmor h\u00e5ller dina strumpor p\u00e5 plats och f\u00f6rhindrar att de faller ner eller bl\u00e5ser bort vid stark vind. H\u00f6jdjusterbar H\u00f6jden p\u00e5 de tv\u00e5 vingarna kan justeras individuellt f\u00f6r att h\u00e4nga upp kl\u00e4der av olika l\u00e4ngd. 4 skoh\u00e5llare Tack vare den genomt\u00e4nkta designen kan du \u00e4ven l\u00e5ta dina v\u00e5ta skor torka p\u00e5 denna st\u00e4llning.Anvisningar: Anv\u00e4nd torkst\u00e4llningen p\u00e5 en plan yta. Placera inte alla tunga f\u00f6rem\u00e5l p\u00e5 ett st\u00e4lle eller p\u00e5 ena sidan, utan f\u00f6rdela vikten j\u00e4mnt n\u00e4r du h\u00e4nger upp kl\u00e4derna. Tack vare sin l\u00e5ga vikt \u00e4r produkten l\u00e4tt att transportera. Om du vill anv\u00e4nda den utomhus rekommenderar vi dock att du l\u00e4gger n\u00e5gra tunga f\u00f6rem\u00e5l p\u00e5 torkst\u00e4llningens ben f\u00f6r att f\u00f6rhindra att den v\u00e4lter i stark vind. Produktdetaljer F\u00e4rg: silver Material: rostfritt st\u00e5l, tekniska plaster Storlek i uppf\u00e4llt l\u00e4ge: 147 x (97-128) x 56 cm (B x H x D) Storlek hopf\u00e4lld: 109 x 7 x 57 cm (B x H x D) F\u00f6rpackningsm\u00e5tt: 110 x 58,5 x 8,5 cm Nettovikt: 2,89 kg Bruttovikt: 4 kg Leveransomfattning 1 x torkst\u00e4ll<\/p>\n","protected":false},"excerpt":{"rendered":"<p>SONGMICS hopf\u00e4llbar torkst\u00e4llning, stativtork, kl\u00e4dst\u00e4ll, torkst\u00e4llning, 16 m torkl\u00e4ngd, av rostfritt st\u00e5l, silver LLR502<\/p>\n","protected":false},"featured_media":42758,"comment_status":"open","ping_status":"closed","template":"","meta":[],"product_brand":[],"product_cat":[33],"product_tag":[],"class_list":{"0":"post-14863","1":"product","2":"type-product","3":"status-publish","4":"has-post-thumbnail","6":"product_cat-okategoriserad","8":"first","9":"instock","10":"shipping-taxable","11":"purchasable","12":"product-type-simple"},"_links":{"self":[{"href":"https:\/\/nordicmart.andreevmaster.com\/sv\/wp-json\/wp\/v2\/product\/14863","targetHints":{"allow":["GET"]}}],"collection":[{"href":"https:\/\/nordicmart.andreevmaster.com\/sv\/wp-json\/wp\/v2\/product"}],"about":[{"href":"https:\/\/nordicmart.andreevmaster.com\/sv\/wp-json\/wp\/v2\/types\/product"}],"replies":[{"embeddable":true,"href":"https:\/\/nordicmart.andreevmaster.com\/sv\/wp-json\/wp\/v2\/comments?post=14863"}],"wp:featuredmedia":[{"embeddable":true,"href":"https:\/\/nordicmart.andreevmaster.com\/sv\/wp-json\/wp\/v2\/media\/42758"}],"wp:attachment":[{"href":"https:\/\/nordicmart.andreevmaster.com\/sv\/wp-json\/wp\/v2\/media?parent=14863"}],"wp:term":[{"taxonomy":"product_brand","embeddable":true,"href":"https:\/\/nordicmart.andreevmaster.com\/sv\/wp-json\/wp\/v2\/product_brand?post=14863"},{"taxonomy":"product_cat","embeddable":true,"href":"https:\/\/nordicmart.andreevmaster.com\/sv\/wp-json\/wp\/v2\/product_cat?post=14863"},{"taxonomy":"product_tag","embeddable":true,"href":"https:\/\/nordicmart.andreevmaster.com\/sv\/wp-json\/wp\/v2\/product_tag?post=14863"}],"curies":[{"name":"wp","href":"https:\/\/api.w.org\/{rel}","templated":true}]}}