{"id":14862,"date":"2026-02-27T00:23:46","date_gmt":"2026-02-27T00:23:46","guid":{"rendered":"https:\/\/nordicmart.andreevmaster.com\/product\/songmics-kladstall-pa-hjul-2-stanger\/"},"modified":"2026-02-27T08:15:41","modified_gmt":"2026-02-27T08:15:41","slug":"songmics-kladstall-pa-hjul-2-stanger","status":"publish","type":"product","link":"https:\/\/nordicmart.andreevmaster.com\/sv\/produkt\/songmics-kladstall-pa-hjul-2-stanger\/","title":{"rendered":"SONGMICS kl\u00e4dst\u00e4ll p\u00e5 hjul 2 st\u00e4nger"},"content":{"rendered":"<p>Den eleganta kl\u00e4dh\u00e4ngaren fr\u00e5n Songmics \u00e4r den perfekta l\u00f6sningen f\u00f6r snabb och perfekt ordning! Med den praktiska teleskopfunktionen f\u00e5r du en funktionell och anpassningsbar hj\u00e4lpreda f\u00f6r dina behov. Det stabila stativet best\u00e5r av rostfritt st\u00e5lpl\u00e4terat metallr\u00f6r. St\u00e4ngerna kan dras ut teleskopiskt fr\u00e5n 113 till 198 cm. Stativets l\u00e4ngd kan justeras fr\u00e5n 101 till 163 cm. De 4 hjulen \u00e4r 360\u00b0 vridbara, varav 2 med bromsar, \u00e4r halkfria och garanterar \u00f6kad stabilitet. Det robusta stativet uppfyller dina krav f\u00f6r daglig anv\u00e4ndning och kan anv\u00e4ndas f\u00f6r flera olika \u00e4ndam\u00e5l. Det \u00e4r enkelt att ta is\u00e4r och kan d\u00e4rf\u00f6r f\u00f6rvaras eller transporteras p\u00e5 ett utrymmeseffektivt s\u00e4tt.  Produktdetaljer: &#8211; Material: r\u00f6r pl\u00e4terat med rostfritt st\u00e5l, ABS-plast &#8211; Belastbarhet: 25 kg &#8211; L\u00e4ngd: 101-163 cm, bredd: 49 cm, h\u00f6jd: 113-198 cm &#8211; F\u00e4rg: LLR401 gr\u00e5\/ LLR41L bl\u00e5 &#8211; F\u00f6rpackningsstorlek: 22,5 x 9 x 103,5 cm &#8211; Enkelvikt: 4,1 kg   Leveransomfattning\uff1a &#8211; 1 x kl\u00e4dst\u00e4ll (plastdelar\/plastkopplingar, med rostfritt st\u00e5lpl\u00e4terat r\u00f6r, 4 x hjul) <\/p>\n","protected":false},"excerpt":{"rendered":"<p>SONGMICS kl\u00e4dst\u00e4llning Garderob med hjul H\u00f6jdjusterbar fr\u00e5n 113 till 198 cm, r\u00f6r pl\u00e4terade med rostfritt st\u00e5l LLR401<\/p>\n","protected":false},"featured_media":42757,"comment_status":"open","ping_status":"closed","template":"","meta":[],"product_brand":[],"product_cat":[33],"product_tag":[],"class_list":{"0":"post-14862","1":"product","2":"type-product","3":"status-publish","4":"has-post-thumbnail","6":"product_cat-okategoriserad","8":"first","9":"instock","10":"shipping-taxable","11":"purchasable","12":"product-type-simple"},"_links":{"self":[{"href":"https:\/\/nordicmart.andreevmaster.com\/sv\/wp-json\/wp\/v2\/product\/14862","targetHints":{"allow":["GET"]}}],"collection":[{"href":"https:\/\/nordicmart.andreevmaster.com\/sv\/wp-json\/wp\/v2\/product"}],"about":[{"href":"https:\/\/nordicmart.andreevmaster.com\/sv\/wp-json\/wp\/v2\/types\/product"}],"replies":[{"embeddable":true,"href":"https:\/\/nordicmart.andreevmaster.com\/sv\/wp-json\/wp\/v2\/comments?post=14862"}],"wp:featuredmedia":[{"embeddable":true,"href":"https:\/\/nordicmart.andreevmaster.com\/sv\/wp-json\/wp\/v2\/media\/42757"}],"wp:attachment":[{"href":"https:\/\/nordicmart.andreevmaster.com\/sv\/wp-json\/wp\/v2\/media?parent=14862"}],"wp:term":[{"taxonomy":"product_brand","embeddable":true,"href":"https:\/\/nordicmart.andreevmaster.com\/sv\/wp-json\/wp\/v2\/product_brand?post=14862"},{"taxonomy":"product_cat","embeddable":true,"href":"https:\/\/nordicmart.andreevmaster.com\/sv\/wp-json\/wp\/v2\/product_cat?post=14862"},{"taxonomy":"product_tag","embeddable":true,"href":"https:\/\/nordicmart.andreevmaster.com\/sv\/wp-json\/wp\/v2\/product_tag?post=14862"}],"curies":[{"name":"wp","href":"https:\/\/api.w.org\/{rel}","templated":true}]}}