{"id":14861,"date":"2026-02-27T00:23:46","date_gmt":"2026-02-27T00:23:46","guid":{"rendered":"https:\/\/nordicmart.andreevmaster.com\/product\/songmics-utdragbar-kladhangare-med-2-stanger\/"},"modified":"2026-02-27T08:15:41","modified_gmt":"2026-02-27T08:15:41","slug":"songmics-utdragbar-kladhangare-med-2-stanger","status":"publish","type":"product","link":"https:\/\/nordicmart.andreevmaster.com\/sv\/produkt\/songmics-utdragbar-kladhangare-med-2-stanger\/","title":{"rendered":"SONGMICS utdragbar kl\u00e4dh\u00e4ngare med 2 st\u00e4nger"},"content":{"rendered":"<p>H\u00f6jdjusterbar: Denna koppling \u00e4r f\u00f6rsedd med ett g\u00e4ngat h\u00e5l som g\u00f6r det enkelt att justera h\u00f6jden genom att vrida p\u00e5 den. Justerbart h\u00f6jdintervall: 113\u2013198 cm. H\u00f6jden justeras enkelt genom att vrida p\u00e5 den stj\u00e4rnformade l\u00e5sskruven. H\u00f6jden l\u00e5ses genom att dra \u00e5t skruven. Den nedre st\u00e5ngens maxh\u00f6jd: 113 cm. Kopplingar av ABS-plast\/l\u00e5sbara hjul L\u00e5ng livsl\u00e4ngd, slitstarka, tryck- och b\u00f6jbest\u00e4ndiga, repar inte r\u00f6ren. Kopplingarna vid foten \u00e4r f\u00f6rsedda med l\u00e5sskruvar, vilket f\u00f6rb\u00e4ttrar kl\u00e4dst\u00e4llets stabilitet.De 4 hjulen kan roteras 360\u00b0, vilket m\u00f6jligg\u00f6r fri r\u00f6relse; 2 av dem har broms som f\u00f6rhindrar o\u00f6nskad glidning. R\u00f6r pl\u00e4terade med rostfritt st\u00e5l Detta material kombinerar egenskaperna hos rostfritt st\u00e5lr\u00f6r och kolst\u00e5lr\u00f6r p\u00e5 ett idealiskt s\u00e4tt, \u00e4r rost- och korrosionsbest\u00e4ndigt, deformeras inte, \u00e4r robust och h\u00e5llbart; Ytan \u00e4r sl\u00e4t och l\u00e4tt att reng\u00f6ra. R\u00f6rsnitten \u00e4r rena och sl\u00e4ta, l\u00e4tta att montera. Produktdetaljer: &#8211; Material: r\u00f6r pl\u00e4terade med rostfritt st\u00e5l, ABS-plast &#8211; Belastningsf\u00f6rm\u00e5ga: 25 kg &#8211; L\u00e4ngd: 101-166 cm, bredd: 49 cm, h\u00f6jd: 113\u2013198 cm \u2013 F\u00e4rg: gr\u00e5 \u2013 F\u00f6rpackningsstorlek: 22,5 x 9 x 103,5 cm \u2013 Enkelvikt: 4,1 kg Leveransomfattning: \u2013 1 x kl\u00e4dst\u00e4ll (plastdelar\/plastkopplingar, med rostfritt st\u00e5lpl\u00e4terat r\u00f6r, 4 x hjul)<\/p>\n","protected":false},"excerpt":{"rendered":"<p>SONGMICS kl\u00e4dst\u00e4llning Garderob med hjul H\u00f6jdjusterbar fr\u00e5n 113 till 198 cm, r\u00f6r pl\u00e4terade med rostfritt st\u00e5l LLR401<\/p>\n","protected":false},"featured_media":42756,"comment_status":"open","ping_status":"closed","template":"","meta":[],"product_brand":[],"product_cat":[33],"product_tag":[],"class_list":{"0":"post-14861","1":"product","2":"type-product","3":"status-publish","4":"has-post-thumbnail","6":"product_cat-okategoriserad","8":"first","9":"instock","10":"shipping-taxable","11":"purchasable","12":"product-type-simple"},"_links":{"self":[{"href":"https:\/\/nordicmart.andreevmaster.com\/sv\/wp-json\/wp\/v2\/product\/14861","targetHints":{"allow":["GET"]}}],"collection":[{"href":"https:\/\/nordicmart.andreevmaster.com\/sv\/wp-json\/wp\/v2\/product"}],"about":[{"href":"https:\/\/nordicmart.andreevmaster.com\/sv\/wp-json\/wp\/v2\/types\/product"}],"replies":[{"embeddable":true,"href":"https:\/\/nordicmart.andreevmaster.com\/sv\/wp-json\/wp\/v2\/comments?post=14861"}],"wp:featuredmedia":[{"embeddable":true,"href":"https:\/\/nordicmart.andreevmaster.com\/sv\/wp-json\/wp\/v2\/media\/42756"}],"wp:attachment":[{"href":"https:\/\/nordicmart.andreevmaster.com\/sv\/wp-json\/wp\/v2\/media?parent=14861"}],"wp:term":[{"taxonomy":"product_brand","embeddable":true,"href":"https:\/\/nordicmart.andreevmaster.com\/sv\/wp-json\/wp\/v2\/product_brand?post=14861"},{"taxonomy":"product_cat","embeddable":true,"href":"https:\/\/nordicmart.andreevmaster.com\/sv\/wp-json\/wp\/v2\/product_cat?post=14861"},{"taxonomy":"product_tag","embeddable":true,"href":"https:\/\/nordicmart.andreevmaster.com\/sv\/wp-json\/wp\/v2\/product_tag?post=14861"}],"curies":[{"name":"wp","href":"https:\/\/api.w.org\/{rel}","templated":true}]}}