{"id":14860,"date":"2026-02-27T00:23:46","date_gmt":"2026-02-27T00:23:46","guid":{"rendered":"https:\/\/nordicmart.andreevmaster.com\/product\/songmics-50-m-kladlina-for-5-tvattmaskinslaster-silvergron\/"},"modified":"2026-02-27T08:15:41","modified_gmt":"2026-02-27T08:15:41","slug":"songmics-50-m-kladlina-for-5-tvattmaskinslaster-silvergron","status":"publish","type":"product","link":"https:\/\/nordicmart.andreevmaster.com\/sv\/produkt\/songmics-50-m-kladlina-for-5-tvattmaskinslaster-silvergron\/","title":{"rendered":"SONGMICS 50 m kl\u00e4dlina f\u00f6r 5 tv\u00e4ttmaskinslaster silvergr\u00f6n"},"content":{"rendered":"<p>SONGMICS kl\u00e4dstativ, h\u00f6jdjusterbart, 60 m kl\u00e4dlina, f\u00f6r 6 tv\u00e4ttmaskinslaster, utomhus, tr\u00e4dg\u00e5rd, med bottenhylsa, kl\u00e4dnypor, silvergr\u00f6nt LLR302E01<br \/>\nF\u00e4rg: silvergr\u00f6n<br \/>\nMaterial: Aluminiumlegering, plast, st\u00e5l<br \/>\nStorlek p\u00e5 stativet i uppf\u00e4llt l\u00e4ge: 170 x 170 x (121-183) cm (D x B x H)<br \/>\nVikt: 3 kg<br \/>\nMax. total statisk belastningskapacitet: 28 kg<\/p>\n","protected":false},"excerpt":{"rendered":"<p>SONGMICS kl\u00e4dstativ, h\u00f6jdjusterbart, 60 m kl\u00e4dlina, f\u00f6r 6 tv\u00e4ttmaskinslaster, utomhus, tr\u00e4dg\u00e5rd, med bottenhylsa, kl\u00e4dnypor, silvergr\u00f6nt LLR302E01<\/p>\n","protected":false},"featured_media":42755,"comment_status":"open","ping_status":"closed","template":"","meta":[],"product_brand":[],"product_cat":[33],"product_tag":[],"class_list":{"0":"post-14860","1":"product","2":"type-product","3":"status-publish","4":"has-post-thumbnail","6":"product_cat-okategoriserad","8":"first","9":"instock","10":"shipping-taxable","11":"purchasable","12":"product-type-simple"},"_links":{"self":[{"href":"https:\/\/nordicmart.andreevmaster.com\/sv\/wp-json\/wp\/v2\/product\/14860","targetHints":{"allow":["GET"]}}],"collection":[{"href":"https:\/\/nordicmart.andreevmaster.com\/sv\/wp-json\/wp\/v2\/product"}],"about":[{"href":"https:\/\/nordicmart.andreevmaster.com\/sv\/wp-json\/wp\/v2\/types\/product"}],"replies":[{"embeddable":true,"href":"https:\/\/nordicmart.andreevmaster.com\/sv\/wp-json\/wp\/v2\/comments?post=14860"}],"wp:featuredmedia":[{"embeddable":true,"href":"https:\/\/nordicmart.andreevmaster.com\/sv\/wp-json\/wp\/v2\/media\/42755"}],"wp:attachment":[{"href":"https:\/\/nordicmart.andreevmaster.com\/sv\/wp-json\/wp\/v2\/media?parent=14860"}],"wp:term":[{"taxonomy":"product_brand","embeddable":true,"href":"https:\/\/nordicmart.andreevmaster.com\/sv\/wp-json\/wp\/v2\/product_brand?post=14860"},{"taxonomy":"product_cat","embeddable":true,"href":"https:\/\/nordicmart.andreevmaster.com\/sv\/wp-json\/wp\/v2\/product_cat?post=14860"},{"taxonomy":"product_tag","embeddable":true,"href":"https:\/\/nordicmart.andreevmaster.com\/sv\/wp-json\/wp\/v2\/product_tag?post=14860"}],"curies":[{"name":"wp","href":"https:\/\/api.w.org\/{rel}","templated":true}]}}