{"id":14859,"date":"2026-02-27T00:23:45","date_gmt":"2026-02-27T00:23:45","guid":{"rendered":"https:\/\/nordicmart.andreevmaster.com\/product\/songmics-kladstall-pa-hjul-gra\/"},"modified":"2026-02-27T08:15:41","modified_gmt":"2026-02-27T08:15:41","slug":"songmics-kladstall-pa-hjul-gra","status":"publish","type":"product","link":"https:\/\/nordicmart.andreevmaster.com\/sv\/produkt\/songmics-kladstall-pa-hjul-gra\/","title":{"rendered":"SONGMICS kl\u00e4dst\u00e4ll p\u00e5 hjul Gr\u00e5"},"content":{"rendered":"<p>Mer plats f\u00f6r alla dina kl\u00e4der Denna kl\u00e4dh\u00e4ngare \u00e4r utrustad med 2 utdragbara st\u00e4nger (87 till 150 cm l\u00e5nga), h\u00f6j- och s\u00e4nkbara r\u00f6r p\u00e5 sidan d\u00e4r du kan h\u00e4nga accessoarer, samt en metallgallerbotten f\u00f6r skor eller f\u00f6rvaringsl\u00e5dor. S\u00e5 kan du f\u00f6rvara en m\u00e4ngd olika kl\u00e4der p\u00e5 ett snyggt s\u00e4tt och befria ditt rum fr\u00e5n kaos. St\u00e5 still eller fram\u00e5t marsch! Denna kl\u00e4dst\u00e4llning \u00e4r utrustad med 4 hjul och f\u00f6ljer med dig fr\u00e5n ett rum till ett annat medan du best\u00e4mmer vad du vill ha p\u00e5 dig. 2 av hjulen \u00e4r utrustade med bromsar s\u00e5 att du kan l\u00e5sa den mobila kl\u00e4dst\u00e5ngen. Den \u00e4r d\u00e4rf\u00f6r ocks\u00e5 perfekt f\u00f6r kl\u00e4dbutiker. G\u00f6r denna kl\u00e4dh\u00e4ngare fr\u00e5n SONGMICS till huvudpersonen i ditt sovrum och h\u00e5ll dig lugn n\u00e4r du snabbt m\u00e5ste v\u00e4lja en outfit. Produktdetaljer: &#8211; F\u00e4rg: gr\u00e5 &#8211; Material: kolst\u00e5l, ABS-kopplingar, hjul av PP-plast &#8211; Storlek: 87 x 52 x 166 cm (L x B x H) &#8211; L\u00e4ngd p\u00e5 utdragbara st\u00e4nger: 87 till 150 cm &#8211; H\u00f6jd p\u00e5 de tv\u00e5 tv\u00e4rst\u00e4ngerna: 166\/146 cm &#8211; Vikt: 5,1 kg &#8211; Max. statisk belastningskapacitet totalt: 70 kg &#8211; Max. statisk belastningskapacitet per kl\u00e4dst\u00e5ng: 35 kg Leveransomfattning:- 1 x dubbel kl\u00e4dst\u00e4llning &#8211; 1 x beh\u00e5llare med tillbeh\u00f6r &#8211; 1 x bruksanvisning (DE, EN, FR, ES, IT)<\/p>\n","protected":false},"excerpt":{"rendered":"<p>SONGMICS kl\u00e4dst\u00e4ll p\u00e5 hjul, utdragbar kl\u00e4dh\u00e4ngare med dubbelst\u00e5ng, kl\u00e4dst\u00e4ll, belastningskapacitet upp till 70 kg, (87-150) x 52 x 166 cm, f\u00f6r kl\u00e4der, skjortor, kostymer, gr\u00e5 LLR13GY<\/p>\n","protected":false},"featured_media":42754,"comment_status":"open","ping_status":"closed","template":"","meta":[],"product_brand":[],"product_cat":[33],"product_tag":[],"class_list":{"0":"post-14859","1":"product","2":"type-product","3":"status-publish","4":"has-post-thumbnail","6":"product_cat-okategoriserad","8":"first","9":"instock","10":"shipping-taxable","11":"purchasable","12":"product-type-simple"},"_links":{"self":[{"href":"https:\/\/nordicmart.andreevmaster.com\/sv\/wp-json\/wp\/v2\/product\/14859","targetHints":{"allow":["GET"]}}],"collection":[{"href":"https:\/\/nordicmart.andreevmaster.com\/sv\/wp-json\/wp\/v2\/product"}],"about":[{"href":"https:\/\/nordicmart.andreevmaster.com\/sv\/wp-json\/wp\/v2\/types\/product"}],"replies":[{"embeddable":true,"href":"https:\/\/nordicmart.andreevmaster.com\/sv\/wp-json\/wp\/v2\/comments?post=14859"}],"wp:featuredmedia":[{"embeddable":true,"href":"https:\/\/nordicmart.andreevmaster.com\/sv\/wp-json\/wp\/v2\/media\/42754"}],"wp:attachment":[{"href":"https:\/\/nordicmart.andreevmaster.com\/sv\/wp-json\/wp\/v2\/media?parent=14859"}],"wp:term":[{"taxonomy":"product_brand","embeddable":true,"href":"https:\/\/nordicmart.andreevmaster.com\/sv\/wp-json\/wp\/v2\/product_brand?post=14859"},{"taxonomy":"product_cat","embeddable":true,"href":"https:\/\/nordicmart.andreevmaster.com\/sv\/wp-json\/wp\/v2\/product_cat?post=14859"},{"taxonomy":"product_tag","embeddable":true,"href":"https:\/\/nordicmart.andreevmaster.com\/sv\/wp-json\/wp\/v2\/product_tag?post=14859"}],"curies":[{"name":"wp","href":"https:\/\/api.w.org\/{rel}","templated":true}]}}