{"id":14858,"date":"2026-02-27T00:23:45","date_gmt":"2026-02-27T00:23:45","guid":{"rendered":"https:\/\/nordicmart.andreevmaster.com\/product\/songmics-kladstang-i-rostfritt-stal\/"},"modified":"2026-02-27T08:15:40","modified_gmt":"2026-02-27T08:15:40","slug":"songmics-kladstang-i-rostfritt-stal","status":"publish","type":"product","link":"https:\/\/nordicmart.andreevmaster.com\/sv\/produkt\/songmics-kladstang-i-rostfritt-stal\/","title":{"rendered":"SONGMICS kl\u00e4dst\u00e5ng i rostfritt st\u00e5l"},"content":{"rendered":"<p>F\u00e4rdig kl\u00e4dst\u00e5ng f\u00f6r r\u00f6riga kl\u00e4dh\u00f6gar: Letar du efter en smart l\u00f6sning f\u00f6r r\u00f6riga kl\u00e4dh\u00f6gar? Perfekt, nu har du hittat den! Denna eleganta kl\u00e4dst\u00e5ng erbjuder gott om plats f\u00f6r dina vardagskl\u00e4der och tar samtidigt liten plats.Produktdetaljer: F\u00e4rg: Silver Material: 201 rostfritt st\u00e5l, aluminiumlegering Storlek: 110 x 44 x 158,5 cm (L x B x H) Vikt: 2,5 kg Max. statisk belastningskapacitet: 45 kg Leveransomfattning: 1 x kl\u00e4dst\u00e5ng 1 x bruksanvisning (DE, EN, FR, ES, IT) SONGMICS Anm\u00e4rkningar:Den maximala belastningskapaciteten avser den statiska vikten. Placera produkten p\u00e5 en plan yta och f\u00f6rdela alla kl\u00e4der j\u00e4mnt. H\u00e5ll barn borta fr\u00e5n att kl\u00e4ttra p\u00e5 eller leka med produkten f\u00f6r att undvika skador orsakade av att kl\u00e4dh\u00e4ngaren v\u00e4lter.<\/p>\n","protected":false},"excerpt":{"rendered":"<p>SONGMICS kl\u00e4dst\u00e4ll, garderob helt i metall, stabil kl\u00e4dst\u00e5ng, belastningskapacitet upp till 45 kg, 110 x 44 x 158,5 cm, f\u00f6r rockar, kl\u00e4der, halsdukar, v\u00e4skor, silver LLR12SV<\/p>\n","protected":false},"featured_media":42753,"comment_status":"open","ping_status":"closed","template":"","meta":[],"product_brand":[],"product_cat":[33],"product_tag":[],"class_list":{"0":"post-14858","1":"product","2":"type-product","3":"status-publish","4":"has-post-thumbnail","6":"product_cat-okategoriserad","8":"first","9":"instock","10":"shipping-taxable","11":"purchasable","12":"product-type-simple"},"_links":{"self":[{"href":"https:\/\/nordicmart.andreevmaster.com\/sv\/wp-json\/wp\/v2\/product\/14858","targetHints":{"allow":["GET"]}}],"collection":[{"href":"https:\/\/nordicmart.andreevmaster.com\/sv\/wp-json\/wp\/v2\/product"}],"about":[{"href":"https:\/\/nordicmart.andreevmaster.com\/sv\/wp-json\/wp\/v2\/types\/product"}],"replies":[{"embeddable":true,"href":"https:\/\/nordicmart.andreevmaster.com\/sv\/wp-json\/wp\/v2\/comments?post=14858"}],"wp:featuredmedia":[{"embeddable":true,"href":"https:\/\/nordicmart.andreevmaster.com\/sv\/wp-json\/wp\/v2\/media\/42753"}],"wp:attachment":[{"href":"https:\/\/nordicmart.andreevmaster.com\/sv\/wp-json\/wp\/v2\/media?parent=14858"}],"wp:term":[{"taxonomy":"product_brand","embeddable":true,"href":"https:\/\/nordicmart.andreevmaster.com\/sv\/wp-json\/wp\/v2\/product_brand?post=14858"},{"taxonomy":"product_cat","embeddable":true,"href":"https:\/\/nordicmart.andreevmaster.com\/sv\/wp-json\/wp\/v2\/product_cat?post=14858"},{"taxonomy":"product_tag","embeddable":true,"href":"https:\/\/nordicmart.andreevmaster.com\/sv\/wp-json\/wp\/v2\/product_tag?post=14858"}],"curies":[{"name":"wp","href":"https:\/\/api.w.org\/{rel}","templated":true}]}}