{"id":14856,"date":"2026-02-27T00:23:44","date_gmt":"2026-02-27T00:23:44","guid":{"rendered":"https:\/\/nordicmart.andreevmaster.com\/product\/songmics-kladstang-i-stal-svart-bla\/"},"modified":"2026-02-27T08:15:40","modified_gmt":"2026-02-27T08:15:40","slug":"songmics-kladstang-i-stal-svart-bla","status":"publish","type":"product","link":"https:\/\/nordicmart.andreevmaster.com\/sv\/produkt\/songmics-kladstang-i-stal-svart-bla\/","title":{"rendered":"SONGMICS kl\u00e4dst\u00e5ng i st\u00e5l, svart-bl\u00e5"},"content":{"rendered":"<p>Kampen om mer plats i garderoben \u00e4r \u00f6ver: Spricker din garderob i s\u00f6mmarna? Eller har du kanske ingen garderob alls? D\u00e5 kan du unna dig denna kl\u00e4dst\u00e5ng f\u00f6r att h\u00e4nga upp jackor, rockar och liknande p\u00e5 ett snyggt s\u00e4tt. Kl\u00e4dst\u00e5ngen kan f\u00f6rresten dras ut upp till 150 cm f\u00f6r att skapa \u00e4nnu mer plats f\u00f6r dina kl\u00e4der. Produktdetaljer: F\u00e4rg: Matt svartbl\u00e5 Material: Kolst\u00e5l, ABS, PP Storlek: (87-150) x 44 x 165 cm (L x B x H) Vikt: 2,4 kg Max. statisk belastningskapacitet: 40 kg Leveransomfattning: 1 x kl\u00e4dst\u00e4llning 1 x bruksanvisning (DE, EN, FR, ES, IT) SONGMICS Anm\u00e4rkningar:Den maximala belastningskapaciteten avser statisk vikt. Placera produkten p\u00e5 en plan yta och f\u00f6rdela alla kl\u00e4der j\u00e4mnt. H\u00e5ll barn borta fr\u00e5n att kl\u00e4ttra p\u00e5 eller leka med produkten f\u00f6r att undvika skador orsakade av att kl\u00e4dh\u00e4ngaren v\u00e4lter.<\/p>\n","protected":false},"excerpt":{"rendered":"<p>SONGMICS kl\u00e4dst\u00e4ll p\u00e5 hjul, utdragbar garderob, stabil kl\u00e4dst\u00e5ng, (87\u2013150) x 44 x 165 cm, f\u00f6r rockar, kl\u00e4nningar, halsdukar, v\u00e4skor, matt svartbl\u00e5 LLR11BQ<\/p>\n","protected":false},"featured_media":42751,"comment_status":"open","ping_status":"closed","template":"","meta":[],"product_brand":[],"product_cat":[33],"product_tag":[],"class_list":{"0":"post-14856","1":"product","2":"type-product","3":"status-publish","4":"has-post-thumbnail","6":"product_cat-okategoriserad","8":"first","9":"instock","10":"shipping-taxable","11":"purchasable","12":"product-type-simple"},"_links":{"self":[{"href":"https:\/\/nordicmart.andreevmaster.com\/sv\/wp-json\/wp\/v2\/product\/14856","targetHints":{"allow":["GET"]}}],"collection":[{"href":"https:\/\/nordicmart.andreevmaster.com\/sv\/wp-json\/wp\/v2\/product"}],"about":[{"href":"https:\/\/nordicmart.andreevmaster.com\/sv\/wp-json\/wp\/v2\/types\/product"}],"replies":[{"embeddable":true,"href":"https:\/\/nordicmart.andreevmaster.com\/sv\/wp-json\/wp\/v2\/comments?post=14856"}],"wp:featuredmedia":[{"embeddable":true,"href":"https:\/\/nordicmart.andreevmaster.com\/sv\/wp-json\/wp\/v2\/media\/42751"}],"wp:attachment":[{"href":"https:\/\/nordicmart.andreevmaster.com\/sv\/wp-json\/wp\/v2\/media?parent=14856"}],"wp:term":[{"taxonomy":"product_brand","embeddable":true,"href":"https:\/\/nordicmart.andreevmaster.com\/sv\/wp-json\/wp\/v2\/product_brand?post=14856"},{"taxonomy":"product_cat","embeddable":true,"href":"https:\/\/nordicmart.andreevmaster.com\/sv\/wp-json\/wp\/v2\/product_cat?post=14856"},{"taxonomy":"product_tag","embeddable":true,"href":"https:\/\/nordicmart.andreevmaster.com\/sv\/wp-json\/wp\/v2\/product_tag?post=14856"}],"curies":[{"name":"wp","href":"https:\/\/api.w.org\/{rel}","templated":true}]}}