{"id":14854,"date":"2026-02-27T00:23:44","date_gmt":"2026-02-27T00:23:44","guid":{"rendered":"https:\/\/nordicmart.andreevmaster.com\/product\/songmics-kladstall-med-skohylla-vit\/"},"modified":"2026-02-27T08:15:40","modified_gmt":"2026-02-27T08:15:40","slug":"songmics-kladstall-med-skohylla-vit","status":"publish","type":"product","link":"https:\/\/nordicmart.andreevmaster.com\/sv\/produkt\/songmics-kladstall-med-skohylla-vit\/","title":{"rendered":"SONGMICS kl\u00e4dst\u00e4ll med skohylla Vit"},"content":{"rendered":"<p>Den superl\u00e4tta kl\u00e4dh\u00e4ngaren fr\u00e5n Songmics har en s\u00e4ker och stabil konstruktion som t\u00e5l tung belastning och passar perfekt i alla hem! Det stabila stativet best\u00e5r av rostfritt st\u00e5lpl\u00e4terade metallr\u00f6r. Kl\u00e4dh\u00e4ngaren \u00e4r utrustad med 2 kl\u00e4dst\u00e4nger och 2 n\u00e4tfack och har tillr\u00e4ckligt med plats f\u00f6r kl\u00e4der, blusar, v\u00e4skor, hattar och mycket mer. Avst\u00e5ndet mellan de tv\u00e5 hyllorna \u00e4r justerbart och kan anpassas optimalt efter dina behov. Dina f\u00f6rem\u00e5l kan f\u00f6rvaras snyggt och l\u00e4ttillg\u00e4ngligt p\u00e5 hyllorna.   De praktiska l\u00e4ttrullade hjulen g\u00f6r det enkelt att flytta kl\u00e4dst\u00e4llningen. Kl\u00e4dstativet \u00e4r enkelt att ta is\u00e4r och kan d\u00e4rmed f\u00f6rvaras eller transporteras p\u00e5 ett utrymmeseffektivt s\u00e4tt.  Med den praktiska teleskopfunktionen f\u00e5r du en funktionell och anpassningsbar hj\u00e4lpreda f\u00f6r dina behov. Produktdetaljer: &#8211; M\u00e5tt: (90-154) x (95-172) x 42 cm (B x H x D)-Djup p\u00e5 \u00f6vre n\u00e4tunderlag: ca 33 cm-Djup p\u00e5 undre n\u00e4tunderlag: ca 26 cm-Material: r\u00f6r pl\u00e4terat med rostfritt st\u00e5l + PP-plast-F\u00e4rg: vit -F\u00f6rpackningsstorlek: 93 x 36 x 9 cm -Enkelvikt: 6,7 kg Leveransomfattning\uff1a -1 x kl\u00e4dst\u00e4ll -1 x bruksanvisning (DE, EN, FR, IT, ES)<\/p>\n","protected":false},"excerpt":{"rendered":"<p>SONGMICS kl\u00e4dst\u00e4ll med 2 skohyllor Justerbar 95-172 cm, rostfritt st\u00e5lpl\u00e4terade r\u00f6r LLR03W<\/p>\n","protected":false},"featured_media":42750,"comment_status":"open","ping_status":"closed","template":"","meta":[],"product_brand":[],"product_cat":[33],"product_tag":[],"class_list":{"0":"post-14854","1":"product","2":"type-product","3":"status-publish","4":"has-post-thumbnail","6":"product_cat-okategoriserad","8":"first","9":"instock","10":"shipping-taxable","11":"purchasable","12":"product-type-simple"},"_links":{"self":[{"href":"https:\/\/nordicmart.andreevmaster.com\/sv\/wp-json\/wp\/v2\/product\/14854","targetHints":{"allow":["GET"]}}],"collection":[{"href":"https:\/\/nordicmart.andreevmaster.com\/sv\/wp-json\/wp\/v2\/product"}],"about":[{"href":"https:\/\/nordicmart.andreevmaster.com\/sv\/wp-json\/wp\/v2\/types\/product"}],"replies":[{"embeddable":true,"href":"https:\/\/nordicmart.andreevmaster.com\/sv\/wp-json\/wp\/v2\/comments?post=14854"}],"wp:featuredmedia":[{"embeddable":true,"href":"https:\/\/nordicmart.andreevmaster.com\/sv\/wp-json\/wp\/v2\/media\/42750"}],"wp:attachment":[{"href":"https:\/\/nordicmart.andreevmaster.com\/sv\/wp-json\/wp\/v2\/media?parent=14854"}],"wp:term":[{"taxonomy":"product_brand","embeddable":true,"href":"https:\/\/nordicmart.andreevmaster.com\/sv\/wp-json\/wp\/v2\/product_brand?post=14854"},{"taxonomy":"product_cat","embeddable":true,"href":"https:\/\/nordicmart.andreevmaster.com\/sv\/wp-json\/wp\/v2\/product_cat?post=14854"},{"taxonomy":"product_tag","embeddable":true,"href":"https:\/\/nordicmart.andreevmaster.com\/sv\/wp-json\/wp\/v2\/product_tag?post=14854"}],"curies":[{"name":"wp","href":"https:\/\/api.w.org\/{rel}","templated":true}]}}