{"id":14853,"date":"2026-02-27T00:23:44","date_gmt":"2026-02-27T00:23:44","guid":{"rendered":"https:\/\/nordicmart.andreevmaster.com\/product\/songmics-kladstallning-med-dubbelstang-bla\/"},"modified":"2026-02-27T08:15:39","modified_gmt":"2026-02-27T08:15:39","slug":"songmics-kladstallning-med-dubbelstang-bla","status":"publish","type":"product","link":"https:\/\/nordicmart.andreevmaster.com\/sv\/produkt\/songmics-kladstallning-med-dubbelstang-bla\/","title":{"rendered":"SONGMICS kl\u00e4dst\u00e4llning med dubbelst\u00e5ng Bl\u00e5"},"content":{"rendered":"<p>Den superl\u00e4tta kl\u00e4dh\u00e4ngaren fr\u00e5n Songmics har en s\u00e4ker och stabil konstruktion som t\u00e5l tung belastning och passar perfekt i alla hem. Det stabila stativet best\u00e5r av metallr\u00f6r pl\u00e4terade med rostfritt st\u00e5l. Kl\u00e4dh\u00e4ngaren har 2 kl\u00e4dst\u00e4nger och erbjuder gott om plats f\u00f6r kl\u00e4der, blusar, v\u00e4skor, hattar och mycket mer. St\u00e4ngerna kan dras ut teleskopiskt i h\u00f6jden fr\u00e5n 87 till 152 cm. H\u00f6jden kan justeras efter dina individuella behov, vilket ocks\u00e5 sparar utrymme. De praktiska l\u00e4ttl\u00f6pande hjulen g\u00f6r den enkel att flytta. Kl\u00e4dstativet \u00e4r enkelt att ta is\u00e4r och kan d\u00e4rmed f\u00f6rvaras eller transporteras p\u00e5 ett utrymmeseffektivt s\u00e4tt. Med den praktiska teleskopfunktionen f\u00e5r du en funktionell och anpassningsbar hj\u00e4lpreda f\u00f6r dina behov. Produktdetaljer: &#8211; L\u00e4ngd: 87 cm, djup: 67 cm, h\u00f6jd: 100\u2013165 cm \u2013 Material: r\u00f6r pl\u00e4terade med rostfritt st\u00e5l, ABS-plast \u2013 F\u00f6rpackningsstorlek: 33 x 10,3 x 89 cm \u2013 Enkelvikt: 5,1 kg Leveransomfattning: \u2013 1 x kl\u00e4dst\u00e4ll (plastdelar\/plastkopplingar, r\u00f6r pl\u00e4terade med rostfritt st\u00e5l, 4 x hjul)<\/p>\n","protected":false},"excerpt":{"rendered":"<p>SONGMICS kl\u00e4dst\u00e4ll med 2 skohyllor Justerbar 95-172 cm, rostfritt st\u00e5lpl\u00e4terade r\u00f6r LLR03W<\/p>\n","protected":false},"featured_media":42749,"comment_status":"open","ping_status":"closed","template":"","meta":[],"product_brand":[],"product_cat":[33],"product_tag":[],"class_list":{"0":"post-14853","1":"product","2":"type-product","3":"status-publish","4":"has-post-thumbnail","6":"product_cat-okategoriserad","8":"first","9":"instock","10":"shipping-taxable","11":"purchasable","12":"product-type-simple"},"_links":{"self":[{"href":"https:\/\/nordicmart.andreevmaster.com\/sv\/wp-json\/wp\/v2\/product\/14853","targetHints":{"allow":["GET"]}}],"collection":[{"href":"https:\/\/nordicmart.andreevmaster.com\/sv\/wp-json\/wp\/v2\/product"}],"about":[{"href":"https:\/\/nordicmart.andreevmaster.com\/sv\/wp-json\/wp\/v2\/types\/product"}],"replies":[{"embeddable":true,"href":"https:\/\/nordicmart.andreevmaster.com\/sv\/wp-json\/wp\/v2\/comments?post=14853"}],"wp:featuredmedia":[{"embeddable":true,"href":"https:\/\/nordicmart.andreevmaster.com\/sv\/wp-json\/wp\/v2\/media\/42749"}],"wp:attachment":[{"href":"https:\/\/nordicmart.andreevmaster.com\/sv\/wp-json\/wp\/v2\/media?parent=14853"}],"wp:term":[{"taxonomy":"product_brand","embeddable":true,"href":"https:\/\/nordicmart.andreevmaster.com\/sv\/wp-json\/wp\/v2\/product_brand?post=14853"},{"taxonomy":"product_cat","embeddable":true,"href":"https:\/\/nordicmart.andreevmaster.com\/sv\/wp-json\/wp\/v2\/product_cat?post=14853"},{"taxonomy":"product_tag","embeddable":true,"href":"https:\/\/nordicmart.andreevmaster.com\/sv\/wp-json\/wp\/v2\/product_tag?post=14853"}],"curies":[{"name":"wp","href":"https:\/\/api.w.org\/{rel}","templated":true}]}}