{"id":14852,"date":"2026-02-27T00:23:43","date_gmt":"2026-02-27T00:23:43","guid":{"rendered":"https:\/\/nordicmart.andreevmaster.com\/product\/songmics-utdragbar-kladstallning-bla\/"},"modified":"2026-02-27T08:15:39","modified_gmt":"2026-02-27T08:15:39","slug":"songmics-utdragbar-kladstallning-bla","status":"publish","type":"product","link":"https:\/\/nordicmart.andreevmaster.com\/sv\/produkt\/songmics-utdragbar-kladstallning-bla\/","title":{"rendered":"SONGMICS utdragbar kl\u00e4dst\u00e4llning bl\u00e5"},"content":{"rendered":"<p>Produktbeskrivning Den eleganta kl\u00e4dh\u00e4ngaren fr\u00e5n Songmics \u00e4r den perfekta l\u00f6sningen f\u00f6r snabb och perfekt ordning! Med den praktiska teleskopfunktionen f\u00e5r du en funktionell och anpassningsbar hj\u00e4lpreda f\u00f6r dina behov. Det stabila stativet best\u00e5r av rostfritt st\u00e5lpl\u00e4terat metallr\u00f6r. St\u00e4ngerna kan dras ut teleskopiskt i h\u00f6jdled fr\u00e5n 87 till 150 cm. Stativets l\u00e4ngd kan justeras fr\u00e5n 97 till 165 cm. De 4 hjulen \u00e4r 360\u00b0 vridbara, varav 2 med bromsar, \u00e4r halkfria och garanterar \u00f6kad stabilitet.Det robusta stativet uppfyller dina krav f\u00f6r daglig anv\u00e4ndning och kan anv\u00e4ndas f\u00f6r flera olika \u00e4ndam\u00e5l. Det \u00e4r enkelt att ta is\u00e4r och kan d\u00e4rf\u00f6r f\u00f6rvaras eller transporteras p\u00e5 ett utrymmeseffektivt s\u00e4tt. Produktdetaljer: &#8211; Material: r\u00f6r pl\u00e4terat med rostfritt st\u00e5l, ABS-plast &#8211; Belastningskapacitet: 25-30 kg &#8211; L\u00e4ngd: 87-150 cm, bredd: 44 cm, h\u00f6jd: 97\u2013165 cm \u2013 F\u00e4rg: bl\u00e5 \u2013 F\u00f6rpackningsstorlek: 19 x 9,5 x 90 cm \u2013 Enkelvikt: 3,2 kg Setet inneh\u00e5ller: Leveransomfattning: \u2013 Plastdelar\/plastkopplingar \u2013 Rostfritt st\u00e5lpl\u00e4terat r\u00f6r \u2013 4 x hjul<\/p>\n","protected":false},"excerpt":{"rendered":"<p>SONGMICS kl\u00e4dst\u00e4llning, utdragbar 97\u2013165 cm med hjul, metall, bl\u00e5, 150 x 44 x 165 cm<\/p>\n","protected":false},"featured_media":42748,"comment_status":"open","ping_status":"closed","template":"","meta":[],"product_brand":[],"product_cat":[33],"product_tag":[],"class_list":{"0":"post-14852","1":"product","2":"type-product","3":"status-publish","4":"has-post-thumbnail","6":"product_cat-okategoriserad","8":"first","9":"instock","10":"shipping-taxable","11":"purchasable","12":"product-type-simple"},"_links":{"self":[{"href":"https:\/\/nordicmart.andreevmaster.com\/sv\/wp-json\/wp\/v2\/product\/14852","targetHints":{"allow":["GET"]}}],"collection":[{"href":"https:\/\/nordicmart.andreevmaster.com\/sv\/wp-json\/wp\/v2\/product"}],"about":[{"href":"https:\/\/nordicmart.andreevmaster.com\/sv\/wp-json\/wp\/v2\/types\/product"}],"replies":[{"embeddable":true,"href":"https:\/\/nordicmart.andreevmaster.com\/sv\/wp-json\/wp\/v2\/comments?post=14852"}],"wp:featuredmedia":[{"embeddable":true,"href":"https:\/\/nordicmart.andreevmaster.com\/sv\/wp-json\/wp\/v2\/media\/42748"}],"wp:attachment":[{"href":"https:\/\/nordicmart.andreevmaster.com\/sv\/wp-json\/wp\/v2\/media?parent=14852"}],"wp:term":[{"taxonomy":"product_brand","embeddable":true,"href":"https:\/\/nordicmart.andreevmaster.com\/sv\/wp-json\/wp\/v2\/product_brand?post=14852"},{"taxonomy":"product_cat","embeddable":true,"href":"https:\/\/nordicmart.andreevmaster.com\/sv\/wp-json\/wp\/v2\/product_cat?post=14852"},{"taxonomy":"product_tag","embeddable":true,"href":"https:\/\/nordicmart.andreevmaster.com\/sv\/wp-json\/wp\/v2\/product_tag?post=14852"}],"curies":[{"name":"wp","href":"https:\/\/api.w.org\/{rel}","templated":true}]}}