{"id":14849,"date":"2026-02-27T00:23:43","date_gmt":"2026-02-27T00:23:43","guid":{"rendered":"https:\/\/nordicmart.andreevmaster.com\/product\/songmics-monitorstativ-av-bambu\/"},"modified":"2026-02-27T08:15:39","modified_gmt":"2026-02-27T08:15:39","slug":"songmics-monitorstativ-av-bambu","status":"publish","type":"product","link":"https:\/\/nordicmart.andreevmaster.com\/sv\/produkt\/songmics-monitorstativ-av-bambu\/","title":{"rendered":"SONGMICS monitorstativ av bambu"},"content":{"rendered":"<p>Sitta hela dagen eller st\u00e5 hela dagen \u2013 det \u00e4r fr\u00e5gan! Alla vet att inget av alternativen \u00e4r bra f\u00f6r h\u00e4lsan. V\u00e5r kropp m\u00e5r bra av att v\u00e4xla mellan olika aktiviteter, och SONGMICS st\u00e5-sitt-skrivbord i bambu g\u00f6r det enkelt att v\u00e4xla mellan att sitta och st\u00e5 \u2013 och tillbaka igen.Med detta skrivbordstill\u00e4gg fr\u00e5n SONGMICS kan du hitta en h\u00e4lsosam balans mellan sittande och st\u00e5ende under ditt dagliga arbete. Tack vare de 6 sk\u00e5rorna p\u00e5 b\u00e5da sidor av stativet kan de 2 bordsskivorna lyftas eller s\u00e4nkas flexibelt till \u00f6nskad h\u00f6jd: Om du vill st\u00e5 kan du f\u00e4sta en skiva h\u00f6gst upp och placera sk\u00e4rmen eller laptopen p\u00e5 den. Den nedre skivan \u00e4r d\u00e5 idealisk f\u00f6r tangentbordet eller musen. Om du vill sitta kan du s\u00e4nka ner en skiva eller helt enkelt ta bort den. P\u00e5 s\u00e5 s\u00e4tt kan st\u00e5-sitt-skrivbordet fungera som monitorstativ, och den borttagna skivan kan du anv\u00e4nda som laptop-bord. Att v\u00e4xla mellan att sitta och st\u00e5 under arbetstiden bidrar till att f\u00f6rebygga vanliga kontorssjukdomar som ryggbesv\u00e4r eller nack- och axelsp\u00e4nningar, undvika felaktig h\u00e5llning och ensidig belastning samt aktivera hj\u00e4rt-k\u00e4rlsystemet. Bieffekterna av detta \u00e4r ocks\u00e5 b\u00e4ttre koncentrationsf\u00f6rm\u00e5ga och mindre tr\u00f6tthet. Produktdetaljer: &#8211; M\u00e5tt: 66 x 49,5 x 48 cm (B x H x D) &#8211; F\u00e4rg: naturf\u00e4rgad &#8211; Material: bambu &#8211; Justeringsomr\u00e5de i h\u00f6jd: 31\u201346 cm &#8211; Belastningskapacitet: 10 kg per underlag; 19 kg totalt &#8211; Vikt: 4 kg Leveransomfattning: &#8211; 1 x st\u00e5-sitt-skrivbord &#8211; 1 x bruksanvisning (DE, EN, FR, IT, ES) &#8211; 1 x verktyg<\/p>\n","protected":false},"excerpt":{"rendered":"<p>SONGMICS sitt- och st\u00e5bord, bordsplatta av bambu, laptopsbord, monitorst\u00e4ll, st\u00e5bord, h\u00f6j- och s\u00e4nkbart, f\u00f6r monitor, sk\u00e4rm, laptop LLD97N<\/p>\n","protected":false},"featured_media":42745,"comment_status":"open","ping_status":"closed","template":"","meta":[],"product_brand":[],"product_cat":[33],"product_tag":[],"class_list":{"0":"post-14849","1":"product","2":"type-product","3":"status-publish","4":"has-post-thumbnail","6":"product_cat-okategoriserad","8":"first","9":"instock","10":"shipping-taxable","11":"purchasable","12":"product-type-simple"},"_links":{"self":[{"href":"https:\/\/nordicmart.andreevmaster.com\/sv\/wp-json\/wp\/v2\/product\/14849","targetHints":{"allow":["GET"]}}],"collection":[{"href":"https:\/\/nordicmart.andreevmaster.com\/sv\/wp-json\/wp\/v2\/product"}],"about":[{"href":"https:\/\/nordicmart.andreevmaster.com\/sv\/wp-json\/wp\/v2\/types\/product"}],"replies":[{"embeddable":true,"href":"https:\/\/nordicmart.andreevmaster.com\/sv\/wp-json\/wp\/v2\/comments?post=14849"}],"wp:featuredmedia":[{"embeddable":true,"href":"https:\/\/nordicmart.andreevmaster.com\/sv\/wp-json\/wp\/v2\/media\/42745"}],"wp:attachment":[{"href":"https:\/\/nordicmart.andreevmaster.com\/sv\/wp-json\/wp\/v2\/media?parent=14849"}],"wp:term":[{"taxonomy":"product_brand","embeddable":true,"href":"https:\/\/nordicmart.andreevmaster.com\/sv\/wp-json\/wp\/v2\/product_brand?post=14849"},{"taxonomy":"product_cat","embeddable":true,"href":"https:\/\/nordicmart.andreevmaster.com\/sv\/wp-json\/wp\/v2\/product_cat?post=14849"},{"taxonomy":"product_tag","embeddable":true,"href":"https:\/\/nordicmart.andreevmaster.com\/sv\/wp-json\/wp\/v2\/product_tag?post=14849"}],"curies":[{"name":"wp","href":"https:\/\/api.w.org\/{rel}","templated":true}]}}