{"id":14848,"date":"2026-02-27T00:23:42","date_gmt":"2026-02-27T00:23:42","guid":{"rendered":"https:\/\/nordicmart.andreevmaster.com\/product\/songmics-monitorstativ-med-forvaringsutrymme-bambu\/"},"modified":"2026-02-27T08:15:38","modified_gmt":"2026-02-27T08:15:38","slug":"songmics-monitorstativ-med-forvaringsutrymme-bambu","status":"publish","type":"product","link":"https:\/\/nordicmart.andreevmaster.com\/sv\/produkt\/songmics-monitorstativ-med-forvaringsutrymme-bambu\/","title":{"rendered":"SONGMICS Monitorstativ med f\u00f6rvaringsutrymme Bambu"},"content":{"rendered":"<p>Studera eller arbeta utan att anstr\u00e4nga kroppen Kroppsh\u00e5llningen \u00e4r det viktigaste att t\u00e4nka p\u00e5 n\u00e4r man arbetar vid ett skrivbord. Den ergonomiska sk\u00e4rmh\u00f6jaren \u00e4r en av de grundl\u00e4ggande enheterna som g\u00f6r att du kan arbeta s\u00e4kert och utan att oroa dig f\u00f6r din h\u00e4lsa, effektivt, produktivt och med n\u00f6dv\u00e4ndig komfort vid skrivbordet. Denna f\u00f6rb\u00e4ttrade arbetsst\u00e4llning slappnar av nack- och ryggmusklerna och minskar sp\u00e4nningarna avsev\u00e4rt. Detta g\u00f6r att du kan vara mer produktiv och samtidigt h\u00e5lla dig frisk. Skona dig sj\u00e4lv! Betydande platsbesparing med estetisk talang Den vackert bearbetade sk\u00e4rmupph\u00f6jningen ger extra utrymme p\u00e5 ditt skrivbord, eftersom du under sk\u00e4rmen f\u00e5r ett nytt f\u00f6rvaringsutrymme f\u00f6r dina kontorsartiklar. Flera tillg\u00e4ngliga positioner g\u00f6r att du kan f\u00f6rvara dina favoritf\u00f6rem\u00e5l (surfplatta, mobiltelefon, glas, penna osv.). I mitten kan du placera h\u00e4ften, dokument och mappar. Tack vare de avtagbara skiljev\u00e4ggarna finns det 6 olika varianter p\u00e5 sidorna och l\u00e4ngst ner finns ett f\u00f6rvaringsutrymme f\u00f6r din tangentbord och mus. Bambu, framtidens f\u00f6rnybara resurs  Bambu \u00e4r en ekologisk resurs fr\u00e5n Asien som under optimala f\u00f6rh\u00e5llanden v\u00e4xer 1 meter per dag. Bambu \u00e4r det perfekta alternativet f\u00f6r att bek\u00e4mpa den massiva avskogningen. Denna tillbeh\u00f6r f\u00f6r skrivbordsmonitor \u00e4r estetisk. Produktdetaljer:  &#8211; F\u00e4rg: natur &#8211; Material: bambu &#8211; Produktm\u00e5tt: 62,6 x 16 x 28 cm (B x H x D) &#8211; Vikt: 4,26 kg &#8211; Belastbarhet: 36 kg &#8211; F\u00f6r alla sk\u00e4rmar eller b\u00e4rbara datorer Leveransomfattning:  &#8211; 1 x sk\u00e4rmstativ &#8211; 1 bruksanvisning (DE, EN, FR, ES, IT) &#8211; 1 x beslagsp\u00e5se<\/p>\n","protected":false},"excerpt":{"rendered":"<p>SONGMICS monitorst\u00e4ll med f\u00f6rvaringsutrymme, ergonomiskt sk\u00e4rmst\u00e4ll i bambu f\u00f6r monitor eller laptop LLD213<\/p>\n","protected":false},"featured_media":42744,"comment_status":"open","ping_status":"closed","template":"","meta":[],"product_brand":[],"product_cat":[33],"product_tag":[],"class_list":{"0":"post-14848","1":"product","2":"type-product","3":"status-publish","4":"has-post-thumbnail","6":"product_cat-okategoriserad","8":"first","9":"instock","10":"shipping-taxable","11":"purchasable","12":"product-type-simple"},"_links":{"self":[{"href":"https:\/\/nordicmart.andreevmaster.com\/sv\/wp-json\/wp\/v2\/product\/14848","targetHints":{"allow":["GET"]}}],"collection":[{"href":"https:\/\/nordicmart.andreevmaster.com\/sv\/wp-json\/wp\/v2\/product"}],"about":[{"href":"https:\/\/nordicmart.andreevmaster.com\/sv\/wp-json\/wp\/v2\/types\/product"}],"replies":[{"embeddable":true,"href":"https:\/\/nordicmart.andreevmaster.com\/sv\/wp-json\/wp\/v2\/comments?post=14848"}],"wp:featuredmedia":[{"embeddable":true,"href":"https:\/\/nordicmart.andreevmaster.com\/sv\/wp-json\/wp\/v2\/media\/42744"}],"wp:attachment":[{"href":"https:\/\/nordicmart.andreevmaster.com\/sv\/wp-json\/wp\/v2\/media?parent=14848"}],"wp:term":[{"taxonomy":"product_brand","embeddable":true,"href":"https:\/\/nordicmart.andreevmaster.com\/sv\/wp-json\/wp\/v2\/product_brand?post=14848"},{"taxonomy":"product_cat","embeddable":true,"href":"https:\/\/nordicmart.andreevmaster.com\/sv\/wp-json\/wp\/v2\/product_cat?post=14848"},{"taxonomy":"product_tag","embeddable":true,"href":"https:\/\/nordicmart.andreevmaster.com\/sv\/wp-json\/wp\/v2\/product_tag?post=14848"}],"curies":[{"name":"wp","href":"https:\/\/api.w.org\/{rel}","templated":true}]}}