{"id":14846,"date":"2026-02-27T00:23:42","date_gmt":"2026-02-27T00:23:42","guid":{"rendered":"https:\/\/nordicmart.andreevmaster.com\/product\/songmics-skarmstativ-av-bambu\/"},"modified":"2026-02-27T08:15:38","modified_gmt":"2026-02-27T08:15:38","slug":"songmics-skarmstativ-av-bambu","status":"publish","type":"product","link":"https:\/\/nordicmart.andreevmaster.com\/sv\/produkt\/songmics-skarmstativ-av-bambu\/","title":{"rendered":"SONGMICS sk\u00e4rmstativ av bambu"},"content":{"rendered":"<p>Den som utf\u00f6r st\u00f6rre delen av sitt dagliga arbete sittande framf\u00f6r en dator f\u00e5r ibland oundvikligen ont i nacke och rygg. F\u00f6r att korrigera en optimal sittst\u00e4llning finns SONGMICS monitorstativ till ditt f\u00f6rfogande. Detta multistativ g\u00f6r det m\u00f6jligt att f\u00f6rvara dina pennor, gem och klisterlappar p\u00e5 ett ordnat s\u00e4tt. Nedan finns \u00e4ven plats f\u00f6r tangentbordet, s\u00e5 att du f\u00e5r tillr\u00e4ckligt med utrymme f\u00f6r att skriva och l\u00e4sa p\u00e5 skrivbordet. Produktdetaljer: &#8211; F\u00e4rg: naturbambu &#8211; Material: bambu &#8211; Belastbarhet: 20 kg &#8211; Produktm\u00e5tt: 41 x 10 x 28 cm (B x H x D) &#8211; Vikt: 1,6 kg Leveransomfattning: &#8211; 1 x monitorst\u00e4ll &#8211; 1 x bruksanvisning (DE, EN, FR, ES, IT) &#8211; 1 x beslagsp\u00e5se SONGMICS Anm\u00e4rkningar: &#8211; Anv\u00e4nd inte produkten p\u00e5 platser som \u00e4r f\u00f6r torra eller f\u00f6r fuktiga. &#8211; F\u00f6r sk\u00f6tsel kan du anv\u00e4nda en l\u00e4tt fuktad trasa.<\/p>\n","protected":false},"excerpt":{"rendered":"<p>SONGMICS monitorst\u00e4ll i bambu, ergonomiskt sk\u00e4rmst\u00e4ll, 10 cm h\u00f6gt bordsunderl\u00e4gg, med mobilfack, fack f\u00f6r pennor, handtag, f\u00f6r dator, TV, skrivare, stort, naturf\u00e4rgat LLD211N<\/p>\n","protected":false},"featured_media":42742,"comment_status":"open","ping_status":"closed","template":"","meta":[],"product_brand":[],"product_cat":[33],"product_tag":[],"class_list":{"0":"post-14846","1":"product","2":"type-product","3":"status-publish","4":"has-post-thumbnail","6":"product_cat-okategoriserad","8":"first","9":"instock","10":"shipping-taxable","11":"purchasable","12":"product-type-simple"},"_links":{"self":[{"href":"https:\/\/nordicmart.andreevmaster.com\/sv\/wp-json\/wp\/v2\/product\/14846","targetHints":{"allow":["GET"]}}],"collection":[{"href":"https:\/\/nordicmart.andreevmaster.com\/sv\/wp-json\/wp\/v2\/product"}],"about":[{"href":"https:\/\/nordicmart.andreevmaster.com\/sv\/wp-json\/wp\/v2\/types\/product"}],"replies":[{"embeddable":true,"href":"https:\/\/nordicmart.andreevmaster.com\/sv\/wp-json\/wp\/v2\/comments?post=14846"}],"wp:featuredmedia":[{"embeddable":true,"href":"https:\/\/nordicmart.andreevmaster.com\/sv\/wp-json\/wp\/v2\/media\/42742"}],"wp:attachment":[{"href":"https:\/\/nordicmart.andreevmaster.com\/sv\/wp-json\/wp\/v2\/media?parent=14846"}],"wp:term":[{"taxonomy":"product_brand","embeddable":true,"href":"https:\/\/nordicmart.andreevmaster.com\/sv\/wp-json\/wp\/v2\/product_brand?post=14846"},{"taxonomy":"product_cat","embeddable":true,"href":"https:\/\/nordicmart.andreevmaster.com\/sv\/wp-json\/wp\/v2\/product_cat?post=14846"},{"taxonomy":"product_tag","embeddable":true,"href":"https:\/\/nordicmart.andreevmaster.com\/sv\/wp-json\/wp\/v2\/product_tag?post=14846"}],"curies":[{"name":"wp","href":"https:\/\/api.w.org\/{rel}","templated":true}]}}