{"id":14844,"date":"2026-02-27T00:23:41","date_gmt":"2026-02-27T00:23:41","guid":{"rendered":"https:\/\/nordicmart.andreevmaster.com\/product\/songmics-monitorstativ-av-bambu-vit\/"},"modified":"2026-02-27T08:15:38","modified_gmt":"2026-02-27T08:15:38","slug":"songmics-monitorstativ-av-bambu-vit","status":"publish","type":"product","link":"https:\/\/nordicmart.andreevmaster.com\/sv\/produkt\/songmics-monitorstativ-av-bambu-vit\/","title":{"rendered":"SONGMICS Monitorstativ av bambu Vit"},"content":{"rendered":"<p>Songmics monitorstativ \u00e4r tillverkat av bambu fr\u00e5n medvetet h\u00e5llbar odling och alla kanter \u00e4r vackert rundade. Det m\u00f6jligg\u00f6r en milj\u00f6v\u00e4nlig och s\u00e4ker anv\u00e4ndning. Det har tillr\u00e4ckligt med utrymme f\u00f6r sk\u00e4rmfoten (60 cm bred och 30,2 cm djup). Skapa ergonomi p\u00e5 arbetsplatsen och undvik \u00f6gon-, huvud- och nacksm\u00e4rtor. Med denna bordsh\u00e5llare h\u00e5ller du ocks\u00e5 ditt bord rent och rymligt. Denna monitorst\u00e4llning kombinerar ett tunt och modernt design med praktisk funktionalitet till en elegant inredningsdetalj som inte bara kan anv\u00e4ndas hemma eller p\u00e5 kontoret f\u00f6r att h\u00f6ja sk\u00e4rmen, utan ocks\u00e5 som display i butiken.Produktdetaljer: M\u00e5tt: 60 x 8,5 x 30,2 cm (B x H x D) Material: Bambu F\u00f6rpackningsm\u00e5tt: 75 x 32 x 3,3 cm Nettovikt: 2,35 kg Bruttovikt: 2,65 kg Leveransomfattning: 1 x monitorstativ 1 x bruksanvisning 1 x tillbeh\u00f6rsp\u00e5se<\/p>\n","protected":false},"excerpt":{"rendered":"<p>SONGMICS bambumonitorst\u00e4ll, ergonomiskt laptopst\u00e4ll, sk\u00e4rmh\u00f6jare, sk\u00e4rmst\u00e4ll f\u00f6r dator, laptop, skrivbordsorganiserare, 60 x 30,2 x 8,5 cm LLD201H<\/p>\n","protected":false},"featured_media":42740,"comment_status":"open","ping_status":"closed","template":"","meta":[],"product_brand":[],"product_cat":[33],"product_tag":[],"class_list":{"0":"post-14844","1":"product","2":"type-product","3":"status-publish","4":"has-post-thumbnail","6":"product_cat-okategoriserad","8":"first","9":"instock","10":"shipping-taxable","11":"purchasable","12":"product-type-simple"},"_links":{"self":[{"href":"https:\/\/nordicmart.andreevmaster.com\/sv\/wp-json\/wp\/v2\/product\/14844","targetHints":{"allow":["GET"]}}],"collection":[{"href":"https:\/\/nordicmart.andreevmaster.com\/sv\/wp-json\/wp\/v2\/product"}],"about":[{"href":"https:\/\/nordicmart.andreevmaster.com\/sv\/wp-json\/wp\/v2\/types\/product"}],"replies":[{"embeddable":true,"href":"https:\/\/nordicmart.andreevmaster.com\/sv\/wp-json\/wp\/v2\/comments?post=14844"}],"wp:featuredmedia":[{"embeddable":true,"href":"https:\/\/nordicmart.andreevmaster.com\/sv\/wp-json\/wp\/v2\/media\/42740"}],"wp:attachment":[{"href":"https:\/\/nordicmart.andreevmaster.com\/sv\/wp-json\/wp\/v2\/media?parent=14844"}],"wp:term":[{"taxonomy":"product_brand","embeddable":true,"href":"https:\/\/nordicmart.andreevmaster.com\/sv\/wp-json\/wp\/v2\/product_brand?post=14844"},{"taxonomy":"product_cat","embeddable":true,"href":"https:\/\/nordicmart.andreevmaster.com\/sv\/wp-json\/wp\/v2\/product_cat?post=14844"},{"taxonomy":"product_tag","embeddable":true,"href":"https:\/\/nordicmart.andreevmaster.com\/sv\/wp-json\/wp\/v2\/product_tag?post=14844"}],"curies":[{"name":"wp","href":"https:\/\/api.w.org\/{rel}","templated":true}]}}