{"id":14843,"date":"2026-02-27T00:23:41","date_gmt":"2026-02-27T00:23:41","guid":{"rendered":"https:\/\/nordicmart.andreevmaster.com\/product\/songmics-monitorstativ-bambu-svart\/"},"modified":"2026-02-27T08:15:38","modified_gmt":"2026-02-27T08:15:38","slug":"songmics-monitorstativ-bambu-svart","status":"publish","type":"product","link":"https:\/\/nordicmart.andreevmaster.com\/sv\/produkt\/songmics-monitorstativ-bambu-svart\/","title":{"rendered":"SONGMICS monitorstativ bambu svart"},"content":{"rendered":"<p>Arbeta och studera utan att bli tr\u00f6tt!  En h\u00e4lsosam h\u00e5llning \u00e4r viktig f\u00f6r dem som tillbringar st\u00f6rre delen av dagen med att stirra p\u00e5 en dator. Den ergonomiska monitorstativet fr\u00e5n SONGMICS \u00e4r utformat f\u00f6r att skapa en h\u00e4lsosam, bekv\u00e4m och effektiv arbetsmilj\u00f6. Med detta stativ lindrar du nack- och ryggsm\u00e4rtor.  Platsbesparande organisat\u00f6r f\u00f6r mer utrymme p\u00e5 skrivbordet Utm\u00e4rkt finish p\u00e5 varje h\u00f6rn och kant, utrymmet under ytan h\u00e5ller olika kontorsartiklar som mus och tangentbord p\u00e5 sin r\u00e4tta plats; stativet \u00e4r speciellt utformat f\u00f6r telefoner, surfplattor, pennor och koppar. Bambu \u2013 f\u00f6lj modet Naturligt och f\u00f6rnybart bambu \u00e4r starkare och mer flexibelt \u00e4n de flesta tr\u00e4slag tack vare sina l\u00e4ngre fibrer. Det kan v\u00e4xa upp till 3 fot (n\u00e4stan 1 meter) per dag och producerar dubbelt s\u00e5 mycket syre j\u00e4mf\u00f6rt med andra tr\u00e4d. Den bambu som SONGMICS anv\u00e4nder f\u00f6r sina produkter kan sk\u00f6rdas efter 4\u20136 \u00e5r och \u00e4r en idealisk ers\u00e4ttning f\u00f6r traditionella tr\u00e4material. Sluta leta efter ett monitorstativ \u2013 detta stativ av utvald bambu fr\u00e5n SONGMICS uppfyller dina behov. Produktdetaljer:  \u2013 F\u00e4rg: svart \u2013 Material: bambu \u2013 Storlek: 60 x 30 x 8,5 cm (B x D x H) &#8211; Vikt: 2,35 kg &#8211; Max. belastningskapacitet: 10 kg &#8211; L\u00e4mplig f\u00f6r b\u00e4rbara datorer och bildsk\u00e4rmar i alla storlekar Leveransomf\u00e5ng &#8211; 1 x bildsk\u00e4rmsstativ &#8211; 1 x tillbeh\u00f6rsp\u00e5se &#8211; 1 x bruksanvisning (DE, EN, FR, ES, IT)<\/p>\n","protected":false},"excerpt":{"rendered":"<p>SONGMICS bambumonitorst\u00e4ll, ergonomiskt laptopst\u00e4ll, sk\u00e4rmh\u00f6jare, sk\u00e4rmst\u00e4ll f\u00f6r dator, laptop, skrivbordsorganiserare, 60 x 30,2 x 8,5 cm LLD201H<\/p>\n","protected":false},"featured_media":42739,"comment_status":"open","ping_status":"closed","template":"","meta":[],"product_brand":[],"product_cat":[33],"product_tag":[],"class_list":{"0":"post-14843","1":"product","2":"type-product","3":"status-publish","4":"has-post-thumbnail","6":"product_cat-okategoriserad","8":"first","9":"instock","10":"shipping-taxable","11":"purchasable","12":"product-type-simple"},"_links":{"self":[{"href":"https:\/\/nordicmart.andreevmaster.com\/sv\/wp-json\/wp\/v2\/product\/14843","targetHints":{"allow":["GET"]}}],"collection":[{"href":"https:\/\/nordicmart.andreevmaster.com\/sv\/wp-json\/wp\/v2\/product"}],"about":[{"href":"https:\/\/nordicmart.andreevmaster.com\/sv\/wp-json\/wp\/v2\/types\/product"}],"replies":[{"embeddable":true,"href":"https:\/\/nordicmart.andreevmaster.com\/sv\/wp-json\/wp\/v2\/comments?post=14843"}],"wp:featuredmedia":[{"embeddable":true,"href":"https:\/\/nordicmart.andreevmaster.com\/sv\/wp-json\/wp\/v2\/media\/42739"}],"wp:attachment":[{"href":"https:\/\/nordicmart.andreevmaster.com\/sv\/wp-json\/wp\/v2\/media?parent=14843"}],"wp:term":[{"taxonomy":"product_brand","embeddable":true,"href":"https:\/\/nordicmart.andreevmaster.com\/sv\/wp-json\/wp\/v2\/product_brand?post=14843"},{"taxonomy":"product_cat","embeddable":true,"href":"https:\/\/nordicmart.andreevmaster.com\/sv\/wp-json\/wp\/v2\/product_cat?post=14843"},{"taxonomy":"product_tag","embeddable":true,"href":"https:\/\/nordicmart.andreevmaster.com\/sv\/wp-json\/wp\/v2\/product_tag?post=14843"}],"curies":[{"name":"wp","href":"https:\/\/api.w.org\/{rel}","templated":true}]}}