{"id":14842,"date":"2026-02-27T00:23:41","date_gmt":"2026-02-27T00:23:41","guid":{"rendered":"https:\/\/nordicmart.andreevmaster.com\/product\/songmics-skarmstativ-bambu\/"},"modified":"2026-02-27T08:15:37","modified_gmt":"2026-02-27T08:15:37","slug":"songmics-skarmstativ-bambu","status":"publish","type":"product","link":"https:\/\/nordicmart.andreevmaster.com\/sv\/produkt\/songmics-skarmstativ-bambu\/","title":{"rendered":"SONGMICS sk\u00e4rmstativ bambu"},"content":{"rendered":"<p>Produktdetaljer: &#8211; F\u00e4rg: Naturf\u00e4rgad &#8211; Material: Bambu &#8211; M\u00e5tt: 60 x 8,5 x 30,2 cm (B x H x D) &#8211; Vikt: 2,35 kg Leveransomfattning: &#8211; 1 x bildsk\u00e4rmsstativ &#8211; 1 x tillbeh\u00f6rssats &#8211; 1 x bruksanvisning (DE, EN, IT, FR, ES)<\/p>\n","protected":false},"excerpt":{"rendered":"<p>SONGMICS bambumonitorst\u00e4ll, ergonomiskt laptopst\u00e4ll, sk\u00e4rmh\u00f6jare, sk\u00e4rmst\u00e4ll f\u00f6r dator, laptop, skrivbordsorganiserare, 60 x 30,2 x 8,5 cm LLD201H<\/p>\n","protected":false},"featured_media":42738,"comment_status":"open","ping_status":"closed","template":"","meta":[],"product_brand":[],"product_cat":[33],"product_tag":[],"class_list":{"0":"post-14842","1":"product","2":"type-product","3":"status-publish","4":"has-post-thumbnail","6":"product_cat-okategoriserad","8":"first","9":"instock","10":"shipping-taxable","11":"purchasable","12":"product-type-simple"},"_links":{"self":[{"href":"https:\/\/nordicmart.andreevmaster.com\/sv\/wp-json\/wp\/v2\/product\/14842","targetHints":{"allow":["GET"]}}],"collection":[{"href":"https:\/\/nordicmart.andreevmaster.com\/sv\/wp-json\/wp\/v2\/product"}],"about":[{"href":"https:\/\/nordicmart.andreevmaster.com\/sv\/wp-json\/wp\/v2\/types\/product"}],"replies":[{"embeddable":true,"href":"https:\/\/nordicmart.andreevmaster.com\/sv\/wp-json\/wp\/v2\/comments?post=14842"}],"wp:featuredmedia":[{"embeddable":true,"href":"https:\/\/nordicmart.andreevmaster.com\/sv\/wp-json\/wp\/v2\/media\/42738"}],"wp:attachment":[{"href":"https:\/\/nordicmart.andreevmaster.com\/sv\/wp-json\/wp\/v2\/media?parent=14842"}],"wp:term":[{"taxonomy":"product_brand","embeddable":true,"href":"https:\/\/nordicmart.andreevmaster.com\/sv\/wp-json\/wp\/v2\/product_brand?post=14842"},{"taxonomy":"product_cat","embeddable":true,"href":"https:\/\/nordicmart.andreevmaster.com\/sv\/wp-json\/wp\/v2\/product_cat?post=14842"},{"taxonomy":"product_tag","embeddable":true,"href":"https:\/\/nordicmart.andreevmaster.com\/sv\/wp-json\/wp\/v2\/product_tag?post=14842"}],"curies":[{"name":"wp","href":"https:\/\/api.w.org\/{rel}","templated":true}]}}