{"id":14841,"date":"2026-02-27T00:23:41","date_gmt":"2026-02-27T00:23:41","guid":{"rendered":"https:\/\/nordicmart.andreevmaster.com\/product\/vasagle-sangbricka-med-fallbara-ben\/"},"modified":"2026-02-27T08:15:37","modified_gmt":"2026-02-27T08:15:37","slug":"vasagle-sangbricka-med-fallbara-ben","status":"publish","type":"product","link":"https:\/\/nordicmart.andreevmaster.com\/sv\/produkt\/vasagle-sangbricka-med-fallbara-ben\/","title":{"rendered":"VASAGLE s\u00e4ngbricka med f\u00e4llbara ben"},"content":{"rendered":"<p>Stil m\u00f6ter stabilitet Tack vare bambubenen och bordsskivan av tr\u00e4material ser detta bricka i vintage-look inte bara elegant ut, utan kan ocks\u00e5 tj\u00e4na dig i m\u00e5nga \u00e5r. F\u00f6r mat, arbete och avkoppling Denna 45 x 30 x 26 cm stora laptopstativ ger dig en idealisk plats att titta p\u00e5 film, surfa p\u00e5 internet eller njuta av en romantisk frukost i s\u00e4ngen. Passar \u00e4ven f\u00f6r arbete eller spel. N\u00e4r den \u00e4r hopf\u00e4lld tar den liten plats och kan enkelt tas med p\u00e5 picknick eller camping. F\u00f6rdelar: L\u00e4tt att reng\u00f6ra. L\u00e4tt vikt, flexibel anv\u00e4ndning. Handtag g\u00f6r den enkel och bekv\u00e4m att transportera. F\u00e4llbara ben: multifunktionell och platsbesparande.Avrundade f\u00f6tter f\u00f6r att skydda personer och s\u00e4ngkl\u00e4der. H\u00f6jda kanter f\u00f6rhindrar smulor i s\u00e4ngen. Produktdetaljer:F\u00e4rg: Vintagebrun Material: Bambu, MDF (medeldensitetsfiberplatta) Storlek: 45 x 30 x 26 cm (L x B x H) Vikt: 1 kg Leveransomfattning: 1 x s\u00e4ngbord SONGMICS Anm\u00e4rkningar: F\u00f6r att undvika skador f\u00e5r produkten inte komma i kontakt med vassa f\u00f6rem\u00e5l. Undvik att produkten faller p\u00e5 golvet.<\/p>\n","protected":false},"excerpt":{"rendered":"<p>VASAGLE s\u00e4ngbricka, frukostbricka, laptopstativ, med hopf\u00e4llbara ben av bambu, f\u00f6r s\u00e4ng, soffa, f\u00f6r snacks, med h\u00e5llare f\u00f6r mobiltelefon, surfplatta, 45 x 30 x 26 cm, vintagebrun LLD111B01<\/p>\n","protected":false},"featured_media":42737,"comment_status":"open","ping_status":"closed","template":"","meta":[],"product_brand":[],"product_cat":[33],"product_tag":[],"class_list":{"0":"post-14841","1":"product","2":"type-product","3":"status-publish","4":"has-post-thumbnail","6":"product_cat-okategoriserad","8":"first","9":"instock","10":"shipping-taxable","11":"purchasable","12":"product-type-simple"},"_links":{"self":[{"href":"https:\/\/nordicmart.andreevmaster.com\/sv\/wp-json\/wp\/v2\/product\/14841","targetHints":{"allow":["GET"]}}],"collection":[{"href":"https:\/\/nordicmart.andreevmaster.com\/sv\/wp-json\/wp\/v2\/product"}],"about":[{"href":"https:\/\/nordicmart.andreevmaster.com\/sv\/wp-json\/wp\/v2\/types\/product"}],"replies":[{"embeddable":true,"href":"https:\/\/nordicmart.andreevmaster.com\/sv\/wp-json\/wp\/v2\/comments?post=14841"}],"wp:featuredmedia":[{"embeddable":true,"href":"https:\/\/nordicmart.andreevmaster.com\/sv\/wp-json\/wp\/v2\/media\/42737"}],"wp:attachment":[{"href":"https:\/\/nordicmart.andreevmaster.com\/sv\/wp-json\/wp\/v2\/media?parent=14841"}],"wp:term":[{"taxonomy":"product_brand","embeddable":true,"href":"https:\/\/nordicmart.andreevmaster.com\/sv\/wp-json\/wp\/v2\/product_brand?post=14841"},{"taxonomy":"product_cat","embeddable":true,"href":"https:\/\/nordicmart.andreevmaster.com\/sv\/wp-json\/wp\/v2\/product_cat?post=14841"},{"taxonomy":"product_tag","embeddable":true,"href":"https:\/\/nordicmart.andreevmaster.com\/sv\/wp-json\/wp\/v2\/product_tag?post=14841"}],"curies":[{"name":"wp","href":"https:\/\/api.w.org\/{rel}","templated":true}]}}