{"id":14838,"date":"2026-02-27T00:23:40","date_gmt":"2026-02-27T00:23:40","guid":{"rendered":"https:\/\/nordicmart.andreevmaster.com\/product\/songmics-laptopkudde-for-sangen\/"},"modified":"2026-02-27T08:15:36","modified_gmt":"2026-02-27T08:15:36","slug":"songmics-laptopkudde-for-sangen","status":"publish","type":"product","link":"https:\/\/nordicmart.andreevmaster.com\/sv\/produkt\/songmics-laptopkudde-for-sangen\/","title":{"rendered":"SONGMICS laptopkudde f\u00f6r s\u00e4ngen"},"content":{"rendered":"<p>F\u00f6rdelar med detta laptopfot: Tack vare b\u00e4rhandtaget \u00e4r detta laptopfot l\u00e4tt att transportera.Den mjuka underlaget \u00f6kar komforten n\u00e4r du l\u00e4gger detta laptopbord p\u00e5 dina ben. En h\u00e5llare f\u00f6r mobiltelefon eller surfplatta. Ingen montering kr\u00e4vs. Denna produkt \u00e4r omedelbart klar att anv\u00e4ndas. Produktdetaljer: F\u00e4rg: Vintagebrun Material: MDF (medeldensitetsfiberplatta), skumplast Storlek: 55 x 37 x 12 cm (L x B x H) Vikt: 1,9 kg Leveransomfattning: 1 x b\u00e4rbar datortablett SONGMICS Anm\u00e4rkningar: F\u00f6r att undvika skador f\u00e5r produkten inte komma i kontakt med vassa f\u00f6rem\u00e5l. Dra inte f\u00f6r h\u00e5rt i skumplasten. H\u00e5ll produkten borta fr\u00e5n eld.<\/p>\n","protected":false},"excerpt":{"rendered":"<p>SONGMICS laptopkudde f\u00f6r s\u00e4ngen, laptopfot, laptopunderl\u00e4gg, med handtag, vadderat underl\u00e4gg, med sp\u00e5r f\u00f6r mobiltelefon och surfplatta, 55 x 37 x 12 cm (L x B x H), vintagebrun LLD108B01<\/p>\n","protected":false},"featured_media":42734,"comment_status":"open","ping_status":"closed","template":"","meta":[],"product_brand":[],"product_cat":[33],"product_tag":[],"class_list":{"0":"post-14838","1":"product","2":"type-product","3":"status-publish","4":"has-post-thumbnail","6":"product_cat-okategoriserad","8":"first","9":"instock","10":"shipping-taxable","11":"purchasable","12":"product-type-simple"},"_links":{"self":[{"href":"https:\/\/nordicmart.andreevmaster.com\/sv\/wp-json\/wp\/v2\/product\/14838","targetHints":{"allow":["GET"]}}],"collection":[{"href":"https:\/\/nordicmart.andreevmaster.com\/sv\/wp-json\/wp\/v2\/product"}],"about":[{"href":"https:\/\/nordicmart.andreevmaster.com\/sv\/wp-json\/wp\/v2\/types\/product"}],"replies":[{"embeddable":true,"href":"https:\/\/nordicmart.andreevmaster.com\/sv\/wp-json\/wp\/v2\/comments?post=14838"}],"wp:featuredmedia":[{"embeddable":true,"href":"https:\/\/nordicmart.andreevmaster.com\/sv\/wp-json\/wp\/v2\/media\/42734"}],"wp:attachment":[{"href":"https:\/\/nordicmart.andreevmaster.com\/sv\/wp-json\/wp\/v2\/media?parent=14838"}],"wp:term":[{"taxonomy":"product_brand","embeddable":true,"href":"https:\/\/nordicmart.andreevmaster.com\/sv\/wp-json\/wp\/v2\/product_brand?post=14838"},{"taxonomy":"product_cat","embeddable":true,"href":"https:\/\/nordicmart.andreevmaster.com\/sv\/wp-json\/wp\/v2\/product_cat?post=14838"},{"taxonomy":"product_tag","embeddable":true,"href":"https:\/\/nordicmart.andreevmaster.com\/sv\/wp-json\/wp\/v2\/product_tag?post=14838"}],"curies":[{"name":"wp","href":"https:\/\/api.w.org\/{rel}","templated":true}]}}