{"id":14836,"date":"2026-02-27T00:23:39","date_gmt":"2026-02-27T00:23:39","guid":{"rendered":"https:\/\/nordicmart.andreevmaster.com\/product\/songmics-frukostbricka-med-fallbara-ben-hojdjusterbar-grabeige\/"},"modified":"2026-02-27T08:15:36","modified_gmt":"2026-02-27T08:15:36","slug":"songmics-frukostbricka-med-fallbara-ben-hojdjusterbar-grabeige","status":"publish","type":"product","link":"https:\/\/nordicmart.andreevmaster.com\/sv\/produkt\/songmics-frukostbricka-med-fallbara-ben-hojdjusterbar-grabeige\/","title":{"rendered":"SONGMICS frukostbricka med f\u00e4llbara ben, h\u00f6jdjusterbar, gr\u00e5beige"},"content":{"rendered":"<p>SONGMICS b\u00e4rbar datortablett, b\u00e4rbar datorstativ, frukostbricka, hopf\u00e4llbara ben, f\u00f6r s\u00e4ng och soffa, h\u00f6j- och s\u00e4nkbar, f\u00f6r b\u00e4rbara datorer upp till 15,6 tum, 55 x 35 x 23 cm, vintagebrun LLD105B01<br \/>\nF\u00e4rg: Greige<br \/>\nMaterial: Bambu, MDF (medeldensitetsfiberplatta)<br \/>\nStorlek: 55 x 35 x 23 cm (L x B x H)<br \/>\nVikt: 3,3 kg<br \/>\nMax. statisk belastningskapacitet: 10 kg<\/p>\n","protected":false},"excerpt":{"rendered":"<p>SONGMICS b\u00e4rbar datortablett, b\u00e4rbar datorstativ, frukostbricka, hopf\u00e4llbara ben, f\u00f6r s\u00e4ng och soffa, h\u00f6j- och s\u00e4nkbar, f\u00f6r b\u00e4rbara datorer upp till 15,6 tum, 55 x 35 x 23 cm, vintagebrun LLD105B01<\/p>\n","protected":false},"featured_media":42732,"comment_status":"open","ping_status":"closed","template":"","meta":[],"product_brand":[],"product_cat":[33],"product_tag":[],"class_list":{"0":"post-14836","1":"product","2":"type-product","3":"status-publish","4":"has-post-thumbnail","6":"product_cat-okategoriserad","8":"first","9":"instock","10":"shipping-taxable","11":"purchasable","12":"product-type-simple"},"_links":{"self":[{"href":"https:\/\/nordicmart.andreevmaster.com\/sv\/wp-json\/wp\/v2\/product\/14836","targetHints":{"allow":["GET"]}}],"collection":[{"href":"https:\/\/nordicmart.andreevmaster.com\/sv\/wp-json\/wp\/v2\/product"}],"about":[{"href":"https:\/\/nordicmart.andreevmaster.com\/sv\/wp-json\/wp\/v2\/types\/product"}],"replies":[{"embeddable":true,"href":"https:\/\/nordicmart.andreevmaster.com\/sv\/wp-json\/wp\/v2\/comments?post=14836"}],"wp:featuredmedia":[{"embeddable":true,"href":"https:\/\/nordicmart.andreevmaster.com\/sv\/wp-json\/wp\/v2\/media\/42732"}],"wp:attachment":[{"href":"https:\/\/nordicmart.andreevmaster.com\/sv\/wp-json\/wp\/v2\/media?parent=14836"}],"wp:term":[{"taxonomy":"product_brand","embeddable":true,"href":"https:\/\/nordicmart.andreevmaster.com\/sv\/wp-json\/wp\/v2\/product_brand?post=14836"},{"taxonomy":"product_cat","embeddable":true,"href":"https:\/\/nordicmart.andreevmaster.com\/sv\/wp-json\/wp\/v2\/product_cat?post=14836"},{"taxonomy":"product_tag","embeddable":true,"href":"https:\/\/nordicmart.andreevmaster.com\/sv\/wp-json\/wp\/v2\/product_tag?post=14836"}],"curies":[{"name":"wp","href":"https:\/\/api.w.org\/{rel}","templated":true}]}}