{"id":14835,"date":"2026-02-27T00:23:39","date_gmt":"2026-02-27T00:23:39","guid":{"rendered":"https:\/\/nordicmart.andreevmaster.com\/product\/songmics-laptopstativ-med-fallbara-ben\/"},"modified":"2026-02-27T08:15:36","modified_gmt":"2026-02-27T08:15:36","slug":"songmics-laptopstativ-med-fallbara-ben","status":"publish","type":"product","link":"https:\/\/nordicmart.andreevmaster.com\/sv\/produkt\/songmics-laptopstativ-med-fallbara-ben\/","title":{"rendered":"SONGMICS Laptopstativ med f\u00e4llbara ben"},"content":{"rendered":"<p>Funktionalitet \u00e4r viktigt: Koppla av p\u00e5 kv\u00e4llen ist\u00e4llet f\u00f6r att lida av nack- och ryggsm\u00e4rtor. Allt du beh\u00f6ver g\u00f6ra \u00e4r att st\u00e4lla in detta laptopbord till \u00f6nskad h\u00f6jd och justera ytan till en bekv\u00e4m vinkel. Du beh\u00f6ver inte resa dig fr\u00e5n din bekv\u00e4ma s\u00e4ng eller soffa. F\u00f6r mat, arbete och avkoppling: Detta laptopstativ p\u00e5 55 x 35 x 23 cm \u00e4r perfekt f\u00f6r att titta p\u00e5 film, surfa p\u00e5 internet eller \u00e4ta en romantisk frukost i s\u00e4ngen. Det passar \u00e4ven f\u00f6r arbete eller spel p\u00e5 ett b\u00e4rbart skrivbord. N\u00e4r det \u00e4r hopf\u00e4llt kan du ta med det p\u00e5 picknick eller camping, eftersom det tar liten plats. Produktdetaljer: F\u00e4rg: Vintagebrunt Material: Bambu, MDF (medeldensitetsfiberplatta) Storlek: 55 x 35 x 23 cm (L x B x H) Vikt: 3,5 kg Max. statisk belastningskapacitet: 10 kg Leveransomfattning: 1 x laptopstativ SONGMICS Anm\u00e4rkningar: F\u00f6r att undvika skador f\u00e5r produkten inte komma i kontakt med vassa f\u00f6rem\u00e5l. F\u00f6rhindra att denna produkt faller ner.<\/p>\n","protected":false},"excerpt":{"rendered":"<p>SONGMICS b\u00e4rbar datortablett, b\u00e4rbar datorstativ, frukostbricka, hopf\u00e4llbara ben, f\u00f6r s\u00e4ng och soffa, h\u00f6j- och s\u00e4nkbar, f\u00f6r b\u00e4rbara datorer upp till 15,6 tum, 55 x 35 x 23 cm, vintagebrun LLD105B01<\/p>\n","protected":false},"featured_media":42731,"comment_status":"open","ping_status":"closed","template":"","meta":[],"product_brand":[],"product_cat":[33],"product_tag":[],"class_list":{"0":"post-14835","1":"product","2":"type-product","3":"status-publish","4":"has-post-thumbnail","6":"product_cat-okategoriserad","8":"first","9":"instock","10":"shipping-taxable","11":"purchasable","12":"product-type-simple"},"_links":{"self":[{"href":"https:\/\/nordicmart.andreevmaster.com\/sv\/wp-json\/wp\/v2\/product\/14835","targetHints":{"allow":["GET"]}}],"collection":[{"href":"https:\/\/nordicmart.andreevmaster.com\/sv\/wp-json\/wp\/v2\/product"}],"about":[{"href":"https:\/\/nordicmart.andreevmaster.com\/sv\/wp-json\/wp\/v2\/types\/product"}],"replies":[{"embeddable":true,"href":"https:\/\/nordicmart.andreevmaster.com\/sv\/wp-json\/wp\/v2\/comments?post=14835"}],"wp:featuredmedia":[{"embeddable":true,"href":"https:\/\/nordicmart.andreevmaster.com\/sv\/wp-json\/wp\/v2\/media\/42731"}],"wp:attachment":[{"href":"https:\/\/nordicmart.andreevmaster.com\/sv\/wp-json\/wp\/v2\/media?parent=14835"}],"wp:term":[{"taxonomy":"product_brand","embeddable":true,"href":"https:\/\/nordicmart.andreevmaster.com\/sv\/wp-json\/wp\/v2\/product_brand?post=14835"},{"taxonomy":"product_cat","embeddable":true,"href":"https:\/\/nordicmart.andreevmaster.com\/sv\/wp-json\/wp\/v2\/product_cat?post=14835"},{"taxonomy":"product_tag","embeddable":true,"href":"https:\/\/nordicmart.andreevmaster.com\/sv\/wp-json\/wp\/v2\/product_tag?post=14835"}],"curies":[{"name":"wp","href":"https:\/\/api.w.org\/{rel}","templated":true}]}}