{"id":14834,"date":"2026-02-27T00:23:39","date_gmt":"2026-02-27T00:23:39","guid":{"rendered":"https:\/\/nordicmart.andreevmaster.com\/product\/songmics-laptopstativ-med-justerbar-lutningsvinkel\/"},"modified":"2026-02-27T08:15:36","modified_gmt":"2026-02-27T08:15:36","slug":"songmics-laptopstativ-med-justerbar-lutningsvinkel","status":"publish","type":"product","link":"https:\/\/nordicmart.andreevmaster.com\/sv\/produkt\/songmics-laptopstativ-med-justerbar-lutningsvinkel\/","title":{"rendered":"SONGMICS Laptopstativ med justerbar lutningsvinkel"},"content":{"rendered":"<p>Din nacke har redan klagat: L\u00e5t inte nack- eller ryggproblem f\u00e5 dig i sitt grepp n\u00e4r du fortfarande \u00e4r ung! Placera din b\u00e4rbara dator p\u00e5 en bekv\u00e4m h\u00f6jd med detta laptopstativ. Detta m\u00f6jligg\u00f6r en h\u00e4lsosam kroppsh\u00e5llning n\u00e4r du arbetar. Vill du njuta av en mysig tv-kv\u00e4ll i s\u00e4ngen? \u00c4ven h\u00e4r kan detta laptopstativ hj\u00e4lpa dig. \u00c4ndra h\u00f6jden p\u00e5 detta laptopbord genom att justera de lutande benen. P\u00e5 s\u00e5 s\u00e4tt f\u00e5r du mer benutrymme. Gl\u00f6m inte att st\u00e4lla in bordet i en bekv\u00e4m vinkel! Smart design: Vill du placera din b\u00e4rbara dator p\u00e5 en bekv\u00e4m h\u00f6jd? Inga problem! St\u00e4ll den bara p\u00e5 detta bord. Under bordsskivan f\u00e5r du dessutom extra f\u00f6rvaringsutrymme f\u00f6r tidningar, tidskrifter och dokument. N\u00e4r du inte anv\u00e4nder bordet kan du enkelt f\u00e4lla ihop benen och st\u00e4lla undan det i ett h\u00f6rn. Hur mycket plats tar en skiva? Produktdetaljer: F\u00e4rg: M\u00f6rkbrun\/vintage Material: Sp\u00e5nskiva, bambu (ben), j\u00e4rn, plast Storlek: 60 x 35 x (21-31) cm (L x B x H) Nettovikt: 3 kg Leveransomfattning: 1 x b\u00e4rbar datorst\u00e4llning SONGMICS Anm\u00e4rkningar:S\u00e4nk inte ner produkten i vatten och anv\u00e4nd den inte i fuktiga milj\u00f6er. F\u00f6r att undvika skador f\u00e5r produkten inte komma i kontakt med vassa f\u00f6rem\u00e5l. Ej l\u00e4mplig f\u00f6r barn! Risk f\u00f6r skador genom att h\u00e4nderna kl\u00e4ms fast!<\/p>\n","protected":false},"excerpt":{"rendered":"<p>SONGMICS Laptopstativ, b\u00e4rbar datorh\u00e5llare, justerbar lutningsvinkel, frukostbricka, h\u00f6jdjusterbar, bord f\u00f6r s\u00e4ngen, f\u00e4llbara ben, f\u00f6r 11-17,3 tums b\u00e4rbara datorer, vintage, m\u00f6rkbrun LLD104BY<\/p>\n","protected":false},"featured_media":42730,"comment_status":"open","ping_status":"closed","template":"","meta":[],"product_brand":[],"product_cat":[33],"product_tag":[],"class_list":{"0":"post-14834","1":"product","2":"type-product","3":"status-publish","4":"has-post-thumbnail","6":"product_cat-okategoriserad","8":"first","9":"instock","10":"shipping-taxable","11":"purchasable","12":"product-type-simple"},"_links":{"self":[{"href":"https:\/\/nordicmart.andreevmaster.com\/sv\/wp-json\/wp\/v2\/product\/14834","targetHints":{"allow":["GET"]}}],"collection":[{"href":"https:\/\/nordicmart.andreevmaster.com\/sv\/wp-json\/wp\/v2\/product"}],"about":[{"href":"https:\/\/nordicmart.andreevmaster.com\/sv\/wp-json\/wp\/v2\/types\/product"}],"replies":[{"embeddable":true,"href":"https:\/\/nordicmart.andreevmaster.com\/sv\/wp-json\/wp\/v2\/comments?post=14834"}],"wp:featuredmedia":[{"embeddable":true,"href":"https:\/\/nordicmart.andreevmaster.com\/sv\/wp-json\/wp\/v2\/media\/42730"}],"wp:attachment":[{"href":"https:\/\/nordicmart.andreevmaster.com\/sv\/wp-json\/wp\/v2\/media?parent=14834"}],"wp:term":[{"taxonomy":"product_brand","embeddable":true,"href":"https:\/\/nordicmart.andreevmaster.com\/sv\/wp-json\/wp\/v2\/product_brand?post=14834"},{"taxonomy":"product_cat","embeddable":true,"href":"https:\/\/nordicmart.andreevmaster.com\/sv\/wp-json\/wp\/v2\/product_cat?post=14834"},{"taxonomy":"product_tag","embeddable":true,"href":"https:\/\/nordicmart.andreevmaster.com\/sv\/wp-json\/wp\/v2\/product_tag?post=14834"}],"curies":[{"name":"wp","href":"https:\/\/api.w.org\/{rel}","templated":true}]}}