{"id":14833,"date":"2026-02-27T00:23:38","date_gmt":"2026-02-27T00:23:38","guid":{"rendered":"https:\/\/nordicmart.andreevmaster.com\/product\/songmics-monitorstall-for-2-monitorer\/"},"modified":"2026-02-27T08:15:36","modified_gmt":"2026-02-27T08:15:36","slug":"songmics-monitorstall-for-2-monitorer","status":"publish","type":"product","link":"https:\/\/nordicmart.andreevmaster.com\/sv\/produkt\/songmics-monitorstall-for-2-monitorer\/","title":{"rendered":"SONGMICS monitorst\u00e4ll f\u00f6r 2 monitorer"},"content":{"rendered":"<p>Allt p\u00e5 ett st\u00e4lle \u2013 helt enkelt: Irriterar det dig att dina dokument och anteckningsb\u00f6cker ligger utspridda p\u00e5 bordet? Kaffe \u00e4r ett m\u00e5ste under en l\u00e5ng arbetsdag, men du kan inte hitta n\u00e5gon l\u00e4mplig plats f\u00f6r din kaffekopp? Denna bordsh\u00e5llare kommer till din unds\u00e4ttning! Stor avst\u00e4llningsyta och 3 fack i nedre delen \u2013 du kan f\u00f6rvara din mobiltelefon, anteckningsb\u00f6cker, koppar, dokument och andra kontorsartiklar p\u00e5 ett st\u00e4lle. Multitasking \u00e4r inte l\u00e4ngre en dr\u00f6m: denna monitorh\u00e5llare \u00f6ppnar d\u00f6rren till en ny v\u00e4rld \u2013 multitasking. Den erbjuder tillr\u00e4ckligt med plats f\u00f6r tv\u00e5, till och med tre bildsk\u00e4rmar. S\u00e5 kan du redigera bilder p\u00e5 din b\u00e4rbara dator medan du diskuterar detaljer med dina kollegor p\u00e5 din datorsk\u00e4rm. Produktdetaljer: F\u00e4rg: M\u00f6rkbrun\/vintage Material: Sp\u00e5nskiva Storlek: \uff0870-108\uff09 x 23,5 x 16 cm (L x B x H) Nettovikt: 4 kg Leveransomfattning: 1 x monitorstativ (montering kr\u00e4vs) 1 x tillbeh\u00f6rsp\u00e5se 1 x insexnyckel 1 x bruksanvisning (DE, EN, FR, ES, IT) SONGMICS Anm\u00e4rkningar:S\u00e4nk inte ner produkten i vatten och anv\u00e4nd den inte i fuktiga milj\u00f6er. F\u00f6r att undvika skador f\u00e5r produkten inte komma i kontakt med vassa f\u00f6rem\u00e5l.<\/p>\n","protected":false},"excerpt":{"rendered":"<p>SONGMICS Monitorst\u00e4ll f\u00f6r 2 monitorer, justerbart sk\u00e4rmst\u00e4ll, laptopst\u00e4ll, sk\u00e4rmh\u00f6jning, bordsorganiserare, platsbesparande, tr\u00e4utseende, vintage, m\u00f6rkbrun LLD103BY<\/p>\n","protected":false},"featured_media":42729,"comment_status":"open","ping_status":"closed","template":"","meta":[],"product_brand":[],"product_cat":[33],"product_tag":[],"class_list":{"0":"post-14833","1":"product","2":"type-product","3":"status-publish","4":"has-post-thumbnail","6":"product_cat-okategoriserad","8":"first","9":"instock","10":"shipping-taxable","11":"purchasable","12":"product-type-simple"},"_links":{"self":[{"href":"https:\/\/nordicmart.andreevmaster.com\/sv\/wp-json\/wp\/v2\/product\/14833","targetHints":{"allow":["GET"]}}],"collection":[{"href":"https:\/\/nordicmart.andreevmaster.com\/sv\/wp-json\/wp\/v2\/product"}],"about":[{"href":"https:\/\/nordicmart.andreevmaster.com\/sv\/wp-json\/wp\/v2\/types\/product"}],"replies":[{"embeddable":true,"href":"https:\/\/nordicmart.andreevmaster.com\/sv\/wp-json\/wp\/v2\/comments?post=14833"}],"wp:featuredmedia":[{"embeddable":true,"href":"https:\/\/nordicmart.andreevmaster.com\/sv\/wp-json\/wp\/v2\/media\/42729"}],"wp:attachment":[{"href":"https:\/\/nordicmart.andreevmaster.com\/sv\/wp-json\/wp\/v2\/media?parent=14833"}],"wp:term":[{"taxonomy":"product_brand","embeddable":true,"href":"https:\/\/nordicmart.andreevmaster.com\/sv\/wp-json\/wp\/v2\/product_brand?post=14833"},{"taxonomy":"product_cat","embeddable":true,"href":"https:\/\/nordicmart.andreevmaster.com\/sv\/wp-json\/wp\/v2\/product_cat?post=14833"},{"taxonomy":"product_tag","embeddable":true,"href":"https:\/\/nordicmart.andreevmaster.com\/sv\/wp-json\/wp\/v2\/product_tag?post=14833"}],"curies":[{"name":"wp","href":"https:\/\/api.w.org\/{rel}","templated":true}]}}