{"id":14832,"date":"2026-02-27T00:23:38","date_gmt":"2026-02-27T00:23:38","guid":{"rendered":"https:\/\/nordicmart.andreevmaster.com\/product\/songmics-monitorstativ\/"},"modified":"2026-02-27T08:15:35","modified_gmt":"2026-02-27T08:15:35","slug":"songmics-monitorstativ","status":"publish","type":"product","link":"https:\/\/nordicmart.andreevmaster.com\/sv\/produkt\/songmics-monitorstativ\/","title":{"rendered":"SONGMICS Monitorstativ"},"content":{"rendered":"<p>SONGMICS Monitorstativ, sk\u00e4rmstativ, 2 niv\u00e5er, laptopstativ, sk\u00e4rmh\u00f6jare, bordorganiserare, platsbesparande, tr\u00e4utseende, vintage, m\u00f6rkbrun LLD101BY<\/p>\n","protected":false},"excerpt":{"rendered":"<p>SONGMICS Monitorstativ, sk\u00e4rmstativ, 2 niv\u00e5er, laptopstativ, sk\u00e4rmh\u00f6jare, bordorganiserare, platsbesparande, tr\u00e4utseende, vintage, m\u00f6rkbrun LLD101BY<\/p>\n","protected":false},"featured_media":42728,"comment_status":"open","ping_status":"closed","template":"","meta":[],"product_brand":[],"product_cat":[33],"product_tag":[],"class_list":{"0":"post-14832","1":"product","2":"type-product","3":"status-publish","4":"has-post-thumbnail","6":"product_cat-okategoriserad","8":"first","9":"instock","10":"shipping-taxable","11":"purchasable","12":"product-type-simple"},"_links":{"self":[{"href":"https:\/\/nordicmart.andreevmaster.com\/sv\/wp-json\/wp\/v2\/product\/14832","targetHints":{"allow":["GET"]}}],"collection":[{"href":"https:\/\/nordicmart.andreevmaster.com\/sv\/wp-json\/wp\/v2\/product"}],"about":[{"href":"https:\/\/nordicmart.andreevmaster.com\/sv\/wp-json\/wp\/v2\/types\/product"}],"replies":[{"embeddable":true,"href":"https:\/\/nordicmart.andreevmaster.com\/sv\/wp-json\/wp\/v2\/comments?post=14832"}],"wp:featuredmedia":[{"embeddable":true,"href":"https:\/\/nordicmart.andreevmaster.com\/sv\/wp-json\/wp\/v2\/media\/42728"}],"wp:attachment":[{"href":"https:\/\/nordicmart.andreevmaster.com\/sv\/wp-json\/wp\/v2\/media?parent=14832"}],"wp:term":[{"taxonomy":"product_brand","embeddable":true,"href":"https:\/\/nordicmart.andreevmaster.com\/sv\/wp-json\/wp\/v2\/product_brand?post=14832"},{"taxonomy":"product_cat","embeddable":true,"href":"https:\/\/nordicmart.andreevmaster.com\/sv\/wp-json\/wp\/v2\/product_cat?post=14832"},{"taxonomy":"product_tag","embeddable":true,"href":"https:\/\/nordicmart.andreevmaster.com\/sv\/wp-json\/wp\/v2\/product_tag?post=14832"}],"curies":[{"name":"wp","href":"https:\/\/api.w.org\/{rel}","templated":true}]}}